{"id":1410790591,"date":"2026-04-15T13:04:18","date_gmt":"2026-04-15T16:04:18","guid":{"rendered":"https:\/\/dinhosreef.com\/?page_id=1410790591"},"modified":"2026-04-16T14:52:26","modified_gmt":"2026-04-16T17:52:26","slug":"cupom-de-desconto","status":"publish","type":"page","link":"https:\/\/dinhosreef.com\/en\/cupom-de-desconto\/","title":{"rendered":"Cupom de desconto"},"content":{"rendered":"<div data-elementor-type=\"wp-page\" data-elementor-id=\"1410790591\" class=\"elementor elementor-1410790591\" data-elementor-settings=\"{&quot;element_pack_global_tooltip_width&quot;:{&quot;unit&quot;:&quot;px&quot;,&quot;size&quot;:&quot;&quot;,&quot;sizes&quot;:[]},&quot;element_pack_global_tooltip_width_tablet&quot;:{&quot;unit&quot;:&quot;px&quot;,&quot;size&quot;:&quot;&quot;,&quot;sizes&quot;:[]},&quot;element_pack_global_tooltip_width_mobile&quot;:{&quot;unit&quot;:&quot;px&quot;,&quot;size&quot;:&quot;&quot;,&quot;sizes&quot;:[]},&quot;element_pack_global_tooltip_padding&quot;:{&quot;unit&quot;:&quot;px&quot;,&quot;top&quot;:&quot;&quot;,&quot;right&quot;:&quot;&quot;,&quot;bottom&quot;:&quot;&quot;,&quot;left&quot;:&quot;&quot;,&quot;isLinked&quot;:true},&quot;element_pack_global_tooltip_padding_tablet&quot;:{&quot;unit&quot;:&quot;px&quot;,&quot;top&quot;:&quot;&quot;,&quot;right&quot;:&quot;&quot;,&quot;bottom&quot;:&quot;&quot;,&quot;left&quot;:&quot;&quot;,&quot;isLinked&quot;:true},&quot;element_pack_global_tooltip_padding_mobile&quot;:{&quot;unit&quot;:&quot;px&quot;,&quot;top&quot;:&quot;&quot;,&quot;right&quot;:&quot;&quot;,&quot;bottom&quot;:&quot;&quot;,&quot;left&quot;:&quot;&quot;,&quot;isLinked&quot;:true},&quot;element_pack_global_tooltip_border_radius&quot;:{&quot;unit&quot;:&quot;px&quot;,&quot;top&quot;:&quot;&quot;,&quot;right&quot;:&quot;&quot;,&quot;bottom&quot;:&quot;&quot;,&quot;left&quot;:&quot;&quot;,&quot;isLinked&quot;:true},&quot;element_pack_global_tooltip_border_radius_tablet&quot;:{&quot;unit&quot;:&quot;px&quot;,&quot;top&quot;:&quot;&quot;,&quot;right&quot;:&quot;&quot;,&quot;bottom&quot;:&quot;&quot;,&quot;left&quot;:&quot;&quot;,&quot;isLinked&quot;:true},&quot;element_pack_global_tooltip_border_radius_mobile&quot;:{&quot;unit&quot;:&quot;px&quot;,&quot;top&quot;:&quot;&quot;,&quot;right&quot;:&quot;&quot;,&quot;bottom&quot;:&quot;&quot;,&quot;left&quot;:&quot;&quot;,&quot;isLinked&quot;:true}}\" wpc-filter-elementor-widget=\"1\" data-elementor-post-type=\"page\">\n\t\t\t\t<div class=\"aux-parallax-section elementor-element elementor-element-0907770 e-flex e-con-boxed e-con e-parent\" data-id=\"0907770\" data-element_type=\"container\" data-e-type=\"container\">\n\t\t\t\t\t<div class=\"e-con-inner\">\n\t\t\t\t<div class=\"elementor-element elementor-element-ee2a4af elementor-widget elementor-widget-heading\" data-id=\"ee2a4af\" data-element_type=\"widget\" data-e-type=\"widget\" data-widget_type=\"heading.default\">\n\t\t\t\t\t<h2 class=\"elementor-heading-title elementor-size-default\">\ud83d\udc9a Central de Benef\u00edcios DinhoS Reef Animal<\/h2>\t\t\t\t<\/div>\n\t\t\t\t\t<\/div>\n\t\t\t\t<\/div>\n\t\t<div class=\"aux-parallax-section elementor-element elementor-element-1e1d3cc e-flex e-con-boxed e-con e-parent\" data-id=\"1e1d3cc\" data-element_type=\"container\" data-e-type=\"container\">\n\t\t\t\t\t<div class=\"e-con-inner\">\n\t\t\t\t<div class=\"elementor-element elementor-element-4dc2240 elementor-widget elementor-widget-html\" data-id=\"4dc2240\" data-element_type=\"widget\" data-e-type=\"widget\" data-widget_type=\"html.default\">\n\t\t\t\t\t<style>\r\n.cupons-container {\r\n    display: grid;\r\n    grid-template-columns: repeat(auto-fit, minmax(260px, 1fr));\r\n    gap: 20px;\r\n    padding: 20px;\r\n}\r\n\r\n.cupom-card {\r\n    background: linear-gradient(135deg, #0b3d91, #1e90ff);\r\n    border-radius: 16px;\r\n    padding: 20px;\r\n    color: #fff;\r\n    position: relative;\r\n    box-shadow: 0 10px 25px rgba(0,0,0,0.2);\r\n    transition: 0.3s;\r\n}\r\n\r\n.cupom-card:hover {\r\n    transform: translateY(-5px);\r\n}\r\n\r\n\/* \ud83d\udd35 PRO *\/\r\n.pro {\r\n    background: linear-gradient(135deg, #b8860b, #ffd700);\r\n    color: #000;\r\n}\r\n\r\n\/* \ud83d\udfe2 MAIS USADO (CARD INTEIRO VERDE) *\/\r\n.mais-usado {\r\n    background: linear-gradient(135deg, #1e7e34, #28a745);\r\n    border: 2px solid #34d058;\r\n    color: #fff;\r\n}\r\n\r\n\/* destaque KIT *\/\r\n.destaque {\r\n    border: 2px solid #ffd700;\r\n}\r\n\r\n\/* selo padr\u00e3o *\/\r\n.cupom-tipo {\r\n    font-size: 12px;\r\n    background: #ffd700;\r\n    color: #000;\r\n    padding: 5px 10px;\r\n    border-radius: 20px;\r\n    display: inline-block;\r\n    font-weight: bold;\r\n}\r\n\r\n\/* selo verde (MAIS USADO) *\/\r\n.cupom-tipo-mais-usado {\r\n    font-size: 12px;\r\n    background: #ffd700;\r\n    color: #333;\r\n    padding: 5px 10px;\r\n    border-radius: 20px;\r\n    display: inline-block;\r\n    font-weight: bold;\r\n}\r\n\r\n.cupom-titulo {\r\n    font-size: 20px;\r\n    font-weight: bold;\r\n    margin: 10px 0;\r\n}\r\n\r\n.cupom-codigo {\r\n    background: #fff;\r\n    color: #000;\r\n    padding: 10px;\r\n    border-radius: 8px;\r\n    text-align: center;\r\n    font-weight: bold;\r\n    letter-spacing: 2px;\r\n    margin: 10px 0;\r\n}\r\n\r\n.cupom-desc {\r\n    font-size: 14px;\r\n    margin-bottom: 15px;\r\n}\r\n\r\n.btn-copiar {\r\n    background: #ffd700;\r\n    color: #000;\r\n    border: none;\r\n    padding: 10px;\r\n    width: 100%;\r\n    border-radius: 8px;\r\n    cursor: pointer;\r\n    font-weight: bold;\r\n}\r\n\r\n.btn-copiar:hover {\r\n    background: #ffcc00;\r\n}\r\n<\/style>\r\n\r\n\r\n\r\n<div class=\"cupons-container\">\r\n\r\n    <!-- NOVO CLIENTE -->\r\n    <div class=\"cupom-card\">\r\n        <div class=\"cupom-tipo\">NOVOS CLIENTES<\/div>\r\n        <div class=\"cupom-titulo\">Ganhe R$10 OFF<\/div>\r\n        <div class=\"cupom-codigo\" id=\"cupom1\">BEMVINDO10<\/div>\r\n        <div class=\"cupom-desc\">\r\n            V\u00e1lido para primeira compra acima de R$30\r\n        <\/div>\r\n        <button class=\"btn-copiar\" onclick=\"copiarCupom('cupom1')\">Copiar Cupom<\/button>\r\n    <\/div>\r\n\r\n    <!-- PRO -->\r\n    <div class=\"cupom-card pro\">\r\n        <div class=\"cupom-tipo\">EXCLUSIVO PRO<\/div>\r\n        <div class=\"cupom-titulo\">R$10 de desconto<\/div>\r\n        <div class=\"cupom-codigo\" id=\"cupom2\">DESCONTO10<\/div>\r\n        <div class=\"cupom-desc\">\r\n            V\u00e1lido para novos membros do DinhoS Club PRO.\r\n        <\/div>\r\n        <button class=\"btn-copiar\" onclick=\"copiarCupom('cupom2')\">Copiar Cupom<\/button>\r\n    <\/div>\r\n\r\n    <!-- FRETE -->\r\n    <div class=\"cupom-card\">\r\n        <div class=\"cupom-tipo\">PROMO\u00c7\u00c3O<\/div>\r\n        <div class=\"cupom-titulo\">Frete Gr\u00e1tis<\/div>\r\n        <div class=\"cupom-codigo\" id=\"cupom3\">FRETEGRATIS<\/div>\r\n        <div class=\"cupom-desc\">\r\n            Compras acima de R$99\r\n        <\/div>\r\n        <button class=\"btn-copiar\" onclick=\"copiarCupom('cupom3')\">Copiar Cupom<\/button>\r\n    <\/div>\r\n\r\n    <!-- AQUARIO -->\r\n    <div class=\"cupom-card\">\r\n        <div class=\"cupom-tipo\">AQUARISMO<\/div>\r\n        <div class=\"cupom-titulo\">R$10 OFF em Aqu\u00e1rios<\/div>\r\n        <div class=\"cupom-codigo\" id=\"cupom4\">AQUARIO10<\/div>\r\n        <div class=\"cupom-desc\">\r\n            Compras acima de R$80\r\n        <\/div>\r\n        <button class=\"btn-copiar\" onclick=\"copiarCupom('cupom4')\">Copiar Cupom<\/button>\r\n    <\/div>\r\n\r\n    <!-- PET -->\r\n    <div class=\"cupom-card\">\r\n        <div class=\"cupom-tipo\">PET SHOP<\/div>\r\n        <div class=\"cupom-titulo\">R$10 OFF em Pet<\/div>\r\n        <div class=\"cupom-codigo\" id=\"cupom5\">PET10<\/div>\r\n        <div class=\"cupom-desc\">\r\n            Compras acima de R$60\r\n        <\/div>\r\n        <button class=\"btn-copiar\" onclick=\"copiarCupom('cupom5')\">Copiar Cupom<\/button>\r\n    <\/div>\r\n\r\n    <!-- KIT (MAIS USADO - VERDE) -->\r\n    <div class=\"cupom-card mais-usado destaque\">\r\n        <div class=\"cupom-tipo-mais-usado\">\ud83d\udd25 MAIS USADO<\/div>\r\n        <div class=\"cupom-titulo\">R$10 OFF em Kits<\/div>\r\n        <div class=\"cupom-codigo\" id=\"cupom6\">KIT10<\/div>\r\n        <div class=\"cupom-desc\">\r\n            V\u00e1lido para kits promocionais  \r\n            Compras acima de R$149\r\n        <\/div>\r\n        <button class=\"btn-copiar\" onclick=\"copiarCupom('cupom6')\">Copiar Cupom<\/button>\r\n    <\/div>\r\n    \r\n    <div class=\"cupom-card\">\r\n\r\n    <div class=\"cupom-tipo\">\ud83d\udd25 PRIMEIRA COMPRA<\/div>\r\n\r\n    <div class=\"cupom-titulo\">10% OFF em todo o site<\/div>\r\n\r\n    <div class=\"cupom-codigo\" id=\"cupom7\">SUPERPET<\/div>\r\n\r\n    <div class=\"cupom-desc\">\r\n        V\u00e1lido para todos os produtos do site<br>\r\n        Exceto benef\u00edcios acumulados\r\n    <\/div>\r\n\r\n    <button class=\"btn-copiar\" onclick=\"copiarCupom('cupom7')\">\r\n        Copiar Cupom\r\n    <\/button>\r\n\r\n<\/div>\r\n\r\n<\/div>\r\n\r\n<script>\r\nfunction copiarCupom(id) {\r\n    var texto = document.getElementById(id).innerText;\r\n    navigator.clipboard.writeText(texto);\r\n    alert(\"\ud83c\udf89 Cupom copiado: \" + texto);\r\n}\r\n<\/script>\t\t\t\t<\/div>\n\t\t\t\t\t<\/div>\n\t\t\t\t<\/div>\n\t\t\t\t<\/div>","protected":false},"excerpt":{"rendered":"<p>\ud83d\udc9a Central de Benef\u00edcios DinhoS Reef Animal NOVOS CLIENTES Ganhe R$10 OFF BEMVINDO10 V\u00e1lido para primeira compra acima de R$30 Copiar Cupom EXCLUSIVO PRO R$10 de desconto DESCONTO10 V\u00e1lido para novos membros do DinhoS Club PRO. Copiar Cupom PROMO\u00c7\u00c3O Frete Gr\u00e1tis FRETEGRATIS Compras acima de R$99 Copiar Cupom AQUARISMO R$10 OFF em Aqu\u00e1rios AQUARIO10 Compras [&hellip;]<\/p>\n","protected":false},"author":1,"featured_media":0,"parent":0,"menu_order":0,"comment_status":"closed","ping_status":"closed","template":"","meta":{"googlesitekit_rrm_CAow0N7NCw:productID":"","content-type":"","pmpro_default_level":"","_themeisle_gutenberg_block_has_review":false,"footnotes":""},"class_list":["post-1410790591","page","type-page","status-publish","hentry","pmpro-has-access"],"_links":{"self":[{"href":"https:\/\/dinhosreef.com\/en\/wp-json\/wp\/v2\/pages\/1410790591","targetHints":{"allow":["GET"]}}],"collection":[{"href":"https:\/\/dinhosreef.com\/en\/wp-json\/wp\/v2\/pages"}],"about":[{"href":"https:\/\/dinhosreef.com\/en\/wp-json\/wp\/v2\/types\/page"}],"author":[{"embeddable":true,"href":"https:\/\/dinhosreef.com\/en\/wp-json\/wp\/v2\/users\/1"}],"replies":[{"embeddable":true,"href":"https:\/\/dinhosreef.com\/en\/wp-json\/wp\/v2\/comments?post=1410790591"}],"version-history":[{"count":31,"href":"https:\/\/dinhosreef.com\/en\/wp-json\/wp\/v2\/pages\/1410790591\/revisions"}],"predecessor-version":[{"id":1410790649,"href":"https:\/\/dinhosreef.com\/en\/wp-json\/wp\/v2\/pages\/1410790591\/revisions\/1410790649"}],"wp:attachment":[{"href":"https:\/\/dinhosreef.com\/en\/wp-json\/wp\/v2\/media?parent=1410790591"}],"curies":[{"name":"wp","href":"https:\/\/api.w.org\/{rel}","templated":true}]}}