{"id":1410790694,"date":"2026-04-16T22:57:11","date_gmt":"2026-04-17T01:57:11","guid":{"rendered":"https:\/\/dinhosreef.com\/?page_id=1410790694"},"modified":"2026-04-22T20:59:45","modified_gmt":"2026-04-22T23:59:45","slug":"todos-os-peixes-marinhos","status":"publish","type":"page","link":"https:\/\/dinhosreef.com\/en\/todos-os-peixes-marinhos\/","title":{"rendered":"Todos os Peixes Marinhos"},"content":{"rendered":"<div data-elementor-type=\"wp-page\" data-elementor-id=\"1410790694\" class=\"elementor elementor-1410790694\" data-elementor-settings=\"{&quot;element_pack_global_tooltip_width&quot;:{&quot;unit&quot;:&quot;px&quot;,&quot;size&quot;:&quot;&quot;,&quot;sizes&quot;:[]},&quot;element_pack_global_tooltip_width_tablet&quot;:{&quot;unit&quot;:&quot;px&quot;,&quot;size&quot;:&quot;&quot;,&quot;sizes&quot;:[]},&quot;element_pack_global_tooltip_width_mobile&quot;:{&quot;unit&quot;:&quot;px&quot;,&quot;size&quot;:&quot;&quot;,&quot;sizes&quot;:[]},&quot;element_pack_global_tooltip_padding&quot;:{&quot;unit&quot;:&quot;px&quot;,&quot;top&quot;:&quot;&quot;,&quot;right&quot;:&quot;&quot;,&quot;bottom&quot;:&quot;&quot;,&quot;left&quot;:&quot;&quot;,&quot;isLinked&quot;:true},&quot;element_pack_global_tooltip_padding_tablet&quot;:{&quot;unit&quot;:&quot;px&quot;,&quot;top&quot;:&quot;&quot;,&quot;right&quot;:&quot;&quot;,&quot;bottom&quot;:&quot;&quot;,&quot;left&quot;:&quot;&quot;,&quot;isLinked&quot;:true},&quot;element_pack_global_tooltip_padding_mobile&quot;:{&quot;unit&quot;:&quot;px&quot;,&quot;top&quot;:&quot;&quot;,&quot;right&quot;:&quot;&quot;,&quot;bottom&quot;:&quot;&quot;,&quot;left&quot;:&quot;&quot;,&quot;isLinked&quot;:true},&quot;element_pack_global_tooltip_border_radius&quot;:{&quot;unit&quot;:&quot;px&quot;,&quot;top&quot;:&quot;&quot;,&quot;right&quot;:&quot;&quot;,&quot;bottom&quot;:&quot;&quot;,&quot;left&quot;:&quot;&quot;,&quot;isLinked&quot;:true},&quot;element_pack_global_tooltip_border_radius_tablet&quot;:{&quot;unit&quot;:&quot;px&quot;,&quot;top&quot;:&quot;&quot;,&quot;right&quot;:&quot;&quot;,&quot;bottom&quot;:&quot;&quot;,&quot;left&quot;:&quot;&quot;,&quot;isLinked&quot;:true},&quot;element_pack_global_tooltip_border_radius_mobile&quot;:{&quot;unit&quot;:&quot;px&quot;,&quot;top&quot;:&quot;&quot;,&quot;right&quot;:&quot;&quot;,&quot;bottom&quot;:&quot;&quot;,&quot;left&quot;:&quot;&quot;,&quot;isLinked&quot;:true}}\" wpc-filter-elementor-widget=\"1\" data-elementor-post-type=\"page\">\n\t\t\t\t<div class=\"aux-parallax-section elementor-element elementor-element-8668816 e-flex e-con-boxed e-con e-parent\" data-id=\"8668816\" data-element_type=\"container\" data-e-type=\"container\">\n\t\t\t\t\t<div class=\"e-con-inner\">\n\t\t\t\t<div class=\"elementor-element elementor-element-ffd1530 bdt-scroll-effect-yes bdt-scroll-effect-scroll_fill elementor-widget elementor-widget-heading\" data-id=\"ffd1530\" data-element_type=\"widget\" data-e-type=\"widget\" data-settings=\"{&quot;ep_widget_sf_fx_enable&quot;:&quot;yes&quot;,&quot;ep_widget_sf_fx_animation_type&quot;:&quot;scroll_fill&quot;}\" data-widget_type=\"heading.default\">\n\t\t\t\t\t<h1 class=\"elementor-heading-title elementor-size-default\">Central de Conhecimento DinhoS Reef<\/h1>\t\t\t\t<\/div>\n\t\t\t\t\t<\/div>\n\t\t\t\t<\/div>\n\t\t<div class=\"aux-parallax-section elementor-element elementor-element-c09cecc e-flex e-con-boxed e-con e-parent\" data-id=\"c09cecc\" data-element_type=\"container\" data-e-type=\"container\">\n\t\t\t\t\t<div class=\"e-con-inner\">\n\t\t\t\t<div class=\"elementor-element elementor-element-4500826 elementor-widget elementor-widget-html\" data-id=\"4500826\" data-element_type=\"widget\" data-e-type=\"widget\" data-widget_type=\"html.default\">\n\t\t\t\t\t<div style=\"  max-width:1200px;  margin:auto;  padding:20px 10px;  font-family:Arial, sans-serif;  background:linear-gradient(180deg,#f8fcff 0%, #ffffff 100%);\">\r\n\r\n  <div style=\"text-align:center;margin-bottom:30px;\">\r\n    <h1 style=\"      font-size:34px;      margin-bottom:8px;      font-weight:bold;      background:linear-gradient(90deg,#00a8ff,#00e5ff);      -webkit-background-clip:text;      -webkit-text-fill-color:transparent;      text-shadow:0 0 25px rgba(0,168,255,0.25);\">\r\n      Guia Completo de Peixes Marinhos\r\n    <\/h1>\r\n\r\n    <p style=\"      font-size:16px;      color:#555;      line-height:1.6;      max-width:720px;      margin:auto;\">\r\n      Explore esp\u00e9cies selecionadas para aqu\u00e1rios marinhos. Escolha o peixe certo para o seu aqu\u00e1rio! \r\n      <strong>Escolha uma categoria abaixo<\/strong> para visualizar os peixes dispon\u00edveis.\r\n    <\/p>\r\n\r\n    <div style=\"      margin-top:15px;      display:inline-block;      background:#f5fbff;      border:1px solid #d6f0ff;      padding:10px 18px;      border-radius:25px;      color:#0077b6;      font-size:13px;      box-shadow:0 4px 12px rgba(0,168,255,0.08);\">\r\n      \ud83d\udc49 Clique em uma categoria para explorar o Guia Reef\r\n    <\/div>\r\n  <\/div>\r\n\r\n  <style>\r\n    .card-premium{\r\n      background:#fff;\r\n      border-radius:16px;\r\n      overflow:hidden;\r\n      box-shadow:0 6px 18px rgba(0,0,0,0.08);\r\n      transition:all 0.35s ease;\r\n      position:relative;\r\n      cursor:pointer;\r\n    }\r\n    .card-premium:hover{\r\n      transform:translateY(-10px) scale(1.05);\r\n      box-shadow:0 20px 40px rgba(0,150,255,0.35);\r\n    }\r\n\r\n    \/* brilho suave premium *\/\r\n    .card-premium::after{\r\n      content:\"\";\r\n      position:absolute;\r\n      top:-50%;\r\n      left:-50%;\r\n      width:200%;\r\n      height:200%;\r\n      background:radial-gradient(circle, rgba(0,180,255,0.12), transparent 60%);\r\n      opacity:0;\r\n      transition:0.4s;\r\n    }\r\n    .card-premium:hover::after{\r\n      opacity:1;\r\n    }\r\n\r\n    .card-img{\r\n      height:140px;\r\n      overflow:hidden;\r\n    }\r\n    .card-img img{\r\n      width:100%;\r\n      height:100%;\r\n      object-fit:cover;\r\n    }\r\n\r\n    .card-content{\r\n      padding:15px;\r\n    }\r\n    .card-content p{\r\n      font-size:13px;\r\n      color:#777;\r\n      margin-top:5px;\r\n    }\r\n\r\n    \/* BOT\u00c3O NOVO *\/\r\n    .card-btn{\r\n      margin-top:10px;\r\n      display:inline-block;\r\n      font-size:12px;\r\n      padding:6px 12px;\r\n      border-radius:20px;\r\n      background:linear-gradient(90deg,#00a8ff,#00e5ff);\r\n      color:#fff;\r\n      font-weight:bold;\r\n      text-decoration:none;\r\n      box-shadow:0 4px 10px rgba(0,168,255,0.3);\r\n      transition:0.3s;\r\n    }\r\n\r\n    .card-btn:hover{\r\n      transform:scale(1.08);\r\n      box-shadow:0 6px 18px rgba(0,168,255,0.6);\r\n    }\r\n  <\/style>\r\n\r\n  <div style=\"    display:grid;    grid-template-columns:repeat(auto-fit,minmax(240px,1fr));    gap:22px;    margin-top:20px;  \">\r\n\r\n    <!-- EXEMPLO (replicado para todos) -->\r\n    <a href=\"\/en\/anjos\/\">\r\n      <div class=\"card-premium\">\r\n        <div class=\"card-img\">\r\n          <img decoding=\"async\" src=\"https:\/\/dinhosreef.com\/wp-content\/uploads\/2026\/04\/Blue-Face-Angelfish-juvenil.webp\">\r\n        <\/div>\r\n        <div class=\"card-content\">\r\n          <strong>\ud83d\udc20 Anjos<\/strong>\r\n          <p>Elegantes e destaque<\/p>\r\n          <span class=\"card-btn\">Explorar \u2192<\/span>\r\n        <\/div>\r\n      <\/div>\r\n    <\/a>\r\n\r\n    <a href=\"\/en\/anthias\/\"><div class=\"card-premium\"><div class=\"card-img\"><img decoding=\"async\" src=\"https:\/\/dinhosreef.com\/wp-content\/uploads\/2026\/02\/59970adb11b81ebf0aced00d6e243b37.png\"><\/div><div class=\"card-content\"><strong>\ud83d\udc1f Anthias<\/strong><p>Coloridos e ativos<\/p><span class=\"card-btn\">Explorar \u2192<\/span><\/div><\/div><\/a>\r\n\r\n    <a href=\"\/en\/basslet\/\"><div class=\"card-premium\"><div class=\"card-img\"><img decoding=\"async\" src=\"https:\/\/dinhosreef.com\/wp-content\/uploads\/2026\/04\/c19ba86dbd02d47744343caaa1af77ad.webp\"><\/div><div class=\"card-content\"><strong>\ud83d\udc1f Basslet<\/strong><p>Pequenos e resistentes<\/p><span class=\"card-btn\">Explorar \u2192<\/span><\/div><\/div><\/a>\r\n\r\n    <a href=\"\/en\/blenios\/\"><div class=\"card-premium\"><div class=\"card-img\"><img decoding=\"async\" src=\"https:\/\/dinhosreef.com\/wp-content\/uploads\/2026\/02\/ff84ab568b4fad092b79044c864ce319.webp\"><\/div><div class=\"card-content\"><strong>\ud83d\udc1f Bl\u00eanios<\/strong><p>Controle de algas<\/p><span class=\"card-btn\">Explorar \u2192<\/span><\/div><\/div><\/a>\r\n\r\n    <a href=\"\/en\/butterfly\/\"><div class=\"card-premium\"><div class=\"card-img\"><img decoding=\"async\" src=\"https:\/\/dinhosreef.com\/wp-content\/uploads\/2026\/02\/89b4da5a840984605e1640f3f3e27792.webp\"><\/div><div class=\"card-content\"><strong>\ud83e\udd8b Butterfly<\/strong><p>Ex\u00f3ticos e delicados<\/p><span class=\"card-btn\">Explorar \u2192<\/span><\/div><\/div><\/a>\r\n\r\n    <a href=\"\/en\/cardinal\/\"><div class=\"card-premium\"><div class=\"card-img\"><img decoding=\"async\" src=\"https:\/\/dinhosreef.com\/wp-content\/uploads\/2026\/02\/004cda197023061567a6045cfd32012c.webp\"><\/div><div class=\"card-content\"><strong>\ud83d\udc1f Cardinal<\/strong><p>Pac\u00edficos e f\u00e1ceis<\/p><span class=\"card-btn\">Explorar \u2192<\/span><\/div><\/div><\/a>\r\n\r\n    <a href=\"\/en\/clownfish\/\"><div class=\"card-premium\"><div class=\"card-img\"><img decoding=\"async\" src=\"https:\/\/dinhosreef.com\/wp-content\/uploads\/2026\/04\/a668dd269b435dc8f575757f74ed6767.png\"><\/div><div class=\"card-content\"><strong>\ud83d\udc20 Clownfish<\/strong><p>Os famosos palha\u00e7os<\/p><span class=\"card-btn\">Explorar \u2192<\/span><\/div><\/div><\/a>\r\n\r\n    <a href=\"\/en\/damsel\/\"><div class=\"card-premium\"><div class=\"card-img\"><img decoding=\"async\" src=\"https:\/\/dinhosreef.com\/wp-content\/uploads\/2026\/03\/8d5ff1559f138eb9005358f10c52b0ef.png\"><\/div><div class=\"card-content\"><strong>\ud83d\udc1f Damsel<\/strong><p>Resistentes<\/p><span class=\"card-btn\">Explorar \u2192<\/span><\/div><\/div><\/a>\r\n\r\n    <a href=\"\/en\/dartfish\/\"><div class=\"card-premium\"><div class=\"card-img\"><img decoding=\"async\" src=\"https:\/\/dinhosreef.com\/wp-content\/uploads\/2025\/11\/ce25a75dacbb2816091eebadae74ba37.jpg\"><\/div><div class=\"card-content\"><strong>\ud83d\udc1f Dartfish \/ Tilefish<\/strong><p>\u00c1geis e pac\u00edficos<\/p><span class=\"card-btn\">Explorar \u2192<\/span><\/div><\/div><\/a>\r\n\r\n    <a href=\"\/en\/dottyback\/\"><div class=\"card-premium\"><div class=\"card-img\"><img decoding=\"async\" src=\"https:\/\/dinhosreef.com\/wp-content\/uploads\/2025\/09\/7954e74e4394dedb512699dcf7b7e884.png\"><\/div><div class=\"card-content\"><strong>\ud83d\udc1f Dottyback<\/strong><p>Pequenos e territoriais<\/p><span class=\"card-btn\">Explorar \u2192<\/span><\/div><\/div><\/a>\r\n\r\n    <a href=\"\/en\/dragonets\/\"><div class=\"card-premium\"><div class=\"card-img\"><img decoding=\"async\" src=\"https:\/\/dinhosreef.com\/wp-content\/uploads\/2026\/03\/d7a154afdfde08a6b1a36792c01763e1.jpeg\"><\/div><div class=\"card-content\"><strong>\ud83d\udc1f Dragonets<\/strong><p>Ex\u00f3ticos e delicados<\/p><span class=\"card-btn\">Explorar \u2192<\/span><\/div><\/div><\/a>\r\n\r\n    <a href=\"\/en\/foxface-rabbitfish\/\"><div class=\"card-premium\"><div class=\"card-img\"><img decoding=\"async\" src=\"https:\/\/dinhosreef.com\/wp-content\/uploads\/2025\/08\/9c88e6567d437467fcac6bf96a443be2.jpg\"><\/div><div class=\"card-content\"><strong>\ud83d\udc20 Foxface \/ Rabbitfish<\/strong><p>Controle de algas<\/p><span class=\"card-btn\">Explorar \u2192<\/span><\/div><\/div><\/a>\r\n\r\n    <a href=\"\/en\/gobies\/\"><div class=\"card-premium\"><div class=\"card-img\"><img decoding=\"async\" src=\"https:\/\/dinhosreef.com\/wp-content\/uploads\/2026\/02\/1e6f631ae50d893ada8e6803d4d21108.jpg\"><\/div><div class=\"card-content\"><strong>\ud83d\udc1f Gobies<\/strong><p>Pequenos e \u00fateis<\/p><span class=\"card-btn\">Explorar \u2192<\/span><\/div><\/div><\/a>\r\n\r\n    <a href=\"\/en\/hawkfish\/\"><div class=\"card-premium\"><div class=\"card-img\"><img decoding=\"async\" src=\"https:\/\/dinhosreef.com\/wp-content\/uploads\/2026\/01\/9c5a59c56342e4338f33fda4faf83b67.jpg\"><\/div><div class=\"card-content\"><strong>\ud83d\udc1f Hawkfish<\/strong><p>Observadores e resistentes<\/p><span class=\"card-btn\">Explorar \u2192<\/span><\/div><\/div><\/a>\r\n\r\n    <a href=\"\/en\/miscelania\/\"><div class=\"card-premium\"><div class=\"card-img\"><img decoding=\"async\" src=\"https:\/\/dinhosreef.com\/wp-content\/uploads\/2025\/09\/7d0250c67bb763300c102457c3755777.jpg\"><\/div><div class=\"card-content\"><strong>\ud83d\udc20 Miscel\u00e2nia<\/strong><p>Esp\u00e9cies variadas<\/p><span class=\"card-btn\">Explorar \u2192<\/span><\/div><\/div><\/a>\r\n\r\n    <a href=\"\/en\/pipefish\/\"><div class=\"card-premium\"><div class=\"card-img\"><img decoding=\"async\" src=\"https:\/\/dinhosreef.com\/wp-content\/uploads\/2026\/04\/39eaff837c9ed5a4fc1e87d624342bb1.webp\"><\/div><div class=\"card-content\"><strong>\ud83d\udc1f Pipefish<\/strong><p>Semelhantes a cavalos-marinhos<\/p><span class=\"card-btn\">Explorar \u2192<\/span><\/div><\/div><\/a>\r\n\r\n    <a href=\"\/en\/puffer\/\"><div class=\"card-premium\"><div class=\"card-img\"><img decoding=\"async\" src=\"https:\/\/dinhosreef.com\/wp-content\/uploads\/2026\/03\/7624970e662cab1367ce2a9cf6e12895.jpeg\"><\/div><div class=\"card-content\"><strong>\ud83d\udc21 Puffer<\/strong><p>Inteligentes e \u00fanicos<\/p><span class=\"card-btn\">Explorar \u2192<\/span><\/div><\/div><\/a>\r\n\r\n    <a href=\"https:\/\/dinhosreef.com\/en\/tangs-e-cirurgioes\/\"><div class=\"card-premium\"><div class=\"card-img\"><img decoding=\"async\" src=\"https:\/\/dinhosreef.com\/wp-content\/uploads\/2026\/01\/d03f7e0c5cc288076eb5d846a4adb8c9-1-403x403.webp\"><\/div><div class=\"card-content\"><strong>\ud83d\udc20 Tangs<\/strong><p>Controle de algas<\/p><span class=\"card-btn\">Explorar \u2192<\/span><\/div><\/div><\/a>\r\n\r\n    <a href=\"\/en\/trigger\/\"><div class=\"card-premium\"><div class=\"card-img\"><img decoding=\"async\" src=\"https:\/\/dinhosreef.com\/wp-content\/uploads\/2026\/04\/0d8a9e5917ae4049291337dc946c33eb.jpg\"><\/div><div class=\"card-content\"><strong>\ud83d\udc1f Trigger<\/strong><p>Fortes e inteligentes<\/p><span class=\"card-btn\">Explorar \u2192<\/span><\/div><\/div><\/a>\r\n\r\n    <a href=\"\/en\/wrasses\/\"><div class=\"card-premium\"><div class=\"card-img\"><img decoding=\"async\" src=\"https:\/\/dinhosreef.com\/wp-content\/uploads\/2026\/04\/17f98d639152700c384aa3c90967b17a.webp\"><\/div><div class=\"card-content\"><strong>\ud83d\udc1f Wrasses<\/strong><p>Coloridos e ativos<\/p><span class=\"card-btn\">Explorar \u2192<\/span><\/div><\/div><\/a>\r\n\r\n  <\/div>\r\n<\/div>\t\t\t\t<\/div>\n\t\t\t\t\t<\/div>\n\t\t\t\t<\/div>\n\t\t\t\t<\/div>","protected":false},"excerpt":{"rendered":"<p>Central de Conhecimento DinhoS Reef Guia Completo de Peixes Marinhos Explore esp\u00e9cies selecionadas para aqu\u00e1rios marinhos. Escolha o peixe certo para o seu aqu\u00e1rio! Escolha uma categoria abaixo para visualizar os peixes dispon\u00edveis. \ud83d\udc49 Clique em uma categoria para explorar o Guia Reef \ud83d\udc20 Anjos Elegantes e destaque Explorar \u2192 \ud83d\udc1f Anthias Coloridos e ativos [&hellip;]<\/p>\n","protected":false},"author":1,"featured_media":0,"parent":0,"menu_order":0,"comment_status":"closed","ping_status":"closed","template":"","meta":{"googlesitekit_rrm_CAow0N7NCw:productID":"","content-type":"","pmpro_default_level":"","_themeisle_gutenberg_block_has_review":false,"footnotes":""},"class_list":["post-1410790694","page","type-page","status-publish","hentry","pmpro-has-access"],"_links":{"self":[{"href":"https:\/\/dinhosreef.com\/en\/wp-json\/wp\/v2\/pages\/1410790694","targetHints":{"allow":["GET"]}}],"collection":[{"href":"https:\/\/dinhosreef.com\/en\/wp-json\/wp\/v2\/pages"}],"about":[{"href":"https:\/\/dinhosreef.com\/en\/wp-json\/wp\/v2\/types\/page"}],"author":[{"embeddable":true,"href":"https:\/\/dinhosreef.com\/en\/wp-json\/wp\/v2\/users\/1"}],"replies":[{"embeddable":true,"href":"https:\/\/dinhosreef.com\/en\/wp-json\/wp\/v2\/comments?post=1410790694"}],"version-history":[{"count":59,"href":"https:\/\/dinhosreef.com\/en\/wp-json\/wp\/v2\/pages\/1410790694\/revisions"}],"predecessor-version":[{"id":1410791434,"href":"https:\/\/dinhosreef.com\/en\/wp-json\/wp\/v2\/pages\/1410790694\/revisions\/1410791434"}],"wp:attachment":[{"href":"https:\/\/dinhosreef.com\/en\/wp-json\/wp\/v2\/media?parent=1410790694"}],"curies":[{"name":"wp","href":"https:\/\/api.w.org\/{rel}","templated":true}]}}