{"id":1410790846,"date":"2026-04-17T16:04:56","date_gmt":"2026-04-17T19:04:56","guid":{"rendered":"https:\/\/dinhosreef.com\/?page_id=1410790846"},"modified":"2026-04-17T16:05:02","modified_gmt":"2026-04-17T19:05:02","slug":"blenios","status":"publish","type":"page","link":"https:\/\/dinhosreef.com\/en\/blenios\/","title":{"rendered":"Bl\u00eanios"},"content":{"rendered":"<div style=\"max-width:1100px; margin:auto; padding:10px; font-family:Arial, sans-serif;\">\n\n  <h1 style=\"margin-bottom:10px;\">\ud83d\udc20 Bl\u00eanios Marinhos (Blennies)<\/h1>\n\n  <p style=\"font-size:16px; color:#555; line-height:1.6;\">\n    Os bl\u00eanios s\u00e3o peixes marinhos carism\u00e1ticos, conhecidos por seu comportamento curioso e utilidade no aqu\u00e1rio.\n    Muitos ajudam no controle de algas, sendo excelentes aliados para manter o equil\u00edbrio do reef.\n  <\/p>\n\n  <hr style=\"margin:25px 0;\">\n\n  <h2>\ud83d\udc1f Esp\u00e9cies Dispon\u00edveis<\/h2>\n\n  <div style=\"    display:grid;    grid-template-columns:repeat(auto-fit,minmax(250px,1fr));    gap:22px;    margin-top:25px;  \">\n\n    <!-- BICOLOR BLENNY -->\n    <a href=\"\/en\/bicolor-blenny-male\/\" style=\"text-decoration:none; color:inherit;\">\n      <div style=\"        background:#fff;        border-radius:14px;        overflow:hidden;        box-shadow:0 6px 18px rgba(0,0,0,0.08);        transition:all 0.3s ease;        position:relative;      \"\n      onmouseover=\"this.style.transform='translateY(-8px) scale(1.02)'; this.style.boxShadow='0 16px 35px rgba(0,150,255,0.25)'\"\n      onmouseout=\"this.style.transform='none'; this.style.boxShadow='0 6px 18px rgba(0,0,0,0.08)'\"\n      >\n\n        <div style=\"          position:absolute;          top:-60%;          left:-60%;          width:220%;          height:220%;          background:radial-gradient(circle, rgba(0,180,255,0.18), transparent 60%);          opacity:0;          transition:0.4s;        \"\n        onmouseover=\"this.style.opacity='1'\"\n        onmouseout=\"this.style.opacity='0'\"\n        ><\/div>\n\n        <img decoding=\"async\" src=\"https:\/\/dinhosreef.com\/wp-content\/uploads\/2025\/09\/49b338435a70c4e56265ecd0ceb69b7a-770x770.jpg\"\n        style=\"width:100%; height:180px; object-fit:cover; position:relative; z-index:1;\">\n\n        <div style=\"padding:15px; position:relative; z-index:1;\">\n          <strong>Bicolor Blenny MALE<\/strong>\n          <p style=\"font-size:13px; color:#777;\">Compacto, resistente e cheio de personalidade<\/p>\n          <p>\u2b50\u2b50\u2b50\u2b50<\/p>\n        <\/div>\n      <\/div>\n    <\/a>\n\n    <!-- LAWNMOWER BLENNY -->\n    <a href=\"\/en\/lawnmower-blenny-rock-algae\/\" style=\"text-decoration:none;\">\n      <div style=\"        background:#fff;        border-radius:14px;        overflow:hidden;        box-shadow:0 6px 18px rgba(0,0,0,0.08);        transition:all 0.3s ease;        position:relative;      \"\n      onmouseover=\"this.style.transform='translateY(-8px) scale(1.02)'; this.style.boxShadow='0 16px 35px rgba(0,150,255,0.25)'\"\n      onmouseout=\"this.style.transform='none'; this.style.boxShadow='0 6px 18px rgba(0,0,0,0.08)'\"\n      >\n\n        <div style=\"          position:absolute;          top:-60%;          left:-60%;          width:220%;          height:220%;          background:radial-gradient(circle, rgba(0,180,255,0.18), transparent 60%);          opacity:0;          transition:0.4s;        \"\n        onmouseover=\"this.style.opacity='1'\"\n        onmouseout=\"this.style.opacity='0'\"\n        ><\/div>\n\n        <img decoding=\"async\" src=\"https:\/\/dinhosreef.com\/wp-content\/uploads\/2026\/02\/ff84ab568b4fad092b79044c864ce319-990x990.webp\"\n        style=\"width:100%; height:180px; object-fit:cover; position:relative; z-index:1;\">\n\n        <div style=\"padding:15px; position:relative; z-index:1;\">\n          <strong>Lawnmower Blenny<\/strong>\n          <p style=\"font-size:13px; color:#777;\">Excelente comedor de algas para reef<\/p>\n          <p>\u2b50\u2b50\u2b50\u2b50\u2b50<\/p>\n        <\/div>\n      <\/div>\n    <\/a>\n\n  <\/div>\n\n  <hr style=\"margin:25px 0;\">\n\n  <h2>\ud83d\udca1 Dica da DinhoS Reef Animal<\/h2>\n\n  <div style=\"background:#f1f8f5;padding:15px;border-radius:10px;border-left:4px solid #00c853;\">\n    Bl\u00eanios s\u00e3o \u00f3timos para controle de algas e comportamento natural no aqu\u00e1rio.\n    Mantenha rochas vivas e superf\u00edcies com biofilme para garantir alimenta\u00e7\u00e3o constante.\n  <\/div>\n\n  <!-- BOT\u00c3O VOLTAR -->\n  <div style=\"text-align:center;margin-top:30px;\">\n\n    <a href=\"https:\/\/dinhosreef.com\/en\/todos-os-peixes-marinhos\/\"\n       style=\"display:inline-block;background:#1a1a1a;color:#fff;       padding:12px 20px;border-radius:10px;text-decoration:none;font-weight:bold;\">\n      \u2190 Voltar para todos os peixes marinhos\n    <\/a>\n\n  <\/div>\n\n<\/div>","protected":false},"excerpt":{"rendered":"<p>\ud83d\udc20 Bl\u00eanios Marinhos (Blennies) Os bl\u00eanios s\u00e3o peixes marinhos carism\u00e1ticos, conhecidos por seu comportamento curioso e utilidade no aqu\u00e1rio. Muitos ajudam no controle de algas, sendo excelentes aliados para manter o equil\u00edbrio do reef. \ud83d\udc1f Esp\u00e9cies Dispon\u00edveis Bicolor Blenny MALE Compacto, resistente e cheio de personalidade \u2b50\u2b50\u2b50\u2b50 Lawnmower Blenny Excelente comedor de algas para reef [&hellip;]<\/p>\n","protected":false},"author":1,"featured_media":0,"parent":0,"menu_order":0,"comment_status":"closed","ping_status":"closed","template":"","meta":{"googlesitekit_rrm_CAow0N7NCw:productID":"","content-type":"","pmpro_default_level":"","_themeisle_gutenberg_block_has_review":false,"footnotes":""},"class_list":["post-1410790846","page","type-page","status-publish","hentry","pmpro-has-access"],"_links":{"self":[{"href":"https:\/\/dinhosreef.com\/en\/wp-json\/wp\/v2\/pages\/1410790846","targetHints":{"allow":["GET"]}}],"collection":[{"href":"https:\/\/dinhosreef.com\/en\/wp-json\/wp\/v2\/pages"}],"about":[{"href":"https:\/\/dinhosreef.com\/en\/wp-json\/wp\/v2\/types\/page"}],"author":[{"embeddable":true,"href":"https:\/\/dinhosreef.com\/en\/wp-json\/wp\/v2\/users\/1"}],"replies":[{"embeddable":true,"href":"https:\/\/dinhosreef.com\/en\/wp-json\/wp\/v2\/comments?post=1410790846"}],"version-history":[{"count":1,"href":"https:\/\/dinhosreef.com\/en\/wp-json\/wp\/v2\/pages\/1410790846\/revisions"}],"predecessor-version":[{"id":1410790848,"href":"https:\/\/dinhosreef.com\/en\/wp-json\/wp\/v2\/pages\/1410790846\/revisions\/1410790848"}],"wp:attachment":[{"href":"https:\/\/dinhosreef.com\/en\/wp-json\/wp\/v2\/media?parent=1410790846"}],"curies":[{"name":"wp","href":"https:\/\/api.w.org\/{rel}","templated":true}]}}