{"id":1410791029,"date":"2026-04-17T21:54:09","date_gmt":"2026-04-18T00:54:09","guid":{"rendered":"https:\/\/dinhosreef.com\/?page_id=1410791029"},"modified":"2026-04-22T20:44:25","modified_gmt":"2026-04-22T23:44:25","slug":"dartfish-tilefish","status":"publish","type":"page","link":"https:\/\/dinhosreef.com\/en\/dartfish-tilefish\/","title":{"rendered":"Dartfish \/ Tilefish"},"content":{"rendered":"<div style=\"max-width:1100px; margin:auto; padding:10px; font-family:Arial, sans-serif;\">\n\n  <h1 style=\"margin-bottom:10px;\">\ud83d\udc20 Dartfish &#038; Filefish (Peixes de Recife)<\/h1>\n\n  <p style=\"font-size:16px; color:#555; line-height:1.6;\">\n    Os Dartfish e Filefish s\u00e3o peixes muito interessantes do aquarismo marinho, conhecidos pelo comportamento ativo,\n    resist\u00eancia e utilidade no controle de pragas como aiptasia em aqu\u00e1rios marinhos.\n  <\/p>\n\n  <hr style=\"margin:25px 0;\">\n\n  <h2>\ud83d\udc1f Esp\u00e9cies Dispon\u00edveis<\/h2>\n\n  <div style=\"    display:grid;    grid-template-columns:repeat(auto-fit,minmax(250px,1fr));    gap:22px;    margin-top:25px;  \">\n\n    <!-- FILEFISH -->\n    <a href=\"https:\/\/dinhosreef.com\/en\/aiptasia-eating-filefish\/\" style=\"text-decoration:none;color:inherit;\">\n      <div style=\"        background:#fff;        border-radius:14px;        overflow:hidden;        box-shadow:0 6px 18px rgba(0,0,0,0.08);        transition:all 0.35s ease;        position:relative;      \"\n      onmouseover=\"this.style.transform='translateY(-8px) scale(1.03)'; this.style.boxShadow='0 14px 30px rgba(0,150,255,0.25)'\"\n      onmouseout=\"this.style.transform='none'; this.style.boxShadow='0 6px 18px rgba(0,0,0,0.08)'\">\n\n        <div style=\"          position:absolute;          top:-60%;          left:-60%;          width:220%;          height:220%;          background:radial-gradient(circle, rgba(0,180,255,0.18), transparent 60%);          opacity:0;          transition:0.4s;        \"\n        onmouseover=\"this.style.opacity='1'\"\n        onmouseout=\"this.style.opacity='0'\"><\/div>\n\n        <img decoding=\"async\" src=\"https:\/\/dinhosreef.com\/wp-content\/uploads\/2025\/11\/ce25a75dacbb2816091eebadae74ba37-403x403.jpg\"\n        style=\"width:100%; height:180px; object-fit:cover; position:relative; z-index:1;\">\n\n        <div style=\"padding:15px; position:relative; z-index:1;\">\n          <strong>Aiptasia Eating Filefish<\/strong>\n          <p style=\"font-size:13px; color:#777;\">Controle natural de aiptasia<\/p>\n          <p style=\"font-size:12px; color:#00a8ff; font-weight:bold;\">Resistente \u2022 \u00datil \u2022 Semi-agressivo leve<\/p>\n          <p>\u2b50\u2b50\u2b50\u2b50\u2b50<\/p>\n\n          <div style=\"margin-top:10px;\">\n            <span style=\"              display:inline-block;              background:linear-gradient(135deg,#00c6ff,#0072ff);              color:#fff;              padding:6px 12px;              border-radius:8px;              font-size:12px;              font-weight:bold;              box-shadow:0 4px 12px rgba(0,150,255,0.4);            \">\n              Ver Guia \u2192\n            <\/span>\n          <\/div>\n        <\/div>\n      <\/div>\n    <\/a>\n\n    <!-- DARTFISH -->\n    <a href=\"https:\/\/dinhosreef.com\/en\/green-silk-dartfish\/\" style=\"text-decoration:none;color:inherit;\">\n      <div style=\"        background:#fff;        border-radius:14px;        overflow:hidden;        box-shadow:0 6px 18px rgba(0,0,0,0.08);        transition:all 0.35s ease;        position:relative;      \"\n      onmouseover=\"this.style.transform='translateY(-8px) scale(1.03)'; this.style.boxShadow='0 14px 30px rgba(0,150,255,0.25)'\"\n      onmouseout=\"this.style.transform='none'; this.style.boxShadow='0 6px 18px rgba(0,0,0,0.08)'\">\n\n        <div style=\"          position:absolute;          top:-60%;          left:-60%;          width:220%;          height:220%;          background:radial-gradient(circle, rgba(0,180,255,0.18), transparent 60%);          opacity:0;          transition:0.4s;        \"\n        onmouseover=\"this.style.opacity='1'\"\n        onmouseout=\"this.style.opacity='0'\"><\/div>\n\n        <img decoding=\"async\" src=\"https:\/\/dinhosreef.com\/wp-content\/uploads\/2025\/09\/b68b467b04ace8873921193f17846d40-403x403.jpg\"\n        style=\"width:100%; height:180px; object-fit:cover; position:relative; z-index:1;\">\n\n        <div style=\"padding:15px; position:relative; z-index:1;\">\n          <strong>Green Silk Dartfish<\/strong>\n          <p style=\"font-size:13px; color:#777;\">Ativo, elegante e \u00f3timo para reef<\/p>\n          <p style=\"font-size:12px; color:#00a8ff; font-weight:bold;\">Pac\u00edfico \u2022 F\u00e1cil \u2022 Sens\u00edvel a sustos<\/p>\n          <p>\u2b50\u2b50\u2b50\u2b50<\/p>\n\n          <div style=\"margin-top:10px;\">\n            <span style=\"              display:inline-block;              background:linear-gradient(135deg,#00c6ff,#0072ff);              color:#fff;              padding:6px 12px;              border-radius:8px;              font-size:12px;              font-weight:bold;              box-shadow:0 4px 12px rgba(0,150,255,0.4);            \">\n              Ver Guia \u2192\n            <\/span>\n          <\/div>\n        <\/div>\n      <\/div>\n    <\/a>\n\n  <\/div>\n\n  <hr style=\"margin:25px 0;\">\n\n  <h2>\ud83d\udca1 Dica da DinhoS Reef Animal<\/h2>\n\n  <div style=\"background:#f1f8f5;padding:15px;border-radius:10px;border-left:4px solid #00c853;\">\n    O Filefish \u00e9 um aliado poderoso contra Aiptasia, enquanto Dartfish precisam de aqu\u00e1rio com tampa\n    e ambiente tranquilo \u2014 s\u00e3o r\u00e1pidos e podem pular.\n  <\/div>\n\n  <!-- BOT\u00c3O PREMIUM -->\n  <div style=\"text-align:center;margin-top:30px;\">\n\n    <a href=\"https:\/\/dinhosreef.com\/en\/todos-os-peixes-marinhos\/\"\n       style=\"       display:inline-block;       background:linear-gradient(135deg,#000,#2b2b2b);       color:#fff;       padding:14px 28px;       border-radius:12px;       text-decoration:none;       font-weight:bold;       letter-spacing:0.5px;       box-shadow:0 8px 25px rgba(0,0,0,0.4);       transition:all 0.3s ease;       \"\n       onmouseover=\"this.style.transform='scale(1.05)'; this.style.boxShadow='0 12px 35px rgba(0,0,0,0.6)'\"\n       onmouseout=\"this.style.transform='none'; this.style.boxShadow='0 8px 25px rgba(0,0,0,0.4)'\">\n\n      \u2190 Voltar para todos os peixes marinhos\n\n    <\/a>\n\n  <\/div>\n\n<\/div>","protected":false},"excerpt":{"rendered":"<p>\ud83d\udc20 Dartfish &#038; Filefish (Peixes de Recife) Os Dartfish e Filefish s\u00e3o peixes muito interessantes do aquarismo marinho, conhecidos pelo comportamento ativo, resist\u00eancia e utilidade no controle de pragas como aiptasia em aqu\u00e1rios marinhos. \ud83d\udc1f Esp\u00e9cies Dispon\u00edveis Aiptasia Eating Filefish Controle natural de aiptasia Resistente \u2022 \u00datil \u2022 Semi-agressivo leve \u2b50\u2b50\u2b50\u2b50\u2b50 Ver Guia \u2192 Green [&hellip;]<\/p>\n","protected":false},"author":1,"featured_media":0,"parent":0,"menu_order":0,"comment_status":"closed","ping_status":"closed","template":"","meta":{"googlesitekit_rrm_CAow0N7NCw:productID":"","content-type":"","pmpro_default_level":"","_themeisle_gutenberg_block_has_review":false,"footnotes":""},"class_list":["post-1410791029","page","type-page","status-publish","hentry","pmpro-has-access"],"_links":{"self":[{"href":"https:\/\/dinhosreef.com\/en\/wp-json\/wp\/v2\/pages\/1410791029","targetHints":{"allow":["GET"]}}],"collection":[{"href":"https:\/\/dinhosreef.com\/en\/wp-json\/wp\/v2\/pages"}],"about":[{"href":"https:\/\/dinhosreef.com\/en\/wp-json\/wp\/v2\/types\/page"}],"author":[{"embeddable":true,"href":"https:\/\/dinhosreef.com\/en\/wp-json\/wp\/v2\/users\/1"}],"replies":[{"embeddable":true,"href":"https:\/\/dinhosreef.com\/en\/wp-json\/wp\/v2\/comments?post=1410791029"}],"version-history":[{"count":4,"href":"https:\/\/dinhosreef.com\/en\/wp-json\/wp\/v2\/pages\/1410791029\/revisions"}],"predecessor-version":[{"id":1410791426,"href":"https:\/\/dinhosreef.com\/en\/wp-json\/wp\/v2\/pages\/1410791029\/revisions\/1410791426"}],"wp:attachment":[{"href":"https:\/\/dinhosreef.com\/en\/wp-json\/wp\/v2\/media?parent=1410791029"}],"curies":[{"name":"wp","href":"https:\/\/api.w.org\/{rel}","templated":true}]}}