{"id":1410791101,"date":"2026-04-18T16:02:59","date_gmt":"2026-04-18T19:02:59","guid":{"rendered":"https:\/\/dinhosreef.com\/?page_id=1410791101"},"modified":"2026-04-22T20:55:58","modified_gmt":"2026-04-22T23:55:58","slug":"gobies","status":"publish","type":"page","link":"https:\/\/dinhosreef.com\/en\/gobies\/","title":{"rendered":"Gobies"},"content":{"rendered":"<div style=\"max-width:1100px; margin:auto; padding:10px; font-family:Arial, sans-serif;\">\n\n  <h1 style=\"margin-bottom:10px;\">\ud83d\udc20 Gobies<\/h1>\n\n  <p style=\"font-size:16px; color:#555; line-height:1.6;\">\n    Os Gobies s\u00e3o peixes pequenos, vers\u00e1teis e extremamente populares no aquarismo marinho.\n    Muitos ajudam na limpeza do aqu\u00e1rio, seja consumindo micro-organismos ou revirando o substrato,\n    al\u00e9m de apresentarem comportamentos \u00fanicos e interessantes.\n  <\/p>\n\n  <hr style=\"margin:25px 0;\">\n\n  <h2>\ud83d\udc1f Esp\u00e9cies Dispon\u00edveis<\/h2>\n\n  <div style=\"    display:grid;    grid-template-columns:repeat(auto-fit,minmax(250px,1fr));    gap:22px;    margin-top:25px;  \">\n\n    <!-- PADR\u00c3O -->\n    <!-- Basta copiar esse bloco para novos peixes -->\n\n    <!-- YASHA -->\n    <a href=\"\/en\/yasha-goby\/\" style=\"text-decoration:none;color:inherit;\">\n      <div style=\"background:#fff;border-radius:14px;overflow:hidden;box-shadow:0 6px 18px rgba(0,0,0,0.08);transition:all 0.35s ease;\"\n      onmouseover=\"this.style.transform='translateY(-8px) scale(1.03)'; this.style.boxShadow='0 14px 30px rgba(0,150,255,0.25)'\"\n      onmouseout=\"this.style.transform='none'; this.style.boxShadow='0 6px 18px rgba(0,0,0,0.08)'\">\n\n        <img decoding=\"async\" src=\"https:\/\/dinhosreef.com\/wp-content\/uploads\/2026\/01\/65214f97d7a03679d51fca48c1ceb982-770x770.jpg\" style=\"width:100%; height:180px; object-fit:cover;\">\n\n        <div style=\"padding:15px;\">\n          <strong>Yasha Goby<\/strong>\n          <p style=\"font-size:13px;color:#777;\">Raro e muito valorizado \u2022 Pac\u00edfico<\/p>\n          <p>\u2b50\u2b50\u2b50\u2b50\u2b50<\/p>\n\n          <div style=\"margin-top:10px;\">\n            <span style=\"display:inline-block;background:#00a8ff;color:#fff;padding:6px 12px;border-radius:8px;font-size:12px;font-weight:bold;\">\n              Ver Guia \u2192\n            <\/span>\n          <\/div>\n        <\/div>\n      <\/div>\n    <\/a>\n\n    <!-- NEON -->\n    <a href=\"\/en\/neon-goby-yellow\/\" style=\"text-decoration:none;color:inherit;\">\n      <div style=\"background:#fff;border-radius:14px;overflow:hidden;box-shadow:0 6px 18px rgba(0,0,0,0.08);transition:all 0.35s ease;\"\n      onmouseover=\"this.style.transform='translateY(-8px) scale(1.03)'; this.style.boxShadow='0 14px 30px rgba(0,150,255,0.25)'\"\n      onmouseout=\"this.style.transform='none'; this.style.boxShadow='0 6px 18px rgba(0,0,0,0.08)'\">\n\n        <img decoding=\"async\" src=\"https:\/\/dinhosreef.com\/wp-content\/uploads\/2026\/03\/bd79f2d3f7915e822ed88051a655b133-770x770.jpg\" style=\"width:100%; height:180px; object-fit:cover;\">\n\n        <div style=\"padding:15px;\">\n          <strong>Neon Goby Yellow<\/strong>\n          <p style=\"font-size:13px;color:#777;\">Pequeno e limpador \u2022 Pac\u00edfico<\/p>\n          <p>\u2b50\u2b50\u2b50\u2b50<\/p>\n\n          <div style=\"margin-top:10px;\">\n            <span style=\"display:inline-block;background:#00a8ff;color:#fff;padding:6px 12px;border-radius:8px;font-size:12px;font-weight:bold;\">\n              Ver Guia \u2192\n            <\/span>\n          <\/div>\n        <\/div>\n      <\/div>\n    <\/a>\n\n    <!-- STEINITZ -->\n    <a href=\"\/en\/steinitzs-goby\/\" style=\"text-decoration:none;color:inherit;\">\n      <div style=\"background:#fff;border-radius:14px;overflow:hidden;box-shadow:0 6px 18px rgba(0,0,0,0.08);transition:all 0.35s ease;\"\n      onmouseover=\"this.style.transform='translateY(-8px) scale(1.03)'; this.style.boxShadow='0 14px 30px rgba(0,150,255,0.25)'\"\n      onmouseout=\"this.style.transform='none'; this.style.boxShadow='0 6px 18px rgba(0,0,0,0.08)'\">\n\n        <img decoding=\"async\" src=\"https:\/\/dinhosreef.com\/wp-content\/uploads\/2026\/04\/images.webp\" style=\"width:100%; height:180px; object-fit:cover;\">\n\n        <div style=\"padding:15px;\">\n          <strong>Steinitzs Goby<\/strong>\n          <p style=\"font-size:13px;color:#777;\">Comportamento de fundo \u2022 Pac\u00edfico<\/p>\n          <p>\u2b50\u2b50\u2b50\u2b50<\/p>\n\n          <div style=\"margin-top:10px;\">\n            <span style=\"display:inline-block;background:#00a8ff;color:#fff;padding:6px 12px;border-radius:8px;font-size:12px;font-weight:bold;\">\n              Ver Guia \u2192\n            <\/span>\n          <\/div>\n        <\/div>\n      <\/div>\n    <\/a>\n\n    <!-- DIAMOND -->\n    <a href=\"\/en\/goby-diamond\/\" style=\"text-decoration:none;color:inherit;\">\n      <div style=\"background:#fff;border-radius:14px;overflow:hidden;box-shadow:0 6px 18px rgba(0,0,0,0.08);transition:all 0.35s ease;\"\n      onmouseover=\"this.style.transform='translateY(-8px) scale(1.03)'; this.style.boxShadow='0 14px 30px rgba(0,150,255,0.25)'\"\n      onmouseout=\"this.style.transform='none'; this.style.boxShadow='0 6px 18px rgba(0,0,0,0.08)'\">\n\n        <img decoding=\"async\" src=\"https:\/\/dinhosreef.com\/wp-content\/uploads\/2026\/01\/2bc4523da4e0a4cb22717e46a7042aba-403x403.jpg\" style=\"width:100%; height:180px; object-fit:cover;\">\n\n        <div style=\"padding:15px;\">\n          <strong>Diamond Goby<\/strong>\n          <p style=\"font-size:13px;color:#777;\">Limpador de substrato \u2022 Pac\u00edfico<\/p>\n          <p>\u2b50\u2b50\u2b50\u2b50\u2b50<\/p>\n\n          <div style=\"margin-top:10px;\">\n            <span style=\"display:inline-block;background:#00a8ff;color:#fff;padding:6px 12px;border-radius:8px;font-size:12px;font-weight:bold;\">\n              Ver Guia \u2192\n            <\/span>\n          <\/div>\n        <\/div>\n      <\/div>\n    <\/a>\n\n    <!-- YELLOW WATCHMAN GRAY -->\n    <a href=\"\/en\/yellow-watchman-gray\/\" style=\"text-decoration:none;color:inherit;\">\n      <div style=\"background:#fff;border-radius:14px;overflow:hidden;box-shadow:0 6px 18px rgba(0,0,0,0.08);transition:all 0.35s ease;\"\n      onmouseover=\"this.style.transform='translateY(-8px) scale(1.03)'; this.style.boxShadow='0 14px 30px rgba(0,150,255,0.25)'\"\n      onmouseout=\"this.style.transform='none'; this.style.boxShadow='0 6px 18px rgba(0,0,0,0.08)'\">\n\n        <img decoding=\"async\" src=\"https:\/\/dinhosreef.com\/wp-content\/uploads\/2026\/04\/Yellow-Watchman-GRAY-VARIATION.jpg\" style=\"width:100%; height:180px; object-fit:cover;\">\n\n        <div style=\"padding:15px;\">\n          <strong>Yellow Watchman Gray<\/strong>\n          <p style=\"font-size:13px;color:#777;\">Raro \u2022 Semi-pac\u00edfico<\/p>\n          <p>\u2b50\u2b50\u2b50\u2b50<\/p>\n\n          <div style=\"margin-top:10px;\">\n            <span style=\"display:inline-block;background:#00a8ff;color:#fff;padding:6px 12px;border-radius:8px;font-size:12px;font-weight:bold;\">\n              Ver Guia \u2192\n            <\/span>\n          <\/div>\n        <\/div>\n      <\/div>\n    <\/a>\n\n    <!-- JAWFISH -->\n    <a href=\"\/en\/yellow-head-jawfish\/\" style=\"text-decoration:none;color:inherit;\">\n      <div style=\"background:#fff;border-radius:14px;overflow:hidden;box-shadow:0 6px 18px rgba(0,0,0,0.08);transition:all 0.35s ease;\"\n      onmouseover=\"this.style.transform='translateY(-8px) scale(1.03)'; this.style.boxShadow='0 14px 30px rgba(0,150,255,0.25)'\"\n      onmouseout=\"this.style.transform='none'; this.style.boxShadow='0 6px 18px rgba(0,0,0,0.08)'\">\n\n        <img decoding=\"async\" src=\"https:\/\/dinhosreef.com\/wp-content\/uploads\/2026\/02\/1e6f631ae50d893ada8e6803d4d21108-403x403.jpg\" style=\"width:100%; height:180px; object-fit:cover;\">\n\n        <div style=\"padding:15px;\">\n          <strong>Yellow Head Jawfish<\/strong>\n          <p style=\"font-size:13px;color:#777;\">Escavador \u2022 Pac\u00edfico<\/p>\n          <p>\u2b50\u2b50\u2b50\u2b50<\/p>\n\n          <div style=\"margin-top:10px;\">\n            <span style=\"display:inline-block;background:#00a8ff;color:#fff;padding:6px 12px;border-radius:8px;font-size:12px;font-weight:bold;\">\n              Ver Guia \u2192\n            <\/span>\n          <\/div>\n        <\/div>\n      <\/div>\n    <\/a>\n\n    <!-- WATCHMAN -->\n    <a href=\"\/en\/yellow-watchman\/\" style=\"text-decoration:none;color:inherit;\">\n      <div style=\"background:#fff;border-radius:14px;overflow:hidden;box-shadow:0 6px 18px rgba(0,0,0,0.08);transition:all 0.35s ease;\"\n      onmouseover=\"this.style.transform='translateY(-8px) scale(1.03)'; this.style.boxShadow='0 14px 30px rgba(0,150,255,0.25)'\"\n      onmouseout=\"this.style.transform='none'; this.style.boxShadow='0 6px 18px rgba(0,0,0,0.08)'\">\n\n        <img decoding=\"async\" src=\"https:\/\/dinhosreef.com\/wp-content\/uploads\/2025\/09\/9bb9e3791ad5911436fb69afc3db8dd2-403x403.jpg\" style=\"width:100%; height:180px; object-fit:cover;\">\n\n        <div style=\"padding:15px;\">\n          <strong>Yellow Watchman<\/strong>\n          <p style=\"font-size:13px;color:#777;\">Cl\u00e1ssico \u2022 Pac\u00edfico<\/p>\n          <p>\u2b50\u2b50\u2b50\u2b50\u2b50<\/p>\n\n          <div style=\"margin-top:10px;\">\n            <span style=\"display:inline-block;background:#00a8ff;color:#fff;padding:6px 12px;border-radius:8px;font-size:12px;font-weight:bold;\">\n              Ver Guia \u2192\n            <\/span>\n          <\/div>\n        <\/div>\n      <\/div>\n    <\/a>\n\n    <!-- FIREFISH -->\n    <a href=\"\/en\/firefish-goby\/\" style=\"text-decoration:none;color:inherit;\">\n      <div style=\"background:#fff;border-radius:14px;overflow:hidden;box-shadow:0 6px 18px rgba(0,0,0,0.08);transition:all 0.35s ease;\"\n      onmouseover=\"this.style.transform='translateY(-8px) scale(1.03)'; this.style.boxShadow='0 14px 30px rgba(0,150,255,0.25)'\"\n      onmouseout=\"this.style.transform='none'; this.style.boxShadow='0 6px 18px rgba(0,0,0,0.08)'\">\n\n        <img decoding=\"async\" src=\"https:\/\/dinhosreef.com\/wp-content\/uploads\/2026\/03\/20e4fe89ab970689168302b7b26ffcca-403x403.jpg\" style=\"width:100%; height:180px; object-fit:cover;\">\n\n        <div style=\"padding:15px;\">\n          <strong>Firefish Goby<\/strong>\n          <p style=\"font-size:13px;color:#777;\">Muito tranquilo \u2022 Pac\u00edfico<\/p>\n          <p>\u2b50\u2b50\u2b50\u2b50<\/p>\n\n          <div style=\"margin-top:10px;\">\n            <span style=\"display:inline-block;background:#00a8ff;color:#fff;padding:6px 12px;border-radius:8px;font-size:12px;font-weight:bold;\">\n              Ver Guia \u2192\n            <\/span>\n          <\/div>\n        <\/div>\n      <\/div>\n    <\/a>\n\n    <!-- CORAL -->\n    <a href=\"\/en\/yellow-clown-coralgoby\/\" style=\"text-decoration:none;color:inherit;\">\n      <div style=\"background:#fff;border-radius:14px;overflow:hidden;box-shadow:0 6px 18px rgba(0,0,0,0.08);transition:all 0.35s ease;\"\n      onmouseover=\"this.style.transform='translateY(-8px) scale(1.03)'; this.style.boxShadow='0 14px 30px rgba(0,150,255,0.25)'\"\n      onmouseout=\"this.style.transform='none'; this.style.boxShadow='0 6px 18px rgba(0,0,0,0.08)'\">\n\n        <img decoding=\"async\" src=\"https:\/\/dinhosreef.com\/wp-content\/uploads\/2025\/09\/d4b8a4f75fcad44106484a223bb646f6-770x770.jpg\" style=\"width:100%; height:180px; object-fit:cover;\">\n\n        <div style=\"padding:15px;\">\n          <strong>Yellow Clown Coral Goby<\/strong>\n          <p style=\"font-size:13px;color:#777;\">Nano reef \u2022 Pac\u00edfico<\/p>\n          <p>\u2b50\u2b50\u2b50\u2b50<\/p>\n\n          <div style=\"margin-top:10px;\">\n            <span style=\"display:inline-block;background:#00a8ff;color:#fff;padding:6px 12px;border-radius:8px;font-size:12px;font-weight:bold;\">\n              Ver Guia \u2192\n            <\/span>\n          <\/div>\n        <\/div>\n      <\/div>\n    <\/a>\n\n  <\/div>\n\n  <hr style=\"margin:25px 0;\">\n\n  <h2>\ud83d\udca1 Dica da DinhoS Reef Animal<\/h2>\n\n  <div style=\"background:#f1f8f5;padding:15px;border-radius:10px;border-left:4px solid #00c853;\">\n    Gobies s\u00e3o excelentes para aqu\u00e1rios de todos os n\u00edveis. Alguns ajudam na limpeza do substrato,\n    enquanto outros convivem perfeitamente com camar\u00f5es, criando rela\u00e7\u00f5es simbi\u00f3ticas incr\u00edveis.\n  <\/div>\n\n  <div style=\"text-align:center;margin-top:30px;\">\n    <a href=\"https:\/\/dinhosreef.com\/en\/todos-os-peixes-marinhos\/\"\n       style=\"display:inline-block;background:linear-gradient(135deg,#000,#2c2c2c);color:#fff;       padding:14px 28px;border-radius:12px;text-decoration:none;font-weight:bold;       box-shadow:0 6px 18px rgba(0,0,0,0.25);transition:0.3s;\"\n       onmouseover=\"this.style.transform='scale(1.05)'\"\n       onmouseout=\"this.style.transform='scale(1)'\">\n      \u2190 Voltar para todos os peixes marinhos\n    <\/a>\n  <\/div>\n\n<\/div>","protected":false},"excerpt":{"rendered":"<p>\ud83d\udc20 Gobies Os Gobies s\u00e3o peixes pequenos, vers\u00e1teis e extremamente populares no aquarismo marinho. Muitos ajudam na limpeza do aqu\u00e1rio, seja consumindo micro-organismos ou revirando o substrato, al\u00e9m de apresentarem comportamentos \u00fanicos e interessantes. \ud83d\udc1f Esp\u00e9cies Dispon\u00edveis Yasha Goby Raro e muito valorizado \u2022 Pac\u00edfico \u2b50\u2b50\u2b50\u2b50\u2b50 Ver Guia \u2192 Neon Goby Yellow Pequeno e limpador [&hellip;]<\/p>\n","protected":false},"author":1,"featured_media":0,"parent":0,"menu_order":0,"comment_status":"closed","ping_status":"closed","template":"","meta":{"googlesitekit_rrm_CAow0N7NCw:productID":"","content-type":"","pmpro_default_level":"","_themeisle_gutenberg_block_has_review":false,"footnotes":""},"class_list":["post-1410791101","page","type-page","status-publish","hentry","pmpro-has-access"],"_links":{"self":[{"href":"https:\/\/dinhosreef.com\/en\/wp-json\/wp\/v2\/pages\/1410791101","targetHints":{"allow":["GET"]}}],"collection":[{"href":"https:\/\/dinhosreef.com\/en\/wp-json\/wp\/v2\/pages"}],"about":[{"href":"https:\/\/dinhosreef.com\/en\/wp-json\/wp\/v2\/types\/page"}],"author":[{"embeddable":true,"href":"https:\/\/dinhosreef.com\/en\/wp-json\/wp\/v2\/users\/1"}],"replies":[{"embeddable":true,"href":"https:\/\/dinhosreef.com\/en\/wp-json\/wp\/v2\/comments?post=1410791101"}],"version-history":[{"count":0,"href":"https:\/\/dinhosreef.com\/en\/wp-json\/wp\/v2\/pages\/1410791101\/revisions"}],"wp:attachment":[{"href":"https:\/\/dinhosreef.com\/en\/wp-json\/wp\/v2\/media?parent=1410791101"}],"curies":[{"name":"wp","href":"https:\/\/api.w.org\/{rel}","templated":true}]}}