{"id":1410791166,"date":"2026-04-18T17:17:35","date_gmt":"2026-04-18T20:17:35","guid":{"rendered":"https:\/\/dinhosreef.com\/?page_id=1410791166"},"modified":"2026-04-22T21:48:50","modified_gmt":"2026-04-23T00:48:50","slug":"pipefish","status":"publish","type":"page","link":"https:\/\/dinhosreef.com\/en\/pipefish\/","title":{"rendered":"Pipefish"},"content":{"rendered":"<div style=\"  max-width:1200px;  margin:auto;  padding:20px 10px;  font-family:Arial, sans-serif;  background:linear-gradient(180deg,#f8fcff 0%, #ffffff 100%);\">\n\n  <h1 style=\"    text-align:center;    font-size:30px;    margin-bottom:10px;    font-weight:bold;    background:linear-gradient(90deg,#00a8ff,#00e5ff);    -webkit-background-clip:text;    -webkit-text-fill-color:transparent;\">\n    \ud83d\udc20 Pipefish (Syngnathidae)\n  <\/h1>\n\n  <p style=\"text-align:center;font-size:15px;color:#555;max-width:700px;margin:auto;\">\n    Peixes ex\u00f3ticos e extremamente elegantes, parentes dos cavalos-marinhos.\n    Indicados para aqu\u00e1rios maduros e aquaristas mais experientes.\n  <\/p>\n\n  <style>\n    .card-premium{\n      background:#fff;\n      border-radius:16px;\n      overflow:hidden;\n      box-shadow:0 6px 18px rgba(0,0,0,0.08);\n      transition:all 0.35s ease;\n      position:relative;\n    }\n\n    .card-premium:hover{\n      transform:translateY(-10px) scale(1.05);\n      box-shadow:0 20px 40px rgba(0,150,255,0.35);\n    }\n\n    .card-premium::after{\n      content:\"\";\n      position:absolute;\n      top:-50%;\n      left:-50%;\n      width:200%;\n      height:200%;\n      background:radial-gradient(circle, rgba(0,180,255,0.15), transparent 60%);\n      opacity:0;\n      transition:0.4s;\n    }\n\n    .card-premium:hover::after{\n      opacity:1;\n    }\n\n    .card-img{height:160px;overflow:hidden;}\n    .card-img img{width:100%;height:100%;object-fit:cover;}\n\n    .card-content{padding:15px;}\n    .card-content p{font-size:13px;color:#777;margin-top:5px;}\n\n    .badge{\n      display:inline-block;\n      font-size:11px;\n      padding:4px 10px;\n      border-radius:20px;\n      margin-top:6px;\n      font-weight:bold;\n    }\n\n    .premium{background:#ff9800;color:#fff;}\n\n    \/* BOT\u00c3O NEON *\/\n    .card-btn{\n      margin-top:10px;\n      display:inline-block;\n      font-size:12px;\n      padding:6px 14px;\n      border-radius:20px;\n      background:linear-gradient(90deg,#00a8ff,#00e5ff);\n      color:#fff;\n      font-weight:bold;\n      text-decoration:none;\n      box-shadow:0 0 10px rgba(0,168,255,0.6),\n                 0 0 20px rgba(0,168,255,0.4),\n                 0 0 30px rgba(0,168,255,0.2);\n      transition:0.3s;\n    }\n\n    .card-btn:hover{\n      transform:scale(1.1);\n      box-shadow:0 0 15px rgba(0,168,255,0.9),\n                 0 0 30px rgba(0,168,255,0.7),\n                 0 0 45px rgba(0,168,255,0.5);\n    }\n  <\/style>\n\n  <div style=\"    display:grid;    grid-template-columns:repeat(auto-fit,minmax(240px,1fr));    gap:22px;    margin-top:30px;  \">\n\n    <!-- BLUE STRIPE -->\n    <a href=\"\/en\/blue-stripe-pipefish\/\" style=\"text-decoration:none;color:inherit;\">\n      <div class=\"card-premium\">\n        <div class=\"card-img\">\n          <img decoding=\"async\" src=\"https:\/\/dinhosreef.com\/wp-content\/uploads\/2026\/04\/39eaff837c9ed5a4fc1e87d624342bb1-403x403.webp\">\n        <\/div>\n        <div class=\"card-content\">\n          <strong>Blue Stripe Pipefish<\/strong>\n          <p>Ex\u00f3tico \u2022 Sens\u00edvel \u2022 Alimenta\u00e7\u00e3o dif\u00edcil<\/p>\n          <span class=\"badge premium\">\ud83d\udd25 Premium<\/span><br>\n          <span class=\"card-btn\">Ver guia \u2192<\/span>\n        <\/div>\n      <\/div>\n    <\/a>\n\n    <!-- BALIGI -->\n    <a href=\"\/en\/pipefish-baligi\/\" style=\"text-decoration:none;color:inherit;\">\n      <div class=\"card-premium\">\n        <div class=\"card-img\">\n          <img decoding=\"async\" src=\"https:\/\/dinhosreef.com\/wp-content\/uploads\/2026\/04\/pipifish.jpg\">\n        <\/div>\n        <div class=\"card-content\">\n          <strong>Pipefish Baligi<\/strong>\n          <p>Raro \u2022 Delicado \u2022 Aqu\u00e1rio avan\u00e7ado<\/p>\n          <span class=\"badge premium\">\ud83d\udd25 Premium<\/span><br>\n          <span class=\"card-btn\">Ver guia \u2192<\/span>\n        <\/div>\n      <\/div>\n    <\/a>\n\n  <\/div>\n\n  <!-- DICA -->\n  <div style=\"margin-top:30px;background:#f1f8ff;padding:15px;border-radius:10px;border-left:4px solid #00a8ff;\">\n    Pipefish exigem aqu\u00e1rios maduros com abund\u00e2ncia de microfauna (copepods).\n    S\u00e3o sens\u00edveis e n\u00e3o competem bem por alimento.\n  <\/div>\n\n  <!-- ALERTA -->\n  <div style=\"margin-top:15px;background:#fff3e0;padding:15px;border-radius:10px;border-left:4px solid #ff6f00;\">\n    \u26a0\ufe0f <strong>Esp\u00e9cie Avan\u00e7ada:<\/strong> recomendado apenas para aquaristas experientes.\n  <\/div>\n\n  <!-- VOLTAR -->\n  <div style=\"text-align:center;margin-top:30px;\">\n\n  <a href=\"https:\/\/dinhosreef.com\/en\/todos-os-peixes-marinhos\/\"\n     style=\"     display:inline-block;     width:100%;     max-width:320px;     background:linear-gradient(90deg,#00a8ff,#00e5ff);     color:#fff;     padding:14px 20px;     border-radius:12px;     text-decoration:none;     font-weight:bold;     font-size:14px;     text-align:center;     box-shadow:0 0 10px rgba(0,168,255,0.5),                0 0 20px rgba(0,168,255,0.3);     transition:0.3s;\">\n     \n     \u2190 Voltar para todos os peixes marinhos\n\n  <\/a>\n\n<\/div>","protected":false},"excerpt":{"rendered":"<p>\ud83d\udc20 Pipefish (Syngnathidae) Peixes ex\u00f3ticos e extremamente elegantes, parentes dos cavalos-marinhos. Indicados para aqu\u00e1rios maduros e aquaristas mais experientes. Blue Stripe Pipefish Ex\u00f3tico \u2022 Sens\u00edvel \u2022 Alimenta\u00e7\u00e3o dif\u00edcil \ud83d\udd25 Premium Ver guia \u2192 Pipefish Baligi Raro \u2022 Delicado \u2022 Aqu\u00e1rio avan\u00e7ado \ud83d\udd25 Premium Ver guia \u2192 Pipefish exigem aqu\u00e1rios maduros com abund\u00e2ncia de microfauna (copepods). [&hellip;]<\/p>\n","protected":false},"author":1,"featured_media":0,"parent":0,"menu_order":0,"comment_status":"closed","ping_status":"closed","template":"","meta":{"googlesitekit_rrm_CAow0N7NCw:productID":"","content-type":"","pmpro_default_level":"","_themeisle_gutenberg_block_has_review":false,"footnotes":""},"class_list":["post-1410791166","page","type-page","status-publish","hentry","pmpro-has-access"],"_links":{"self":[{"href":"https:\/\/dinhosreef.com\/en\/wp-json\/wp\/v2\/pages\/1410791166","targetHints":{"allow":["GET"]}}],"collection":[{"href":"https:\/\/dinhosreef.com\/en\/wp-json\/wp\/v2\/pages"}],"about":[{"href":"https:\/\/dinhosreef.com\/en\/wp-json\/wp\/v2\/types\/page"}],"author":[{"embeddable":true,"href":"https:\/\/dinhosreef.com\/en\/wp-json\/wp\/v2\/users\/1"}],"replies":[{"embeddable":true,"href":"https:\/\/dinhosreef.com\/en\/wp-json\/wp\/v2\/comments?post=1410791166"}],"version-history":[{"count":5,"href":"https:\/\/dinhosreef.com\/en\/wp-json\/wp\/v2\/pages\/1410791166\/revisions"}],"predecessor-version":[{"id":1410791454,"href":"https:\/\/dinhosreef.com\/en\/wp-json\/wp\/v2\/pages\/1410791166\/revisions\/1410791454"}],"wp:attachment":[{"href":"https:\/\/dinhosreef.com\/en\/wp-json\/wp\/v2\/media?parent=1410791166"}],"curies":[{"name":"wp","href":"https:\/\/api.w.org\/{rel}","templated":true}]}}