{"id":1410781651,"date":"2025-03-05T10:41:03","date_gmt":"2025-03-05T13:41:03","guid":{"rendered":"https:\/\/dinhosreef.com\/produto\/alcon-club-canario-150-gr\/"},"modified":"2025-12-24T12:14:11","modified_gmt":"2025-12-24T15:14:11","slug":"alcon-club-canario-150-gr","status":"publish","type":"product","link":"https:\/\/dinhosreef.com\/en\/product\/alcon-club-canario-150-gr\/","title":{"rendered":"ALCON CLUB CANARIO 150 GR"},"content":{"rendered":"<p><strong>Alimento completo para p\u00e1ssaros<\/strong><\/p>\n<p>Alcon Club Can\u00e1rio \u00e9 um alimento extrusado completo para as diversas variedades de Can\u00e1rios. Cont\u00e9m Prebi\u00f3tico que promove o crescimento seletivo de bact\u00e9rias ben\u00e9ficas presentes nos intestinos, melhorando o aproveitamento dos nutrientes e refor\u00e7a o sistema imunol\u00f3gico. Elaborado com ingredientes selecionados, vitaminas e minerais de alta qualidade, apresenta formato e aroma atrativos que ajudam na aceita\u00e7\u00e3o e na distra\u00e7\u00e3o. Facilita muito o manejo, pois n\u00e3o h\u00e1 necessidade da rotina di\u00e1ria de limpeza dos comedouros, como ocorre com as sementes. Sendo assim, o alimento pode ser fornecido para v\u00e1rios dias.<\/p>\n<p>Forma de uso<br \/>Servir em comedouros limpos e secos. Deixar \u00e1gua limpa sempre \u00e0 disposi\u00e7\u00e3o. P\u00e1ssaros habituados \u00e0s dietas a base de sementes poder\u00e3o estranhar inicialmente o novo alimento. Neste caso, para facilitar a adapta\u00e7\u00e3o, deve-se proceder a mistura da ra\u00e7\u00e3o com as sementes de costume, conforme a tabela:<\/p>\n<p><strong>Ingredientes<\/strong><br \/>Creme de milho*, prote\u00edna texturizada de soja*, \u00f3leo de soja refinado*, ovo integral desidratado, carbonato de c\u00e1lcio, premix mineral, leveduras, premix vitam\u00ednico mineral, aditivo prebi\u00f3tico (0,2 %), corantes (amarelo tartrazina, azul indigotina, amarelo crep\u00fasculo, vermelho ponceau), aditivo aromatizante (aroma de laranja) (0,07 %), antioxidantes (Etoxiquin, Propilgalato, \u00e1cido c\u00edtrico, BHA, BHT).<br \/>*Esp\u00e9cies doadoras de gene: Agrobacterium tumefaciens, Bacillus thuringiensis, Streptomyces viridochromogenes.<\/p>","protected":false},"excerpt":{"rendered":"<p>Alimento completo para p\u00e1ssaros Alcon Club Can\u00e1rio \u00e9 um alimento extrusado completo para as diversas variedades de Can\u00e1rios. Cont\u00e9m Prebi\u00f3tico que promove o crescimento seletivo de bact\u00e9rias ben\u00e9ficas presentes nos intestinos, melhorando o aproveitamento dos nutrientes e refor\u00e7a o sistema imunol\u00f3gico. Elaborado com ingredientes selecionados, vitaminas e minerais de alta qualidade, apresenta formato e aroma [&hellip;]<\/p>\n","protected":false},"featured_media":1410781649,"comment_status":"open","ping_status":"closed","template":"","meta":{"googlesitekit_rrm_CAow0N7NCw:productID":"","content-type":"","pmpro_default_level":"","_themeisle_gutenberg_block_has_review":false},"product_brand":[332],"product_cat":[165],"product_tag":[],"class_list":{"0":"post-1410781651","1":"product","2":"type-product","3":"status-publish","4":"has-post-thumbnail","6":"product_brand-alcon","7":"product_cat-peixes-pet-shop","8":"aux-has-gallery","9":"pmpro-has-access","11":"first","12":"instock","13":"taxable","14":"shipping-taxable","15":"purchasable","16":"product-type-simple"},"_links":{"self":[{"href":"https:\/\/dinhosreef.com\/en\/wp-json\/wp\/v2\/product\/1410781651","targetHints":{"allow":["GET"]}}],"collection":[{"href":"https:\/\/dinhosreef.com\/en\/wp-json\/wp\/v2\/product"}],"about":[{"href":"https:\/\/dinhosreef.com\/en\/wp-json\/wp\/v2\/types\/product"}],"replies":[{"embeddable":true,"href":"https:\/\/dinhosreef.com\/en\/wp-json\/wp\/v2\/comments?post=1410781651"}],"wp:featuredmedia":[{"embeddable":true,"href":"https:\/\/dinhosreef.com\/en\/wp-json\/wp\/v2\/media\/1410781649"}],"wp:attachment":[{"href":"https:\/\/dinhosreef.com\/en\/wp-json\/wp\/v2\/media?parent=1410781651"}],"wp:term":[{"taxonomy":"product_brand","embeddable":true,"href":"https:\/\/dinhosreef.com\/en\/wp-json\/wp\/v2\/product_brand?post=1410781651"},{"taxonomy":"product_cat","embeddable":true,"href":"https:\/\/dinhosreef.com\/en\/wp-json\/wp\/v2\/product_cat?post=1410781651"},{"taxonomy":"product_tag","embeddable":true,"href":"https:\/\/dinhosreef.com\/en\/wp-json\/wp\/v2\/product_tag?post=1410781651"}],"curies":[{"name":"wp","href":"https:\/\/api.w.org\/{rel}","templated":true}]}}