{"id":1410781656,"date":"2025-03-05T10:41:10","date_gmt":"2025-03-05T13:41:10","guid":{"rendered":"https:\/\/dinhosreef.com\/produto\/alcon-club-coleiro-green-325gr\/"},"modified":"2026-02-26T12:22:25","modified_gmt":"2026-02-26T15:22:25","slug":"alcon-club-coleiro-green-325gr","status":"publish","type":"product","link":"https:\/\/dinhosreef.com\/en\/product\/alcon-club-coleiro-green-325gr\/","title":{"rendered":"ALCON CLUB COLEIRO GREEN 325GR"},"content":{"rendered":"<p>Alcon Club Coleiro Green Super Premium, com formato e aroma atrativos, foi desenvolvido com ingredientes especiais para atender com alt\u00edssima qualidade as necessidades nutricionais de Coleiros, Tizius, Pixox\u00f3s, Caboclinhos e Bigodinhos. Cont\u00e9m vitaminas e minerais de alto padr\u00e3o, al\u00e9m de Prebi\u00f3tico que promove o crescimento seletivo de bact\u00e9rias ben\u00e9ficas presentes nos intestinos, melhorando o aproveitamento dos nutrientes. Contribui com a higiene e facilita o manejo, pois n\u00e3o h\u00e1 necessidade da rotina di\u00e1ria de limpeza dos comedouros, como ocorre com sementes e alimentos frescos. Sendo assim, o alimento pode ser fornecido para v\u00e1rios dias. Conhe\u00e7a tamb\u00e9m a linha de suplementos Labcon Club Modo de Usar Servir em comedouros limpos e secos. Deixar \u00e1gua limpa sempre \u00e0 disposi\u00e7\u00e3o. P\u00e1ssaros habituados \u00e0s dietas \u00e0 base de sementes poder\u00e3o estranhar inicialmente o novo alimento.\u00a0 Composi\u00e7\u00e3o B\u00e1sica do Produto Creme de milho*, prote\u00edna texturizada de soja*, \u00f3leo de soja refinado*, ovo integral desidratado, carbonato de c\u00e1lcio, premix mineral, leveduras, premix vitam\u00ednico mineral, aditivo prebi\u00f3tico (0,2%), corantes (amarelo tartrazina, azul indigotina), aditivo aromatizante (aroma de laranja) (0,07%), antioxidantes (Etoxiquin, \u00e1cido c\u00edtrico, \u00e1cido fosf\u00f3rico, BHA, BHT). *Esp\u00e9cies doadoras de gene: Agrobacterium tumefaciens, Bacillus thuringiensis, Streptomyces viridochromogenes.<\/p>","protected":false},"excerpt":{"rendered":"<p>Alcon Club Coleiro Green Super Premium, com formato e aroma atrativos, foi desenvolvido com ingredientes especiais para atender com alt\u00edssima qualidade as necessidades nutricionais de Coleiros, Tizius, Pixox\u00f3s, Caboclinhos e Bigodinhos. Cont\u00e9m vitaminas e minerais de alto padr\u00e3o, al\u00e9m de Prebi\u00f3tico que promove o crescimento seletivo de bact\u00e9rias ben\u00e9ficas presentes nos intestinos, melhorando o aproveitamento [&hellip;]<\/p>\n","protected":false},"featured_media":1410781652,"comment_status":"open","ping_status":"closed","template":"","meta":{"googlesitekit_rrm_CAow0N7NCw:productID":"","content-type":"","pmpro_default_level":"","_themeisle_gutenberg_block_has_review":false},"product_brand":[332],"product_cat":[57],"product_tag":[],"class_list":{"0":"post-1410781656","1":"product","2":"type-product","3":"status-publish","4":"has-post-thumbnail","6":"product_brand-alcon","7":"product_cat-alimentos","8":"aux-has-gallery","9":"pmpro-has-access","11":"first","12":"outofstock","13":"taxable","14":"shipping-taxable","15":"purchasable","16":"product-type-simple"},"_links":{"self":[{"href":"https:\/\/dinhosreef.com\/en\/wp-json\/wp\/v2\/product\/1410781656","targetHints":{"allow":["GET"]}}],"collection":[{"href":"https:\/\/dinhosreef.com\/en\/wp-json\/wp\/v2\/product"}],"about":[{"href":"https:\/\/dinhosreef.com\/en\/wp-json\/wp\/v2\/types\/product"}],"replies":[{"embeddable":true,"href":"https:\/\/dinhosreef.com\/en\/wp-json\/wp\/v2\/comments?post=1410781656"}],"wp:featuredmedia":[{"embeddable":true,"href":"https:\/\/dinhosreef.com\/en\/wp-json\/wp\/v2\/media\/1410781652"}],"wp:attachment":[{"href":"https:\/\/dinhosreef.com\/en\/wp-json\/wp\/v2\/media?parent=1410781656"}],"wp:term":[{"taxonomy":"product_brand","embeddable":true,"href":"https:\/\/dinhosreef.com\/en\/wp-json\/wp\/v2\/product_brand?post=1410781656"},{"taxonomy":"product_cat","embeddable":true,"href":"https:\/\/dinhosreef.com\/en\/wp-json\/wp\/v2\/product_cat?post=1410781656"},{"taxonomy":"product_tag","embeddable":true,"href":"https:\/\/dinhosreef.com\/en\/wp-json\/wp\/v2\/product_tag?post=1410781656"}],"curies":[{"name":"wp","href":"https:\/\/api.w.org\/{rel}","templated":true}]}}