{"id":1410781665,"date":"2025-03-05T10:41:24","date_gmt":"2025-03-05T13:41:24","guid":{"rendered":"https:\/\/dinhosreef.com\/produto\/alcon-silvestre-mix-550g\/"},"modified":"2026-05-08T11:03:43","modified_gmt":"2026-05-08T14:03:43","slug":"alcon-silvestre-mix-550g","status":"publish","type":"product","link":"https:\/\/dinhosreef.com\/en\/product\/alcon-silvestre-mix-550g\/","title":{"rendered":"ALCON SILVESTRE MIX 550G"},"content":{"rendered":"<p>Alcon Club Silvestres Mix 550g Super Premium<\/p>\n<p>Alimento completo para P\u00e1ssaros Silvestres<\/p>\n<p>Alcon Club Silvestres Mix \u00e9 um alimento completo Super Premium, cientificamente elaborado para suprir as necessidades nutricionais e energ\u00e9ticas de P\u00e1ssaros Silvestres adultos durante a fase de manuten\u00e7\u00e3o.<br \/>Sua composi\u00e7\u00e3o balanceada, livre de corantes artificiais e palatabilizantes, combina o alimento extrusado com frutas desidratadas e larvas de mosca soldado negra &#8211; BSF (Black Soldier Fly).<br \/>As larvas de BSF possuem uma completa composi\u00e7\u00e3o de amino\u00e1cidos, sendo uma excelente fonte de prote\u00ednas biodispon\u00edveis para as aves.<\/p>\n<p>Com ingredientes selecionados, vitaminas, minerais e Prebi\u00f3tico, oferece excelente palatabilidade e digestibilidade.<br \/>Al\u00e9m dos benef\u00edcios nutricionais, Alcon Club Silvestres Mix proporciona vantagens ambientais.<br \/>As larvas de BSF s\u00e3o criadas de forma sustent\u00e1vel, utilizando res\u00edduos org\u00e2nicos como substrato para sua reprodu\u00e7\u00e3o.<\/p>\n<p>Modo de uso<br \/>Os p\u00e1ssaros devem se alimentar v\u00e1rias vezes ao dia, por isso, \u00e9 importante manter Alcon Club Silvestres Mix sempre dispon\u00edvel, em comedouros limpos e secos.<br \/>\u00c9 poss\u00edvel oferecer frutas, verduras e legumes frescos separadamente, desde que n\u00e3o excedam 20% do peso total da alimenta\u00e7\u00e3o di\u00e1ria. Deixar \u00e1gua limpa e fresca sempre \u00e0 disposi\u00e7\u00e3o.<br \/>Um per\u00edodo de adapta\u00e7\u00e3o \u00e9 muito importante quando esse alimento for oferecido pela primeira vez, a fim de evitar estresse nutricional e promover a aceita\u00e7\u00e3o do novo alimento de forma mais eficiente.<\/p>\n<p>Misturar o produto \u00e0 alimenta\u00e7\u00e3o anterior, conforme a tabela de transi\u00e7\u00e3o alimentar a seguir sugerida:<\/p>\n<p>Dia 1 ao 5: \u00bc Alcon Club Silvestres Mix | \u00be alimenta\u00e7\u00e3o anterior.<br \/>Dia 6 ao 12: \u00bd Alcon Club Silvestres Mix | \u00bd alimenta\u00e7\u00e3o anterior.<br \/>Dia 13 ao 17: \u00be Alcon Club Silvestres Mix | \u00bc alimenta\u00e7\u00e3o anterior.<br \/>A partir do dia 18, somente Alcon Club Silvestres Mix.<\/p>\n<p>Alcon Club Silvestres Mix \u00e9 um alimento completo e balanceado.<\/p>\n<p>N\u00e3o \u00e9 recomendado adicionar \u00e0 dieta suplementos nutricionais no per\u00edodo de manuten\u00e7\u00e3o, ou sem recomenda\u00e7\u00e3o profissional.<br \/>\u00c9 essencial visitar regularmente um m\u00e9dico veterin\u00e1rio especializado, para garantir a sa\u00fade e o bem-estar dos p\u00e1ssaros.<\/p>\n<p>Composi\u00e7\u00e3o B\u00e1sica: Ma\u00e7\u00e3 desidratada (1,7%), beterraba desidratada, mam\u00e3o desidratado (4,9%), laranja desidratada, cenoura desidratada, larva de mosca soldado negra (1,4%), ovo em p\u00f3, aditivo zoot\u00e9cnico prebi\u00f3tico, levedura inativada desidratada, carbonato de c\u00e1lcio, aditivo nutricional mineral, prote\u00edna texturizada de soja, aditivo nutricional vitam\u00ednico mineral, farinha de milho, \u00f3leo de soja refinado, farelo de soja, aditivo sensorial aromatizante (aroma de manga), aditivo sensorial pigmentante (extrato de urucum), aditivo sensorial corante (carmim de cochonilha), aditivos tecnol\u00f3gicos antioxidantes (\u00e1cido c\u00edtrico, BHA, BHT). Esp\u00e9cies doadoras de gene: Agrobacterium tumefaciens, Bacillus thuringiensis, Arabidopsis thaliana, Streptomyces viridochromogenes.<\/p>","protected":false},"excerpt":{"rendered":"<p>Alcon Club Silvestres Mix 550g Super Premium Alimento completo para P\u00e1ssaros Silvestres Alcon Club Silvestres Mix \u00e9 um alimento completo Super Premium, cientificamente elaborado para suprir as necessidades nutricionais e energ\u00e9ticas de P\u00e1ssaros Silvestres adultos durante a fase de manuten\u00e7\u00e3o.Sua composi\u00e7\u00e3o balanceada, livre de corantes artificiais e palatabilizantes, combina o alimento extrusado com frutas desidratadas [&hellip;]<\/p>\n","protected":false},"featured_media":1410781662,"comment_status":"open","ping_status":"closed","template":"","meta":{"googlesitekit_rrm_CAow0N7NCw:productID":"","content-type":"","pmpro_default_level":"","_themeisle_gutenberg_block_has_review":false},"product_brand":[332],"product_cat":[227],"product_tag":[],"class_list":{"0":"post-1410781665","1":"product","2":"type-product","3":"status-publish","4":"has-post-thumbnail","6":"product_brand-alcon","7":"product_cat-racao","8":"aux-has-gallery","9":"pmpro-has-access","11":"first","12":"instock","13":"taxable","14":"shipping-taxable","15":"purchasable","16":"product-type-simple"},"_links":{"self":[{"href":"https:\/\/dinhosreef.com\/en\/wp-json\/wp\/v2\/product\/1410781665","targetHints":{"allow":["GET"]}}],"collection":[{"href":"https:\/\/dinhosreef.com\/en\/wp-json\/wp\/v2\/product"}],"about":[{"href":"https:\/\/dinhosreef.com\/en\/wp-json\/wp\/v2\/types\/product"}],"replies":[{"embeddable":true,"href":"https:\/\/dinhosreef.com\/en\/wp-json\/wp\/v2\/comments?post=1410781665"}],"wp:featuredmedia":[{"embeddable":true,"href":"https:\/\/dinhosreef.com\/en\/wp-json\/wp\/v2\/media\/1410781662"}],"wp:attachment":[{"href":"https:\/\/dinhosreef.com\/en\/wp-json\/wp\/v2\/media?parent=1410781665"}],"wp:term":[{"taxonomy":"product_brand","embeddable":true,"href":"https:\/\/dinhosreef.com\/en\/wp-json\/wp\/v2\/product_brand?post=1410781665"},{"taxonomy":"product_cat","embeddable":true,"href":"https:\/\/dinhosreef.com\/en\/wp-json\/wp\/v2\/product_cat?post=1410781665"},{"taxonomy":"product_tag","embeddable":true,"href":"https:\/\/dinhosreef.com\/en\/wp-json\/wp\/v2\/product_tag?post=1410781665"}],"curies":[{"name":"wp","href":"https:\/\/api.w.org\/{rel}","templated":true}]}}