{"id":1410781672,"date":"2025-03-05T10:41:38","date_gmt":"2025-03-05T13:41:38","guid":{"rendered":"https:\/\/dinhosreef.com\/produto\/extrusada-alcon-club-trinca-ferro-310-gr\/"},"modified":"2026-04-09T20:12:20","modified_gmt":"2026-04-09T23:12:20","slug":"extrusada-alcon-club-trinca-ferro-310-gr","status":"publish","type":"product","link":"https:\/\/dinhosreef.com\/en\/product\/extrusada-alcon-club-trinca-ferro-310-gr\/","title":{"rendered":"EXTRUSADA ALCON CLUB TRINCA-FERRO 310 GR"},"content":{"rendered":"<p>Alcon Club Trinca-Ferro \u00e9 um alimento extrusado completo, de f\u00e1cil digest\u00e3o, elaborado com ingredientes selecionados, vitaminas e minerais de alta qualidade. Indicado para a nutri\u00e7\u00e3o de Trinca-Ferros (Pixarros) e outros p\u00e1ssaros frug\u00edvoros como Main\u00e1s, Sanha\u00e7os e Ti\u00e9s. Este produto da marca Alcon \u00e9 novo e vem em uma embalagem de 310g, contendo uma unidade. O modelo Trinca-Ferro \u00e9 especialmente formulado para atender \u00e0s necessidades nutricionais dessas aves, garantindo uma alimenta\u00e7\u00e3o balanceada e saud\u00e1vel. Com caracter\u00edsticas n\u00e3o vo\u00e1veis, este alimento \u00e9 ideal para manter seus p\u00e1ssaros em \u00f3timo estado de sa\u00fade e bem-estar.<\/p>","protected":false},"excerpt":{"rendered":"<p>Alcon Club Trinca-Ferro \u00e9 um alimento extrusado completo, de f\u00e1cil digest\u00e3o, elaborado com ingredientes selecionados, vitaminas e minerais de alta qualidade. Indicado para a nutri\u00e7\u00e3o de Trinca-Ferros (Pixarros) e outros p\u00e1ssaros frug\u00edvoros como Main\u00e1s, Sanha\u00e7os e Ti\u00e9s. Este produto da marca Alcon \u00e9 novo e vem em uma embalagem de 310g, contendo uma unidade. O [&hellip;]<\/p>\n","protected":false},"featured_media":1410781670,"comment_status":"open","ping_status":"closed","template":"","meta":{"googlesitekit_rrm_CAow0N7NCw:productID":"","content-type":"","pmpro_default_level":"","_themeisle_gutenberg_block_has_review":false},"product_brand":[332],"product_cat":[227],"product_tag":[],"class_list":{"0":"post-1410781672","1":"product","2":"type-product","3":"status-publish","4":"has-post-thumbnail","6":"product_brand-alcon","7":"product_cat-racao","8":"aux-has-gallery","9":"pmpro-has-access","11":"first","12":"instock","13":"taxable","14":"shipping-taxable","15":"purchasable","16":"product-type-simple"},"_links":{"self":[{"href":"https:\/\/dinhosreef.com\/en\/wp-json\/wp\/v2\/product\/1410781672","targetHints":{"allow":["GET"]}}],"collection":[{"href":"https:\/\/dinhosreef.com\/en\/wp-json\/wp\/v2\/product"}],"about":[{"href":"https:\/\/dinhosreef.com\/en\/wp-json\/wp\/v2\/types\/product"}],"replies":[{"embeddable":true,"href":"https:\/\/dinhosreef.com\/en\/wp-json\/wp\/v2\/comments?post=1410781672"}],"wp:featuredmedia":[{"embeddable":true,"href":"https:\/\/dinhosreef.com\/en\/wp-json\/wp\/v2\/media\/1410781670"}],"wp:attachment":[{"href":"https:\/\/dinhosreef.com\/en\/wp-json\/wp\/v2\/media?parent=1410781672"}],"wp:term":[{"taxonomy":"product_brand","embeddable":true,"href":"https:\/\/dinhosreef.com\/en\/wp-json\/wp\/v2\/product_brand?post=1410781672"},{"taxonomy":"product_cat","embeddable":true,"href":"https:\/\/dinhosreef.com\/en\/wp-json\/wp\/v2\/product_cat?post=1410781672"},{"taxonomy":"product_tag","embeddable":true,"href":"https:\/\/dinhosreef.com\/en\/wp-json\/wp\/v2\/product_tag?post=1410781672"}],"curies":[{"name":"wp","href":"https:\/\/api.w.org\/{rel}","templated":true}]}}