{"id":1410781708,"date":"2025-03-05T10:42:50","date_gmt":"2025-03-05T13:42:50","guid":{"rendered":"https:\/\/dinhosreef.com\/produto\/alcon-colours-10-gr\/"},"modified":"2026-03-09T09:54:39","modified_gmt":"2026-03-09T12:54:39","slug":"alcon-colours-10-gr","status":"publish","type":"product","link":"https:\/\/dinhosreef.com\/en\/product\/alcon-colours-10-gr\/","title":{"rendered":"ALCON COLOURS 10 GR"},"content":{"rendered":"<p>Alcon Colours foi desenvolvido para real\u00e7ar as cores naturais e nutrir com qualidade os peixes ornamentais. Seus flocos combinam uma grande variedade de ingredientes selecionados. O carotenoide astaxantina estimula o realce das cores nos peixes tropicais e marinhos. Para maior biodisponibilidade dos minerais ao organismo dos peixes, possui em sua composi\u00e7\u00e3o minerais org\u00e2nicos quelatados. Esta formula\u00e7\u00e3o especial tamb\u00e9m cont\u00e9m Enzimas Digestivas e Prebi\u00f3tico, que favorecem o desenvolvimento da flora intestinal ben\u00e9fica, melhorando o aproveitamento dos nutrientes. N\u00e3o cont\u00e9m corantes artificiais. Para a manuten\u00e7\u00e3o adequada dos aqu\u00e1rios utilize a linha de testes, condicionadores e corretivos Labcon.<\/p>\n<p>Forma de uso:<br \/>Fornecer quantidade a ser totalmente consumida em at\u00e9 cinco minutos, de duas a quatro vezes por dia.<\/p>\n<p>Enriquecimento por kg de produto:<br \/>Vitamina A 30.000 UI<br \/>Vitamina D3 5.000 UI<br \/>Vitamina E 83,3 UI<br \/>Vitamina K3 8,3 mg<br \/>Vitamina B1 6,7 mg<br \/>Vitamina B2 25 mg<br \/>Vitamina B6 6,7 mg<br \/>Vitamina B12 33,3 mcg<br \/>Niacina 116,7 mg<br \/>Pantotenato de c\u00e1lcio 50 mg<br \/>Biotina 0,33 mg<br \/>\u00c1cido f\u00f3lico 2,5 mg<br \/>Colina 520 mg<br \/>Ferro 83,3 mg<br \/>8,3 mg<br \/>Zinco 83,3 mg<br \/>Mangan\u00eas 66,7 mg<br \/>Sel\u00eanio 0,25 mg<br \/>Iodo 1,67 mg<br \/>Metionina 833,3 mg<br \/>Vitamina C 250 mg<\/p>\n<p>N\u00edveis de Garantia:<br \/>Umidade (m\u00e1x.) 100 g\/kg (10 %)<br \/>Prote\u00edna bruta (m\u00edn.) 420 g\/kg (42 %)<br \/>Extrato et\u00e9reo (m\u00edn.) 50 g\/kg (5 %)<br \/>Mat\u00e9ria fibrosa (m\u00e1x.) 60 g\/kg (6 %)<br \/>Mat\u00e9ria mineral (m\u00e1x.) 150 g\/kg (15 %)<br \/>C\u00e1lcio (m\u00e1x.) 50 g\/kg (5 %)<br \/>C\u00e1lcio (m\u00edn.) 20 g\/kg (2 %)<br \/>F\u00f3sforo (m\u00edn.) 7.000 mg\/kg (0,7 %)<br \/>Mananoligossacar\u00eddeo (m\u00edn.) 200 mg\/kg (0,02 %)<br \/>Protease (m\u00edn.) 350 u\/kg<br \/>Amilase (m\u00edn.) 15 u\/kg<br \/>Celulase (m\u00edn.) 20 u\/kg<\/p>","protected":false},"excerpt":{"rendered":"<p>Alcon Colours foi desenvolvido para real\u00e7ar as cores naturais e nutrir com qualidade os peixes ornamentais. Seus flocos combinam uma grande variedade de ingredientes selecionados. O carotenoide astaxantina estimula o realce das cores nos peixes tropicais e marinhos. Para maior biodisponibilidade dos minerais ao organismo dos peixes, possui em sua composi\u00e7\u00e3o minerais org\u00e2nicos quelatados. Esta [&hellip;]<\/p>\n","protected":false},"featured_media":1410781706,"comment_status":"open","ping_status":"closed","template":"","meta":{"googlesitekit_rrm_CAow0N7NCw:productID":"","content-type":"","pmpro_default_level":"","_themeisle_gutenberg_block_has_review":false},"product_brand":[332],"product_cat":[57],"product_tag":[],"class_list":{"0":"post-1410781708","1":"product","2":"type-product","3":"status-publish","4":"has-post-thumbnail","6":"product_brand-alcon","7":"product_cat-alimentos","8":"aux-has-gallery","9":"pmpro-has-access","11":"first","12":"outofstock","13":"taxable","14":"shipping-taxable","15":"purchasable","16":"product-type-simple"},"_links":{"self":[{"href":"https:\/\/dinhosreef.com\/en\/wp-json\/wp\/v2\/product\/1410781708","targetHints":{"allow":["GET"]}}],"collection":[{"href":"https:\/\/dinhosreef.com\/en\/wp-json\/wp\/v2\/product"}],"about":[{"href":"https:\/\/dinhosreef.com\/en\/wp-json\/wp\/v2\/types\/product"}],"replies":[{"embeddable":true,"href":"https:\/\/dinhosreef.com\/en\/wp-json\/wp\/v2\/comments?post=1410781708"}],"wp:featuredmedia":[{"embeddable":true,"href":"https:\/\/dinhosreef.com\/en\/wp-json\/wp\/v2\/media\/1410781706"}],"wp:attachment":[{"href":"https:\/\/dinhosreef.com\/en\/wp-json\/wp\/v2\/media?parent=1410781708"}],"wp:term":[{"taxonomy":"product_brand","embeddable":true,"href":"https:\/\/dinhosreef.com\/en\/wp-json\/wp\/v2\/product_brand?post=1410781708"},{"taxonomy":"product_cat","embeddable":true,"href":"https:\/\/dinhosreef.com\/en\/wp-json\/wp\/v2\/product_cat?post=1410781708"},{"taxonomy":"product_tag","embeddable":true,"href":"https:\/\/dinhosreef.com\/en\/wp-json\/wp\/v2\/product_tag?post=1410781708"}],"curies":[{"name":"wp","href":"https:\/\/api.w.org\/{rel}","templated":true}]}}