{"id":1410781716,"date":"2025-03-05T10:43:02","date_gmt":"2025-03-05T13:43:02","guid":{"rendered":"https:\/\/dinhosreef.com\/produto\/alcon-basic-10-gr\/"},"modified":"2026-04-08T16:47:54","modified_gmt":"2026-04-08T19:47:54","slug":"alcon-basic-10-gr","status":"publish","type":"product","link":"https:\/\/dinhosreef.com\/en\/product\/alcon-basic-10-gr\/","title":{"rendered":"ALCON BASIC 10 GR"},"content":{"rendered":"<p>Alcon Basic \u00e9 um alimento completo em flocos para peixes ornamentais que combina uma grande variedade de ingredientes naturais selecionados. Cont\u00e9m minerais org\u00e2nicos quelatados para maior biodisponibilidade ao organismo dos peixes. Enzimas Digestivas e Prebi\u00f3tico contribuem para o desenvolvimento da flora intestinal ben\u00e9fica, melhorando o aproveitamento dos nutrientes. N\u00e3o possui corantes artificiais.<\/p>\n<p>Forma de uso<\/p>\n<p>Fornecer quantidade a ser totalmente consumida em at\u00e9 5 minutos, de duas a quatro vezes por dia.<\/p>\n<p>Ingredientes<\/p>\n<p>Farelo de soja, farinha de peixe, creme de milho, farinha de lula, adsorvente de micotoxinas, leveduras, \u00f3leo de soja refinado, espirulina desidratada, corantes naturais (cochonilha, urucum, c\u00farcuma) (1,54 %), prote\u00edna isolada de soja, premix vitam\u00ednico mineral (0,85 %), \u00f3leo de peixe, f\u00e9cula de mandioca, cloreto de s\u00f3dio, beterraba desidratada, farinha de minhoca, premix mineral (0,1 %), aditivo prebi\u00f3tico (0,09 %), antioxidantes (Etoxiquin, Propilgalato, \u00e1cido c\u00edtrico, BHA, BHT), aditivo enzim\u00e1tico (0,05 %).<\/p>\n<p>Enriquecimento por kg de produto<\/p>\n<p>Vitamina A 30.000 UI<br \/>Vitamina D3 5.000 UI<br \/>Vitamina E 83,3 UI<br \/>Vitamina K3 8,3 mg<br \/>Vitamina C 250 mg<br \/>Vitamina B1 6,7 mg<br \/>Vitamina B2 25 mg<br \/>Vitamina B6 6,7 mg<br \/>Vitamina B12 33,3 mcg<br \/>Niacina 116,7 mg<br \/>Pantotenato de c\u00e1lcio 50 mg<br \/>Biotina 0,33 mg<br \/>\u00c1cido f\u00f3lico 2,5 mg<br \/>Colina 520 mg<br \/>Ferro 83,3 mg<br \/>Cobre 8,3 mg<br \/>Zinco 83,3 mg<br \/>Mangan\u00eas 66,7 mg<br \/>Sel\u00eanio 0,25 mg<br \/>Iodo 1,67 mg<br \/>Metionina 833,3 mg<\/p>\n<p>N\u00edveis de Garantia<\/p>\n<p>Umidade (m\u00e1x.) 10 %<br \/>Prote\u00edna bruta (m\u00edn.) 45 %<br \/>Extrato et\u00e9reo (m\u00edn.) 5 %<br \/>Mat\u00e9ria fibrosa (m\u00e1x.) 5 %<br \/>Mat\u00e9ria mineral (m\u00e1x.) 15 %<br \/>C\u00e1lcio (m\u00e1x.) 5 %<br \/>C\u00e1lcio (m\u00edn.) 2 %<br \/>F\u00f3sforo (m\u00edn.) 0,7 %<br \/>Mananoligossacar\u00eddeo (m\u00edn.) 0,02 %<br \/>Protease (m\u00edn.) 350 u\/kg<br \/>Amilase (m\u00edn.) 15 u\/kg<br \/>Celulase (m\u00edn.) 20 u\/kg<\/p>","protected":false},"excerpt":{"rendered":"<p>Alcon Basic \u00e9 um alimento completo em flocos para peixes ornamentais que combina uma grande variedade de ingredientes naturais selecionados. Cont\u00e9m minerais org\u00e2nicos quelatados para maior biodisponibilidade ao organismo dos peixes. Enzimas Digestivas e Prebi\u00f3tico contribuem para o desenvolvimento da flora intestinal ben\u00e9fica, melhorando o aproveitamento dos nutrientes. N\u00e3o possui corantes artificiais. Forma de uso [&hellip;]<\/p>\n","protected":false},"featured_media":1410781713,"comment_status":"open","ping_status":"closed","template":"","meta":{"googlesitekit_rrm_CAow0N7NCw:productID":"","content-type":"","pmpro_default_level":"","_themeisle_gutenberg_block_has_review":false},"product_brand":[332],"product_cat":[57],"product_tag":[],"class_list":{"0":"post-1410781716","1":"product","2":"type-product","3":"status-publish","4":"has-post-thumbnail","6":"product_brand-alcon","7":"product_cat-alimentos","8":"aux-has-gallery","9":"pmpro-has-access","11":"first","12":"instock","13":"taxable","14":"shipping-taxable","15":"purchasable","16":"product-type-simple"},"_links":{"self":[{"href":"https:\/\/dinhosreef.com\/en\/wp-json\/wp\/v2\/product\/1410781716","targetHints":{"allow":["GET"]}}],"collection":[{"href":"https:\/\/dinhosreef.com\/en\/wp-json\/wp\/v2\/product"}],"about":[{"href":"https:\/\/dinhosreef.com\/en\/wp-json\/wp\/v2\/types\/product"}],"replies":[{"embeddable":true,"href":"https:\/\/dinhosreef.com\/en\/wp-json\/wp\/v2\/comments?post=1410781716"}],"wp:featuredmedia":[{"embeddable":true,"href":"https:\/\/dinhosreef.com\/en\/wp-json\/wp\/v2\/media\/1410781713"}],"wp:attachment":[{"href":"https:\/\/dinhosreef.com\/en\/wp-json\/wp\/v2\/media?parent=1410781716"}],"wp:term":[{"taxonomy":"product_brand","embeddable":true,"href":"https:\/\/dinhosreef.com\/en\/wp-json\/wp\/v2\/product_brand?post=1410781716"},{"taxonomy":"product_cat","embeddable":true,"href":"https:\/\/dinhosreef.com\/en\/wp-json\/wp\/v2\/product_cat?post=1410781716"},{"taxonomy":"product_tag","embeddable":true,"href":"https:\/\/dinhosreef.com\/en\/wp-json\/wp\/v2\/product_tag?post=1410781716"}],"curies":[{"name":"wp","href":"https:\/\/api.w.org\/{rel}","templated":true}]}}