{"id":1410781788,"date":"2025-03-06T21:59:55","date_gmt":"2025-03-07T00:59:55","guid":{"rendered":"https:\/\/dinhosreef.com\/produto\/termostato-aquecedor-x-5-500w220v-ocean-tech\/"},"modified":"2025-11-05T13:50:18","modified_gmt":"2025-11-05T16:50:18","slug":"termostato-aquecedor-x-5-500w220v-ocean-tech","status":"publish","type":"product","link":"https:\/\/dinhosreef.com\/en\/product\/termostato-aquecedor-x-5-500w220v-ocean-tech\/","title":{"rendered":"TERMOSTATO AQUECEDOR X-5 500W220V  &#8211;  OCEAN TECH"},"content":{"rendered":"<p>O aquecedor com termostato Warmer X-5 500W \u00e9 adequado para aqu\u00e1rios de 500 \u00e0 1000 Litros.<\/p>\n<p>Constru\u00eddo com materiais de alta qualidade, o termostato Ocean Tech Warmer X-5 proporciona estabilidade e seguran\u00e7a na temperatura do aqu\u00e1rio, com um painel intuitivo para ajustes f\u00e1ceis. Possui tubo de quartzo de alta performance e resistente \u00e0 corros\u00e3o.<\/p>\n<p>CARACTER\u00cdSTICAS:<br \/>&#8211; A temperatura de aquecimento pode ser ajustada entre 20\u00baC \u00e0 34\u00baC, com uma toler\u00e2ncia menor do que 1\u00baC.<br \/>&#8211; Resist\u00eancia de puro n\u00edquel-cromo, resistente \u00e0 corros\u00e3o.<br \/>&#8211; Materiais de alta qualidade para r\u00e1pida transfer\u00eancia de calor e opera\u00e7\u00e3o constante.<br \/>&#8211; Totalmente \u00e0 prova d&#8217;\u00e1gua, seguro e confi\u00e1vel.<br \/>&#8211; Tubo de quartzo de alta performance e resistente contra corros\u00e3o.<br \/>&#8211; F\u00e1cil instala\u00e7\u00e3o e manuten\u00e7\u00e3o, adequado para aqu\u00e1rios de \u00e1gua doce e salgada.<br \/>&#8211; Alta efici\u00eancia e economia de energia.<\/p>\n<p>INFORMA\u00c7\u00d5ES T\u00c9CNICAS:<br \/>&#8211; Pot\u00eancia: 500W.<br \/>&#8211; Voltagem: dispon\u00edvel em 127V ou 220V.<br \/>&#8211; Controle de Temperatura: sim (20-34\u00b0C).<br \/>&#8211; Comprimento do Cabo: aproximadamente 1 metro.<br \/>&#8211; Dimens\u00f5es: 46cm (comprimento) x 3cm (di\u00e2metro).<br \/>&#8211; C\u00e1lculo de Pot\u00eancia x Volume: 1 \u00e0 2 Watts por Litro.<\/p>\n<p>INSTRU\u00c7\u00d5ES DE USO:<br \/>&#8211; Fixe as ventosas no aqu\u00e1rio e prenda o aquecedor nelas, garantindo que esteja totalmente submerso.<br \/>&#8211; Ajuste a temperatura desejada entre 20\u00baC e 34\u00baC girando o bot\u00e3o na extremidade do aquecedor.<br \/>&#8211; O aquecedor deve ser colocado na posi\u00e7\u00e3o vertical e estar totalmente submerso, nunca ligar com qualquer parte fora da \u00e1gua.<br \/>&#8211; Ao conectar a tomada de energia, uma luz vermelha indicar\u00e1 que o aquecedor est\u00e1 em funcionamento.<br \/>&#8211; Mantenha uma boa circula\u00e7\u00e3o de \u00e1gua no aqu\u00e1rio para uma leitura de temperatura uniforme.<\/p>\n<p>CUIDADOS RECOMENTADOS:<br \/>&#8211; Limpe o aquecedor regularmente.<br \/>&#8211; Desligue o aquecedor da tomada 10 minutos antes de limpar o aqu\u00e1rio ou fazer manuten\u00e7\u00e3o para o completo resfriamento.<br \/>&#8211; Em aqu\u00e1rios marinhos, pode ocorrer calcifica\u00e7\u00e3o no tubo de quartzo; nesse caso, deixe o aquecedor de molho em vinagre para remover o c\u00e1lcio.<br \/>&#8211; Se o aquecedor n\u00e3o for utilizado por um per\u00edodo, limpe-o e guarde-o em local seguro.<\/p>","protected":false},"excerpt":{"rendered":"<p>O aquecedor com termostato Warmer X-5 500W \u00e9 adequado para aqu\u00e1rios de 500 \u00e0 1000 Litros. Constru\u00eddo com materiais de alta qualidade, o termostato Ocean Tech Warmer X-5 proporciona estabilidade e seguran\u00e7a na temperatura do aqu\u00e1rio, com um painel intuitivo para ajustes f\u00e1ceis. Possui tubo de quartzo de alta performance e resistente \u00e0 corros\u00e3o. CARACTER\u00cdSTICAS:&#8211; [&hellip;]<\/p>\n","protected":false},"featured_media":1410781787,"comment_status":"open","ping_status":"closed","template":"","meta":{"googlesitekit_rrm_CAow0N7NCw:productID":"","content-type":"","pmpro_default_level":"","_themeisle_gutenberg_block_has_review":false},"product_brand":[],"product_cat":[159],"product_tag":[],"class_list":{"0":"post-1410781788","1":"product","2":"type-product","3":"status-publish","4":"has-post-thumbnail","6":"product_cat-termostatos","7":"pmpro-has-access","9":"first","10":"outofstock","11":"taxable","12":"shipping-taxable","13":"purchasable","14":"product-type-simple"},"_links":{"self":[{"href":"https:\/\/dinhosreef.com\/en\/wp-json\/wp\/v2\/product\/1410781788","targetHints":{"allow":["GET"]}}],"collection":[{"href":"https:\/\/dinhosreef.com\/en\/wp-json\/wp\/v2\/product"}],"about":[{"href":"https:\/\/dinhosreef.com\/en\/wp-json\/wp\/v2\/types\/product"}],"replies":[{"embeddable":true,"href":"https:\/\/dinhosreef.com\/en\/wp-json\/wp\/v2\/comments?post=1410781788"}],"wp:featuredmedia":[{"embeddable":true,"href":"https:\/\/dinhosreef.com\/en\/wp-json\/wp\/v2\/media\/1410781787"}],"wp:attachment":[{"href":"https:\/\/dinhosreef.com\/en\/wp-json\/wp\/v2\/media?parent=1410781788"}],"wp:term":[{"taxonomy":"product_brand","embeddable":true,"href":"https:\/\/dinhosreef.com\/en\/wp-json\/wp\/v2\/product_brand?post=1410781788"},{"taxonomy":"product_cat","embeddable":true,"href":"https:\/\/dinhosreef.com\/en\/wp-json\/wp\/v2\/product_cat?post=1410781788"},{"taxonomy":"product_tag","embeddable":true,"href":"https:\/\/dinhosreef.com\/en\/wp-json\/wp\/v2\/product_tag?post=1410781788"}],"curies":[{"name":"wp","href":"https:\/\/api.w.org\/{rel}","templated":true}]}}