{"id":1410781934,"date":"2025-03-10T13:33:57","date_gmt":"2025-03-10T16:33:57","guid":{"rendered":"https:\/\/dinhosreef.com\/produto\/betta-condicionador-de-agua\/"},"modified":"2025-12-29T11:14:26","modified_gmt":"2025-12-29T14:14:26","slug":"betta-condicionador-de-agua","status":"publish","type":"product","link":"https:\/\/dinhosreef.com\/en\/product\/betta-condicionador-de-agua\/","title":{"rendered":"BETTA CONDICIONADOR DE AGUA"},"content":{"rendered":"<p>Delta Betta Anticloro Condicionador Para \u00c1gua 20ml<\/p>\n<p>\u00c9 um produto formulado para uso em aqu\u00e1rios e lagos, projetado para neutralizar de forma eficaz o cloro e cloraminas presentes na \u00e1gua. O cloro e as cloraminas podem ser prejudiciais para os peixes e outros organismos aqu\u00e1ticos. O DeltaClean\u00ae \u00e9 essencial para garantir que a \u00e1gua seja segura para todos os seres vivos do aqu\u00e1rio.<\/p>\n<p>O Delta Anticloro tamb\u00e9m auxilia na remo\u00e7\u00e3o de metais pesados que podem estar presentes em concentra\u00e7\u00f5es m\u00ednimas na \u00e1gua de abastecimento.<\/p>\n<p>Cont\u00e9m extrato de Aloe Vera, que reduz o estresse e acelera a regenera\u00e7\u00e3o da epiderme dos peixes, diminuindo riscos de inflama\u00e7\u00f5es.<\/p>\n<p>Possui prebi\u00f3tico, para equilibrar a microbiota do aqu\u00e1rio, estimular a microbiota intestinal dos animais e melhorar a convers\u00e3o do alimento.<\/p>","protected":false},"excerpt":{"rendered":"<p>Delta Betta Anticloro Condicionador Para \u00c1gua 20ml \u00c9 um produto formulado para uso em aqu\u00e1rios e lagos, projetado para neutralizar de forma eficaz o cloro e cloraminas presentes na \u00e1gua. O cloro e as cloraminas podem ser prejudiciais para os peixes e outros organismos aqu\u00e1ticos. O DeltaClean\u00ae \u00e9 essencial para garantir que a \u00e1gua seja [&hellip;]<\/p>\n","protected":false},"featured_media":1410781932,"comment_status":"open","ping_status":"closed","template":"","meta":{"googlesitekit_rrm_CAow0N7NCw:productID":"","content-type":"","pmpro_default_level":"","_themeisle_gutenberg_block_has_review":false},"product_brand":[],"product_cat":[47],"product_tag":[],"class_list":{"0":"post-1410781934","1":"product","2":"type-product","3":"status-publish","4":"has-post-thumbnail","6":"product_cat-condicionadores-de-agua","7":"aux-has-gallery","8":"pmpro-has-access","10":"first","11":"outofstock","12":"taxable","13":"shipping-taxable","14":"purchasable","15":"product-type-simple"},"_links":{"self":[{"href":"https:\/\/dinhosreef.com\/en\/wp-json\/wp\/v2\/product\/1410781934","targetHints":{"allow":["GET"]}}],"collection":[{"href":"https:\/\/dinhosreef.com\/en\/wp-json\/wp\/v2\/product"}],"about":[{"href":"https:\/\/dinhosreef.com\/en\/wp-json\/wp\/v2\/types\/product"}],"replies":[{"embeddable":true,"href":"https:\/\/dinhosreef.com\/en\/wp-json\/wp\/v2\/comments?post=1410781934"}],"wp:featuredmedia":[{"embeddable":true,"href":"https:\/\/dinhosreef.com\/en\/wp-json\/wp\/v2\/media\/1410781932"}],"wp:attachment":[{"href":"https:\/\/dinhosreef.com\/en\/wp-json\/wp\/v2\/media?parent=1410781934"}],"wp:term":[{"taxonomy":"product_brand","embeddable":true,"href":"https:\/\/dinhosreef.com\/en\/wp-json\/wp\/v2\/product_brand?post=1410781934"},{"taxonomy":"product_cat","embeddable":true,"href":"https:\/\/dinhosreef.com\/en\/wp-json\/wp\/v2\/product_cat?post=1410781934"},{"taxonomy":"product_tag","embeddable":true,"href":"https:\/\/dinhosreef.com\/en\/wp-json\/wp\/v2\/product_tag?post=1410781934"}],"curies":[{"name":"wp","href":"https:\/\/api.w.org\/{rel}","templated":true}]}}