{"id":1410781937,"date":"2025-03-10T13:34:10","date_gmt":"2025-03-10T16:34:10","guid":{"rendered":"https:\/\/dinhosreef.com\/produto\/betta-acelerador-biologico\/"},"modified":"2025-12-29T11:14:33","modified_gmt":"2025-12-29T14:14:33","slug":"betta-acelerador-biologico","status":"publish","type":"product","link":"https:\/\/dinhosreef.com\/en\/product\/betta-acelerador-biologico\/","title":{"rendered":"BETTA ACELERADOR BIOLOGICO"},"content":{"rendered":"<p>Delta Betta \u00e9 um produto biol\u00f3gico que cont\u00e9m microrganismos ben\u00e9ficos como bact\u00e9rias nitrificantes e desnitrificantes que possuem a capacidade de reduzir bioquimicamente as mol\u00e9culas de am\u00f4nia e de nitrato, realizando o ciclo completo do nitrog\u00eanio.<\/p>\n<p>Bact\u00e9rias l\u00e1ticas, produtoras de \u00e1cido l\u00e1tico, subst\u00e2ncia com propriedades antibacterianas e degradadoras de dejetos org\u00e2nicos, leveduras que estimulam e aumentam a imunidade dos peixes.<\/p>\n<p>Bact\u00e9rias fotossint\u00e9ticas (p\u00farpuras n\u00e3o sulforosas) que s\u00e3o respons\u00e1veis por neutralizar g\u00e1s sulf\u00eddrico at\u00e9 sulfatos, reduzindo odores indesej\u00e1veis, auxiliam na assimila\u00e7\u00e3o e solubiliza\u00e7\u00e3o dos fosfatos org\u00e2nicos e inorg\u00e2nicos. A diversidade dos microrganismos contribui tamb\u00e9m para a\u00e7\u00e3o simbi\u00f3tica com os corais, onde as bact\u00e9rias se alimentam de subst\u00e2ncias org\u00e2nicas produzidas pelos corais e os protegem de outros microrganismos patog\u00eanicos. Esta formula\u00e7\u00e3o fortalece as defesas do sistema imunol\u00f3gico dos peixes e melhora a qualidade da \u00e1gua, completamente segura para todos organismos aqu\u00e1ticos.<\/p>","protected":false},"excerpt":{"rendered":"<p>Delta Betta \u00e9 um produto biol\u00f3gico que cont\u00e9m microrganismos ben\u00e9ficos como bact\u00e9rias nitrificantes e desnitrificantes que possuem a capacidade de reduzir bioquimicamente as mol\u00e9culas de am\u00f4nia e de nitrato, realizando o ciclo completo do nitrog\u00eanio. Bact\u00e9rias l\u00e1ticas, produtoras de \u00e1cido l\u00e1tico, subst\u00e2ncia com propriedades antibacterianas e degradadoras de dejetos org\u00e2nicos, leveduras que estimulam e aumentam [&hellip;]<\/p>\n","protected":false},"featured_media":1410781935,"comment_status":"open","ping_status":"closed","template":"","meta":{"googlesitekit_rrm_CAow0N7NCw:productID":"","content-type":"","pmpro_default_level":"","_themeisle_gutenberg_block_has_review":false},"product_brand":[],"product_cat":[47],"product_tag":[],"class_list":{"0":"post-1410781937","1":"product","2":"type-product","3":"status-publish","4":"has-post-thumbnail","6":"product_cat-condicionadores-de-agua","7":"aux-has-gallery","8":"pmpro-has-access","10":"first","11":"outofstock","12":"taxable","13":"shipping-taxable","14":"purchasable","15":"product-type-simple"},"_links":{"self":[{"href":"https:\/\/dinhosreef.com\/en\/wp-json\/wp\/v2\/product\/1410781937","targetHints":{"allow":["GET"]}}],"collection":[{"href":"https:\/\/dinhosreef.com\/en\/wp-json\/wp\/v2\/product"}],"about":[{"href":"https:\/\/dinhosreef.com\/en\/wp-json\/wp\/v2\/types\/product"}],"replies":[{"embeddable":true,"href":"https:\/\/dinhosreef.com\/en\/wp-json\/wp\/v2\/comments?post=1410781937"}],"wp:featuredmedia":[{"embeddable":true,"href":"https:\/\/dinhosreef.com\/en\/wp-json\/wp\/v2\/media\/1410781935"}],"wp:attachment":[{"href":"https:\/\/dinhosreef.com\/en\/wp-json\/wp\/v2\/media?parent=1410781937"}],"wp:term":[{"taxonomy":"product_brand","embeddable":true,"href":"https:\/\/dinhosreef.com\/en\/wp-json\/wp\/v2\/product_brand?post=1410781937"},{"taxonomy":"product_cat","embeddable":true,"href":"https:\/\/dinhosreef.com\/en\/wp-json\/wp\/v2\/product_cat?post=1410781937"},{"taxonomy":"product_tag","embeddable":true,"href":"https:\/\/dinhosreef.com\/en\/wp-json\/wp\/v2\/product_tag?post=1410781937"}],"curies":[{"name":"wp","href":"https:\/\/api.w.org\/{rel}","templated":true}]}}