{"id":1410781963,"date":"2025-03-12T14:06:40","date_gmt":"2025-03-12T17:06:40","guid":{"rendered":"https:\/\/dinhosreef.com\/produto\/luminaria-led-soma-x5-preta-10w-led-branco-azul-127v\/"},"modified":"2025-09-15T06:19:22","modified_gmt":"2025-09-15T09:19:22","slug":"luminaria-led-soma-x5-preta-10w-led-branco-azul-127v","status":"publish","type":"product","link":"https:\/\/dinhosreef.com\/en\/product\/luminaria-led-soma-x5-preta-10w-led-branco-azul-127v\/","title":{"rendered":"LUMINARIA LED SOMA X5 PRETA (10W) LED BRANCO\/AZUL 127V"},"content":{"rendered":"<p>Soma Lumin\u00e1ria Led X5 Preta (10w) Led Branco\/Azul 127v<\/p>\n<p>&#8212;&#8212;&#8212;&#8212;&#8212;&#8212;&#8212;&#8212;&#8212;&#8212;&#8212;&#8212;&#8212;&#8212;&#8212;&#8212;&#8212;&#8212;&#8212;&#8212;&#8212;&#8212;&#8212;&#8212;&#8212;&#8212;&#8212;&#8212;&#8212;&#8212;&#8212;&#8212;&#8211;<\/p>\n<p>A Lumin\u00e1ria Led SOMA X5 \u00e9 uma lumin\u00e1ria de baixo consumo de energia e longa vida \u00fatil desenvolvida para aqu\u00e1rios.<\/p>\n<p>&#8211; Lumin\u00e1ria para aqu\u00e1rio;<br \/>&#8211; Pot\u00eancia de 10W;<br \/>&#8211; Torna o aqu\u00e1rio mais elegante;<br \/>&#8211; Discreto com design preto;<br \/>&#8211; Emite luz LED Branca e Azul;<br \/>&#8211; Melhora a visualiza\u00e7\u00e3o do aqu\u00e1rio em ambientes escuros;<\/p>\n<p>Fixe o suporte na borda do aqu\u00e1rio. Verifique a tens\u00e3o antes de ligar na tomada. Ligue na energia el\u00e9trica e utilize o bot\u00e3o liga\/desliga para acender e apagar a lumin\u00e1ria. Sempre desligue-a antes e durante a manuten\u00e7\u00e3o do aqu\u00e1rio.<\/p>\n<p>Pot\u00eancia: 10W<br \/>Ideal para vidros de at\u00e9 5mm<br \/>Interruptor Liga\/Desliga<\/p>\n<p>Dimens\u00f5es Aproximadas: 23 x 15 cm<\/p>","protected":false},"excerpt":{"rendered":"<p>Soma Lumin\u00e1ria Led X5 Preta (10w) Led Branco\/Azul 127v &#8212;&#8212;&#8212;&#8212;&#8212;&#8212;&#8212;&#8212;&#8212;&#8212;&#8212;&#8212;&#8212;&#8212;&#8212;&#8212;&#8212;&#8212;&#8212;&#8212;&#8212;&#8212;&#8212;&#8212;&#8212;&#8212;&#8212;&#8212;&#8212;&#8212;&#8212;&#8212;&#8211; A Lumin\u00e1ria Led SOMA X5 \u00e9 uma lumin\u00e1ria de baixo consumo de energia e longa vida \u00fatil desenvolvida para aqu\u00e1rios. &#8211; Lumin\u00e1ria para aqu\u00e1rio;&#8211; Pot\u00eancia de 10W;&#8211; Torna o aqu\u00e1rio mais elegante;&#8211; Discreto com design preto;&#8211; Emite luz LED Branca e Azul;&#8211; Melhora a visualiza\u00e7\u00e3o [&hellip;]<\/p>\n","protected":false},"featured_media":1410781958,"comment_status":"open","ping_status":"closed","template":"","meta":{"googlesitekit_rrm_CAow0N7NCw:productID":"","content-type":"","pmpro_default_level":"","_themeisle_gutenberg_block_has_review":false},"product_brand":[],"product_cat":[59],"product_tag":[],"class_list":{"0":"post-1410781963","1":"product","2":"type-product","3":"status-publish","4":"has-post-thumbnail","6":"product_cat-iluminacao-para-aquarios","7":"aux-has-gallery","8":"pmpro-has-access","10":"first","11":"instock","12":"taxable","13":"shipping-taxable","14":"purchasable","15":"product-type-simple"},"_links":{"self":[{"href":"https:\/\/dinhosreef.com\/en\/wp-json\/wp\/v2\/product\/1410781963","targetHints":{"allow":["GET"]}}],"collection":[{"href":"https:\/\/dinhosreef.com\/en\/wp-json\/wp\/v2\/product"}],"about":[{"href":"https:\/\/dinhosreef.com\/en\/wp-json\/wp\/v2\/types\/product"}],"replies":[{"embeddable":true,"href":"https:\/\/dinhosreef.com\/en\/wp-json\/wp\/v2\/comments?post=1410781963"}],"wp:featuredmedia":[{"embeddable":true,"href":"https:\/\/dinhosreef.com\/en\/wp-json\/wp\/v2\/media\/1410781958"}],"wp:attachment":[{"href":"https:\/\/dinhosreef.com\/en\/wp-json\/wp\/v2\/media?parent=1410781963"}],"wp:term":[{"taxonomy":"product_brand","embeddable":true,"href":"https:\/\/dinhosreef.com\/en\/wp-json\/wp\/v2\/product_brand?post=1410781963"},{"taxonomy":"product_cat","embeddable":true,"href":"https:\/\/dinhosreef.com\/en\/wp-json\/wp\/v2\/product_cat?post=1410781963"},{"taxonomy":"product_tag","embeddable":true,"href":"https:\/\/dinhosreef.com\/en\/wp-json\/wp\/v2\/product_tag?post=1410781963"}],"curies":[{"name":"wp","href":"https:\/\/api.w.org\/{rel}","templated":true}]}}