{"id":1410781969,"date":"2025-03-13T09:21:35","date_gmt":"2025-03-13T12:21:35","guid":{"rendered":"https:\/\/dinhosreef.com\/produto\/compressor-rs-608-35l-min-127v-rs-aqua\/"},"modified":"2026-03-23T09:36:46","modified_gmt":"2026-03-23T12:36:46","slug":"compressor-rs-608-35l-min-127v-rs-aqua","status":"publish","type":"product","link":"https:\/\/dinhosreef.com\/en\/product\/compressor-rs-608-35l-min-127v-rs-aqua\/","title":{"rendered":"COMPRESSOR RS-608 (3,5L\/MIN) 127V  &#8211;  RS AQUA"},"content":{"rendered":"<p>Pot\u00eancia e Efici\u00eancia! Compressor de ar com regulagem de pot\u00eancia. Ideal para movimentar enfeites, cortinas de bolhas, eclos\u00e3o de art\u00eamias ou para servir de backup caso o filtro principal pare por algum motivo. Para oxigenar aqu\u00e1rios de \u00e1gua doce ou salgada. \u00d3tima op\u00e7\u00e3o para aqu\u00e1rios hospital ou quarentena para \u00e1gua doce ou salgada. (\u00c1GUA DOCE OU SALGADA) Especifica\u00e7\u00f5es T\u00e9cnicas: Compressor de ar para aera\u00e7\u00e3o. Compressor silencioso, eficiente e baixo consumo de energia. Sa\u00edda de 3,5lt\/min de 3w ideal para enfeites e cortinas de bolhas aumentando a oxigena\u00e7\u00e3o do aqu\u00e1rio. Recomendado para aqu\u00e1rios de at\u00e9 70 litros Potencia: 5w<\/p>","protected":false},"excerpt":{"rendered":"<p>Pot\u00eancia e Efici\u00eancia! Compressor de ar com regulagem de pot\u00eancia. Ideal para movimentar enfeites, cortinas de bolhas, eclos\u00e3o de art\u00eamias ou para servir de backup caso o filtro principal pare por algum motivo. Para oxigenar aqu\u00e1rios de \u00e1gua doce ou salgada. \u00d3tima op\u00e7\u00e3o para aqu\u00e1rios hospital ou quarentena para \u00e1gua doce ou salgada. (\u00c1GUA DOCE [&hellip;]<\/p>\n","protected":false},"featured_media":1410781966,"comment_status":"open","ping_status":"closed","template":"","meta":{"googlesitekit_rrm_CAow0N7NCw:productID":"","content-type":"","pmpro_default_level":"","_themeisle_gutenberg_block_has_review":false},"product_brand":[],"product_cat":[168],"product_tag":[],"class_list":{"0":"post-1410781969","1":"product","2":"type-product","3":"status-publish","4":"has-post-thumbnail","6":"product_cat-bombas-de-ar","7":"aux-has-gallery","8":"pmpro-has-access","10":"first","11":"instock","12":"taxable","13":"shipping-taxable","14":"purchasable","15":"product-type-simple"},"_links":{"self":[{"href":"https:\/\/dinhosreef.com\/en\/wp-json\/wp\/v2\/product\/1410781969","targetHints":{"allow":["GET"]}}],"collection":[{"href":"https:\/\/dinhosreef.com\/en\/wp-json\/wp\/v2\/product"}],"about":[{"href":"https:\/\/dinhosreef.com\/en\/wp-json\/wp\/v2\/types\/product"}],"replies":[{"embeddable":true,"href":"https:\/\/dinhosreef.com\/en\/wp-json\/wp\/v2\/comments?post=1410781969"}],"wp:featuredmedia":[{"embeddable":true,"href":"https:\/\/dinhosreef.com\/en\/wp-json\/wp\/v2\/media\/1410781966"}],"wp:attachment":[{"href":"https:\/\/dinhosreef.com\/en\/wp-json\/wp\/v2\/media?parent=1410781969"}],"wp:term":[{"taxonomy":"product_brand","embeddable":true,"href":"https:\/\/dinhosreef.com\/en\/wp-json\/wp\/v2\/product_brand?post=1410781969"},{"taxonomy":"product_cat","embeddable":true,"href":"https:\/\/dinhosreef.com\/en\/wp-json\/wp\/v2\/product_cat?post=1410781969"},{"taxonomy":"product_tag","embeddable":true,"href":"https:\/\/dinhosreef.com\/en\/wp-json\/wp\/v2\/product_tag?post=1410781969"}],"curies":[{"name":"wp","href":"https:\/\/api.w.org\/{rel}","templated":true}]}}