{"id":1410781976,"date":"2025-03-13T12:18:19","date_gmt":"2025-03-13T15:18:19","guid":{"rendered":"https:\/\/dinhosreef.com\/produto\/compressor-rs-980-2l-min-rs-aqua\/"},"modified":"2026-04-04T10:21:03","modified_gmt":"2026-04-04T13:21:03","slug":"compressor-rs-980-2l-min-rs-aqua","status":"publish","type":"product","link":"https:\/\/dinhosreef.com\/en\/product\/compressor-rs-980-2l-min-rs-aqua\/","title":{"rendered":"COMPRESSOR RS-980 (2L\/MIN)  &#8211;  RS AQUA"},"content":{"rendered":"<p>Compressor De Ar Rsaqua Rs-980 \u00c0 Pilha 2xd 0.5w 2l\/min<\/p>\n<p>&#8211; Solu\u00e7\u00e3o perfeita para oxigena\u00e7\u00e3o de aqu\u00e1rios, terr\u00e1rios e transporte de cargas vivas;<br \/>&#8211; Compressor de ar com pol\u00edmero de elevada qualidade para uma longa vida \u00fatil e confiabilidade;<br \/>&#8211; Baixo ru\u00eddo e grande capacidade de compress\u00e3o de ar;<br \/>&#8211; Funciona continuamente e n\u00e3o requer qualquer tipo de lubrifica\u00e7\u00e3o;<br \/>&#8211; Funcionamento a pilha (n\u00e3o inclusas);<br \/>&#8211; Deve ficar protegido de umidade e fora d&#8217;\u00e1gua.<\/p>\n<p>Descri\u00e7\u00e3o:<br \/>O compressor de ar \u00e9 uma ferramenta tradicional e conhecida entre aquaristas devido \u00e0 sua versatilidade, simplicidade e a import\u00e2ncia de sua finalidade, que \u00e9 a oxigena\u00e7\u00e3o da \u00e1gua. O compressor de ar Rs Aqua \u00e9 uma solu\u00e7\u00e3o como oxigena\u00e7\u00e3o prim\u00e1ria ou complementar em aqu\u00e1rios, seja o principal, hospital ou pequenas baterias de aqu\u00e1rios. Funciona perfeitamente junto a filtros esponjas e outros filtros internos movidos a ar, atuando como reserva de emerg\u00eancia em substitui\u00e7\u00e3o ao sistema principal de oxigena\u00e7\u00e3o.<\/p>\n<p>O compressor de ar RS Aqua \u00e9 uma solu\u00e7\u00e3o simples, acess\u00edvel e compacta para manter elevados os n\u00edveis de oxig\u00eanio em aqu\u00e1rios de pequeno, m\u00e9dio ou grande porte, com baixo consumo de energia.<\/p>\n<p>Atributos do Produto:<br \/>Modelo: RS-980<br \/>Tipo de Pet: indicado para Peixes<br \/>Pot\u00eancia (W): 0,5<br \/>Vaz\u00e3o Ar (L\/min): 2<br \/>Vaz\u00e3o\/Sa\u00edda de Ar: 1<br \/>Press\u00e3o (Kpa): 10<br \/>N\u00ba Sa\u00eddas: 1<\/p>\n<p>Conte\u00fado da Embalagem:<br \/>01x Compressor de ar<br \/>01x Mangueira de silicone<br \/>01x Pedra porosa<\/p>","protected":false},"excerpt":{"rendered":"<p>Compressor De Ar Rsaqua Rs-980 \u00c0 Pilha 2xd 0.5w 2l\/min &#8211; Solu\u00e7\u00e3o perfeita para oxigena\u00e7\u00e3o de aqu\u00e1rios, terr\u00e1rios e transporte de cargas vivas;&#8211; Compressor de ar com pol\u00edmero de elevada qualidade para uma longa vida \u00fatil e confiabilidade;&#8211; Baixo ru\u00eddo e grande capacidade de compress\u00e3o de ar;&#8211; Funciona continuamente e n\u00e3o requer qualquer tipo de [&hellip;]<\/p>\n","protected":false},"featured_media":1410781974,"comment_status":"open","ping_status":"closed","template":"","meta":{"googlesitekit_rrm_CAow0N7NCw:productID":"","content-type":"","pmpro_default_level":"","_themeisle_gutenberg_block_has_review":false},"product_brand":[],"product_cat":[168,71],"product_tag":[],"class_list":{"0":"post-1410781976","1":"product","2":"type-product","3":"status-publish","4":"has-post-thumbnail","6":"product_cat-bombas-de-ar","7":"product_cat-filtros","8":"aux-has-gallery","9":"pmpro-has-access","11":"first","12":"instock","13":"taxable","14":"shipping-taxable","15":"purchasable","16":"product-type-simple"},"_links":{"self":[{"href":"https:\/\/dinhosreef.com\/en\/wp-json\/wp\/v2\/product\/1410781976","targetHints":{"allow":["GET"]}}],"collection":[{"href":"https:\/\/dinhosreef.com\/en\/wp-json\/wp\/v2\/product"}],"about":[{"href":"https:\/\/dinhosreef.com\/en\/wp-json\/wp\/v2\/types\/product"}],"replies":[{"embeddable":true,"href":"https:\/\/dinhosreef.com\/en\/wp-json\/wp\/v2\/comments?post=1410781976"}],"wp:featuredmedia":[{"embeddable":true,"href":"https:\/\/dinhosreef.com\/en\/wp-json\/wp\/v2\/media\/1410781974"}],"wp:attachment":[{"href":"https:\/\/dinhosreef.com\/en\/wp-json\/wp\/v2\/media?parent=1410781976"}],"wp:term":[{"taxonomy":"product_brand","embeddable":true,"href":"https:\/\/dinhosreef.com\/en\/wp-json\/wp\/v2\/product_brand?post=1410781976"},{"taxonomy":"product_cat","embeddable":true,"href":"https:\/\/dinhosreef.com\/en\/wp-json\/wp\/v2\/product_cat?post=1410781976"},{"taxonomy":"product_tag","embeddable":true,"href":"https:\/\/dinhosreef.com\/en\/wp-json\/wp\/v2\/product_tag?post=1410781976"}],"curies":[{"name":"wp","href":"https:\/\/api.w.org\/{rel}","templated":true}]}}