{"id":1410782006,"date":"2025-03-13T19:47:06","date_gmt":"2025-03-13T22:47:06","guid":{"rendered":"https:\/\/dinhosreef.com\/produto\/bomba-submersa-ac-4000-220v-ocean-tech-full\/"},"modified":"2025-08-09T10:21:59","modified_gmt":"2025-08-09T13:21:59","slug":"bomba-submersa-ac-4000-220v-ocean-tech-full","status":"publish","type":"product","link":"https:\/\/dinhosreef.com\/en\/product\/bomba-submersa-ac-4000-220v-ocean-tech-full\/","title":{"rendered":"BOMBA SUBMERSA AC-4000 220V  &#8211;  OCEAN TECH full"},"content":{"rendered":"<p>BOMBA SUBMERSA AC-4000 OCEAN TECH<\/p>\n<p>Bomba AC 4000 35W\/60Hrz<br \/>Fluxo Max. 4.000 l\/h<br \/>Fluxo Mini. 1000 l\/h<br \/>Coluna d \u00e1gua 3 Metros<br \/>Ultra silenciosa<br \/>Cabo de energia da bomba 2,4 metros<br \/>Cabo energia da controladora 1,4 metros<br \/>Principais vantagens<br \/>&#8211; Motor e driver separados com 2,4 metros de cabo, permitindo uma instala\u00e7\u00e3o totalmente segura;<br \/>&#8211; Chip inteligente, desliga a bomba no caso de falta de \u00e1gua ou obstru\u00e7\u00e3o;<br \/>&#8211; Bomba AC 110v ou 220v;<br \/>&#8211; Eixo cer\u00e2mico resistente a corros\u00e3o, ultra silenciosa, dur\u00e1vel;<br \/>&#8211; Baixo consumo (at\u00e9 65% de economia);<br \/>&#8211; Para uso em \u00e1gua doce ou salgada.<\/p>\n<p>Toda a linha AC PUMP Ocean Tech se destaca pela economia de energia e pelas quatros funcionalidades que s\u00e3o extremamente \u00fateis.<br \/>A primeira \u00e9 o controle eletr\u00f4nico de vaz\u00e3o. Muitas pessoas ficam na d\u00favida sobre a vaz\u00e3o ideal, a vaz\u00e3o que o seu sistema suporta e a possibilidade de amplia\u00e7\u00e3o futura dos seus projetos. Com essa regulagem voc\u00ea pode usar uma bomba mais forte do que o necess\u00e1rio para o momento e regular a vaz\u00e3o ideal atrav\u00e9s do controlador eletr\u00f4nico,com o simples apertar de 1 bot\u00e3o, dispensando a necessidade de registros que \u201cestrangulam\u201d a bomba, fazendo com que ela trabalhe sobrecarregada.<br \/>A segunda \u00e9 o bot\u00e3o Feed. Quando pressionado ele interrompe o funcionamento da bomba por 5 minutos. Tempo suficiente para realizar pequenas manuten\u00e7\u00f5es no seu filtro ao alimentar os peixes sem que a comida seja sugada para o filtro.<br \/>A terceira \u00e9 uma das mais importantes, a fun\u00e7\u00e3o anti travamento. Caso algo grande bloqueie a rota\u00e7\u00e3o do impeller, esgotadas as tentativas de destravamento,o controlador interrompe o funcionamento, evitando que o seu equipamento seja danificado.<br \/>A quarta tamb\u00e9m \u00e9 uma fun\u00e7\u00e3o de seguran\u00e7a, a fun\u00e7\u00e3o anti secamento. No caso de secamento do compartimento onde a bomba est\u00e1 instalada, ap\u00f3s algumas tentativas de normaliza\u00e7\u00e3o do sistema, o controlador desativa o funcionamento, garantindo que o equipamento n\u00e3o exceda sua rota\u00e7\u00e3o m\u00e1xima, superaque\u00e7a e seja permanentemente danificado.<\/p>","protected":false},"excerpt":{"rendered":"<p>BOMBA SUBMERSA AC-4000 OCEAN TECH Bomba AC 4000 35W\/60HrzFluxo Max. 4.000 l\/hFluxo Mini. 1000 l\/hColuna d \u00e1gua 3 MetrosUltra silenciosaCabo de energia da bomba 2,4 metrosCabo energia da controladora 1,4 metrosPrincipais vantagens&#8211; Motor e driver separados com 2,4 metros de cabo, permitindo uma instala\u00e7\u00e3o totalmente segura;&#8211; Chip inteligente, desliga a bomba no caso de falta [&hellip;]<\/p>\n","protected":false},"featured_media":1410782002,"comment_status":"open","ping_status":"closed","template":"","meta":{"googlesitekit_rrm_CAow0N7NCw:productID":"","content-type":"","pmpro_default_level":"","_themeisle_gutenberg_block_has_review":false},"product_brand":[],"product_cat":[58],"product_tag":[],"class_list":{"0":"post-1410782006","1":"product","2":"type-product","3":"status-publish","4":"has-post-thumbnail","6":"product_cat-bombas","7":"aux-has-gallery","8":"pmpro-has-access","10":"first","11":"outofstock","12":"taxable","13":"shipping-taxable","14":"purchasable","15":"product-type-variable"},"_links":{"self":[{"href":"https:\/\/dinhosreef.com\/en\/wp-json\/wp\/v2\/product\/1410782006","targetHints":{"allow":["GET"]}}],"collection":[{"href":"https:\/\/dinhosreef.com\/en\/wp-json\/wp\/v2\/product"}],"about":[{"href":"https:\/\/dinhosreef.com\/en\/wp-json\/wp\/v2\/types\/product"}],"replies":[{"embeddable":true,"href":"https:\/\/dinhosreef.com\/en\/wp-json\/wp\/v2\/comments?post=1410782006"}],"wp:featuredmedia":[{"embeddable":true,"href":"https:\/\/dinhosreef.com\/en\/wp-json\/wp\/v2\/media\/1410782002"}],"wp:attachment":[{"href":"https:\/\/dinhosreef.com\/en\/wp-json\/wp\/v2\/media?parent=1410782006"}],"wp:term":[{"taxonomy":"product_brand","embeddable":true,"href":"https:\/\/dinhosreef.com\/en\/wp-json\/wp\/v2\/product_brand?post=1410782006"},{"taxonomy":"product_cat","embeddable":true,"href":"https:\/\/dinhosreef.com\/en\/wp-json\/wp\/v2\/product_cat?post=1410782006"},{"taxonomy":"product_tag","embeddable":true,"href":"https:\/\/dinhosreef.com\/en\/wp-json\/wp\/v2\/product_tag?post=1410782006"}],"curies":[{"name":"wp","href":"https:\/\/api.w.org\/{rel}","templated":true}]}}