{"id":1410782049,"date":"2025-03-13T19:48:37","date_gmt":"2025-03-13T22:48:37","guid":{"rendered":"https:\/\/dinhosreef.com\/produto\/bomba-submersa-ac-6000-220v-p-lago-ocean-tech\/"},"modified":"2025-10-01T11:04:56","modified_gmt":"2025-10-01T14:04:56","slug":"bomba-submersa-ac-6000-220v-p-lago-ocean-tech","status":"publish","type":"product","link":"https:\/\/dinhosreef.com\/en\/product\/bomba-submersa-ac-6000-220v-p-lago-ocean-tech\/","title":{"rendered":"BOMBA SUBMERSA AC-6000 220V P\/LAGO &#8211; OCEAN TECH"},"content":{"rendered":"<p><strong>BOMBA SUBMERSA AC-6000 220V P\/LAGO &#8211; OCEAN TECH<\/strong><\/p>\n<h1 class=\"ui-pdp-title\">BOMBA SUBMERSA AC-6000 220V P\/LAGO &#8211; OCEAN TECH<\/h1>\n<div class=\"flex max-w-full flex-col flex-grow\">\n<div class=\"min-h-8 text-message flex w-full flex-col items-end gap-2 whitespace-normal break-words [.text-message+&amp;]:mt-5\" dir=\"auto\" data-message-author-role=\"assistant\" data-message-id=\"7ab59eb6-1195-4c7f-b2f5-2fea2b752089\" data-message-model-slug=\"gpt-4o\">\n<div class=\"flex w-full flex-col gap-1 empty:hidden first:pt-[3px]\">\n<div class=\"markdown prose w-full break-words dark:prose-invert light\"> <strong>Diferenciais:<\/strong><\/p>\n<ul>\n<li><strong>Cabo longo de 6 metros<\/strong> :<\/li>\n<li><strong>Alta pot\u00eancia e efici\u00eancia<\/strong> : Mant\u00e9m<\/li>\n<\/ul>\n<p>Aproveite a praticidade e o alto desempenho da Bomba AC-6000 com esse recurso exclusivo que facilita o uso em lagos e ambientes amplos!<\/p>\n<\/p><\/div>\n<\/p><\/div>\n<\/p><\/div>\n<\/p><\/div>\n<div class=\"mb-2 flex gap-3 empty:hidden -ml-2\">\n<div class=\"items-center justify-start rounded-xl p-1 flex\">\u00a0<\/div>\n<\/p><\/div>\n<p>Bombas Ocean Tech \u00e9 oque h\u00e1 de mais moderno para aquaristas exigentes !<br \/>Motor e Controle separados<br \/>At\u00e9 65% de Economia<br \/>Ultra silenciosa<br \/>Eixo cer\u00e2mico pode ser usada em \u00e1gua doce ou salgada<br \/>Chip inteligente integrado, protege o motor de falta de \u00e1gua e bloqueios<br \/>Fun\u00e7\u00e3o alimenta\u00e7\u00e3o com pausa de 10 minutos<br \/>Fluxo control\u00e1vel por controle eletr\u00f4nico<br \/>Consumo 55w<br \/>Altura m\u00e1xima 3,8 metros<\/p>\n","protected":false},"excerpt":{"rendered":"<p>BOMBA SUBMERSA AC-6000 220V P\/LAGO &#8211; OCEAN TECH BOMBA SUBMERSA AC-6000 220V P\/LAGO &#8211; OCEAN TECH Diferenciais: Cabo longo de 6 metros : Alta pot\u00eancia e efici\u00eancia : Mant\u00e9m Aproveite a praticidade e o alto desempenho da Bomba AC-6000 com esse recurso exclusivo que facilita o uso em lagos e ambientes amplos! \u00a0 Bombas Ocean [&hellip;]<\/p>\n","protected":false},"featured_media":1410782045,"comment_status":"open","ping_status":"closed","template":"","meta":{"googlesitekit_rrm_CAow0N7NCw:productID":"","content-type":"","pmpro_default_level":"","_themeisle_gutenberg_block_has_review":false},"product_brand":[],"product_cat":[58],"product_tag":[],"class_list":{"0":"post-1410782049","1":"product","2":"type-product","3":"status-publish","4":"has-post-thumbnail","6":"product_cat-bombas","7":"aux-has-gallery","8":"pmpro-has-access","10":"first","11":"outofstock","12":"taxable","13":"shipping-taxable","14":"purchasable","15":"product-type-simple"},"_links":{"self":[{"href":"https:\/\/dinhosreef.com\/en\/wp-json\/wp\/v2\/product\/1410782049","targetHints":{"allow":["GET"]}}],"collection":[{"href":"https:\/\/dinhosreef.com\/en\/wp-json\/wp\/v2\/product"}],"about":[{"href":"https:\/\/dinhosreef.com\/en\/wp-json\/wp\/v2\/types\/product"}],"replies":[{"embeddable":true,"href":"https:\/\/dinhosreef.com\/en\/wp-json\/wp\/v2\/comments?post=1410782049"}],"wp:featuredmedia":[{"embeddable":true,"href":"https:\/\/dinhosreef.com\/en\/wp-json\/wp\/v2\/media\/1410782045"}],"wp:attachment":[{"href":"https:\/\/dinhosreef.com\/en\/wp-json\/wp\/v2\/media?parent=1410782049"}],"wp:term":[{"taxonomy":"product_brand","embeddable":true,"href":"https:\/\/dinhosreef.com\/en\/wp-json\/wp\/v2\/product_brand?post=1410782049"},{"taxonomy":"product_cat","embeddable":true,"href":"https:\/\/dinhosreef.com\/en\/wp-json\/wp\/v2\/product_cat?post=1410782049"},{"taxonomy":"product_tag","embeddable":true,"href":"https:\/\/dinhosreef.com\/en\/wp-json\/wp\/v2\/product_tag?post=1410782049"}],"curies":[{"name":"wp","href":"https:\/\/api.w.org\/{rel}","templated":true}]}}