{"id":1410782080,"date":"2025-03-13T19:49:50","date_gmt":"2025-03-13T22:49:50","guid":{"rendered":"https:\/\/dinhosreef.com\/produto\/lagos-e-tanques-bomba-submersa-ac-12000-l-220v-oceantech\/"},"modified":"2026-05-08T10:08:25","modified_gmt":"2026-05-08T13:08:25","slug":"lagos-e-tanques-bomba-submersa-ac-12000-l-220v-oceantech","status":"publish","type":"product","link":"https:\/\/dinhosreef.com\/en\/product\/lagos-e-tanques-bomba-submersa-ac-12000-l-220v-oceantech\/","title":{"rendered":"LAGOS E TANQUES BOMBA SUBMERSA AC-12000 L 220V OCEANTECH"},"content":{"rendered":"<p>Bomba submersa com controlador eletr\u00f4nico de vaz\u00e3o.<br \/>Vaz\u00e3o m\u00e1xima 12000L\/H<br \/>Coluna m\u00e1xima de 3,6 mts.<br \/>Bomba Submersa Eletr\u00f4nica 12000L\/H AC 220V<\/p>\n<p>&#8211; Bomba submersa eletr\u00f4nica com vaz\u00e3o de 12000 lt\/h, coluna de 3,6 mt.<\/p>\n<p>Motor de alta efici\u00eancia com avan\u00e7ado controle de frequ\u00eancia.<br \/>Utiliza\u00e7\u00e3o em \u00e1gua doce e marinho.<br \/>Fun\u00e7\u00e3o alimenta\u00e7\u00e3o com pausa.<br \/>Chip inteligente que desliga a bomba em caso de falta d&#8217;agua.<br \/>Eixo cer\u00e2mico anti-corros\u00e3o.<br \/>N\u00e3o perde a programa\u00e7\u00e3o em quedas de energia.<br \/>Motor 220V 85W 60Hz<br \/>Extens\u00e3o do cabo de alimenta\u00e7\u00e3o: 6mts<br \/>Medidas: 21,5x9x12 cm<br \/>Di\u00e2metro entrada e sa\u00edda 1 1\/4&#8243; 40mm<br \/>Manual em portugu\u00eas<\/p>","protected":false},"excerpt":{"rendered":"<p>Bomba submersa com controlador eletr\u00f4nico de vaz\u00e3o.Vaz\u00e3o m\u00e1xima 12000L\/HColuna m\u00e1xima de 3,6 mts.Bomba Submersa Eletr\u00f4nica 12000L\/H AC 220V &#8211; Bomba submersa eletr\u00f4nica com vaz\u00e3o de 12000 lt\/h, coluna de 3,6 mt. Motor de alta efici\u00eancia com avan\u00e7ado controle de frequ\u00eancia.Utiliza\u00e7\u00e3o em \u00e1gua doce e marinho.Fun\u00e7\u00e3o alimenta\u00e7\u00e3o com pausa.Chip inteligente que desliga a bomba em caso [&hellip;]<\/p>\n","protected":false},"featured_media":1410782076,"comment_status":"open","ping_status":"closed","template":"","meta":{"googlesitekit_rrm_CAow0N7NCw:productID":"","content-type":"","pmpro_default_level":"","_themeisle_gutenberg_block_has_review":false},"product_brand":[],"product_cat":[58],"product_tag":[],"class_list":{"0":"post-1410782080","1":"product","2":"type-product","3":"status-publish","4":"has-post-thumbnail","6":"product_cat-bombas","7":"aux-has-gallery","8":"pmpro-has-access","10":"first","11":"outofstock","12":"taxable","13":"shipping-taxable","14":"purchasable","15":"product-type-simple"},"_links":{"self":[{"href":"https:\/\/dinhosreef.com\/en\/wp-json\/wp\/v2\/product\/1410782080","targetHints":{"allow":["GET"]}}],"collection":[{"href":"https:\/\/dinhosreef.com\/en\/wp-json\/wp\/v2\/product"}],"about":[{"href":"https:\/\/dinhosreef.com\/en\/wp-json\/wp\/v2\/types\/product"}],"replies":[{"embeddable":true,"href":"https:\/\/dinhosreef.com\/en\/wp-json\/wp\/v2\/comments?post=1410782080"}],"wp:featuredmedia":[{"embeddable":true,"href":"https:\/\/dinhosreef.com\/en\/wp-json\/wp\/v2\/media\/1410782076"}],"wp:attachment":[{"href":"https:\/\/dinhosreef.com\/en\/wp-json\/wp\/v2\/media?parent=1410782080"}],"wp:term":[{"taxonomy":"product_brand","embeddable":true,"href":"https:\/\/dinhosreef.com\/en\/wp-json\/wp\/v2\/product_brand?post=1410782080"},{"taxonomy":"product_cat","embeddable":true,"href":"https:\/\/dinhosreef.com\/en\/wp-json\/wp\/v2\/product_cat?post=1410782080"},{"taxonomy":"product_tag","embeddable":true,"href":"https:\/\/dinhosreef.com\/en\/wp-json\/wp\/v2\/product_tag?post=1410782080"}],"curies":[{"name":"wp","href":"https:\/\/api.w.org\/{rel}","templated":true}]}}