{"id":1410782088,"date":"2025-03-13T19:51:36","date_gmt":"2025-03-13T22:51:36","guid":{"rendered":"https:\/\/dinhosreef.com\/produto\/rv-reator-biopellets-r-100-100-ml-de-midia-sem-bomba\/"},"modified":"2025-07-01T15:06:00","modified_gmt":"2025-07-01T18:06:00","slug":"rv-reator-biopellets-r-100-100-ml-de-midia-sem-bomba","status":"publish","type":"product","link":"https:\/\/dinhosreef.com\/en\/product\/rv-reator-biopellets-r-100-100-ml-de-midia-sem-bomba\/","title":{"rendered":"RV REATOR BIOPELLETS &#8211; R-100 (100 ML DE MIDIA) Sem Bomba"},"content":{"rendered":"<div class=\"product-detail page-product__detail\">\n<section class=\"I_DV_3\">\n<div class=\"Gf4Ro0\">\n<div class=\"e8lZp3\">\n<p class=\"QN2lPu\">Reator Multiuso em aqu\u00e1rios para M\u00eddias Filtrantes 100ml Biopellets, Cer\u00e2mica, Phosban, Purigen Modelo R100 &#8211; Sem Bomba Realiza a filtragem de m\u00eddia Atrav\u00e9s de seu controle de fluxo, permite utilizar uma grande variedade de m\u00eddias em seu interior, gerando o m\u00e1ximo de aproveitamento, garantindo sua efici\u00eancia conforme as indica\u00e7\u00f5es de cada fabricante. &#8211; C\u00e2mara interna em acr\u00edlico (local onde a m\u00eddia \u00e9 colocada. &#8211; C\u00e2mara externa em acr\u00edlico (por onde a \u00e1gua passa para retornar ao sistema). &#8211; Tampa do conjunto, que ret\u00e9m a m\u00eddia na c\u00e2mara interna e permite o controle do fluxo. &#8211; Veda\u00e7\u00e3o com anel de borracha tipo o-ring na tampa, limitando a passagem de \u00e1gua e m\u00eddia at\u00e9 a altura correta. &#8211; Suporte com parafusos em nylon para fixar o aparelho nas laterais do sump ou divis\u00f3rios do aqu\u00e1rio. &#8211; Esponjas embutidas para utilizar o reator com m\u00eddias de baixa granulometria (Purigem, carv\u00e3o). Dimens\u00f5es: Altura 27 cm, Largura 6cm x Comprimento com suporte 9 cm. Para uso \u00e9 indicado uma bomba de at\u00e9 300 l\/h como a Sarlo SB 300<\/p>\n<\/p><\/div>\n<\/p><\/div>\n<\/section><\/div>\n<div>\n<div>\n<div class=\"product-ratings\" data-nosnippet=\"true\">\n<div class=\"product-ratings__header\">\u00a0<\/div>\n<\/p><\/div>\n<\/p><\/div>\n<\/p><\/div>","protected":false},"excerpt":{"rendered":"<p>Reator Multiuso em aqu\u00e1rios para M\u00eddias Filtrantes 100ml Biopellets, Cer\u00e2mica, Phosban, Purigen Modelo R100 &#8211; Sem Bomba Realiza a filtragem de m\u00eddia Atrav\u00e9s de seu controle de fluxo, permite utilizar uma grande variedade de m\u00eddias em seu interior, gerando o m\u00e1ximo de aproveitamento, garantindo sua efici\u00eancia conforme as indica\u00e7\u00f5es de cada fabricante. &#8211; C\u00e2mara interna [&hellip;]<\/p>\n","protected":false},"featured_media":1410782087,"comment_status":"open","ping_status":"closed","template":"","meta":{"googlesitekit_rrm_CAow0N7NCw:productID":"","content-type":"","pmpro_default_level":"","_themeisle_gutenberg_block_has_review":false},"product_brand":[],"product_cat":[71],"product_tag":[],"class_list":{"0":"post-1410782088","1":"product","2":"type-product","3":"status-publish","4":"has-post-thumbnail","6":"product_cat-filtros","7":"pmpro-has-access","9":"first","10":"instock","11":"taxable","12":"shipping-taxable","13":"purchasable","14":"product-type-simple"},"_links":{"self":[{"href":"https:\/\/dinhosreef.com\/en\/wp-json\/wp\/v2\/product\/1410782088","targetHints":{"allow":["GET"]}}],"collection":[{"href":"https:\/\/dinhosreef.com\/en\/wp-json\/wp\/v2\/product"}],"about":[{"href":"https:\/\/dinhosreef.com\/en\/wp-json\/wp\/v2\/types\/product"}],"replies":[{"embeddable":true,"href":"https:\/\/dinhosreef.com\/en\/wp-json\/wp\/v2\/comments?post=1410782088"}],"wp:featuredmedia":[{"embeddable":true,"href":"https:\/\/dinhosreef.com\/en\/wp-json\/wp\/v2\/media\/1410782087"}],"wp:attachment":[{"href":"https:\/\/dinhosreef.com\/en\/wp-json\/wp\/v2\/media?parent=1410782088"}],"wp:term":[{"taxonomy":"product_brand","embeddable":true,"href":"https:\/\/dinhosreef.com\/en\/wp-json\/wp\/v2\/product_brand?post=1410782088"},{"taxonomy":"product_cat","embeddable":true,"href":"https:\/\/dinhosreef.com\/en\/wp-json\/wp\/v2\/product_cat?post=1410782088"},{"taxonomy":"product_tag","embeddable":true,"href":"https:\/\/dinhosreef.com\/en\/wp-json\/wp\/v2\/product_tag?post=1410782088"}],"curies":[{"name":"wp","href":"https:\/\/api.w.org\/{rel}","templated":true}]}}