{"id":1410782130,"date":"2025-03-13T19:53:14","date_gmt":"2025-03-13T22:53:14","guid":{"rendered":"https:\/\/dinhosreef.com\/produto\/bomba-submersa-ac-6000-ocean-tech-litros-por-hora-127v\/"},"modified":"2025-08-18T14:43:18","modified_gmt":"2025-08-18T17:43:18","slug":"bomba-submersa-ac-6000-ocean-tech-litros-por-hora-127v","status":"publish","type":"product","link":"https:\/\/dinhosreef.com\/en\/product\/bomba-submersa-ac-6000-ocean-tech-litros-por-hora-127v\/","title":{"rendered":"Bomba Submersa Ac-6000 Ocean Tech Litros Por Hora &#8211; 127v"},"content":{"rendered":"<p><em>ESTOQUE ATUALIZADO &#8211; MODELO OCEAN TECH BOMBA Ac-6000 &#8211; 6.000l\/h<\/em><br \/>\n-MAIS POTENTE !<br \/>\n-Design Atualizado;<br \/>\n-Produto Robusto<br \/>\n-Projetado Para Uso Constante;<br \/>\n-Extremamente Resistente e Potente!<br \/>\n-Nossas Bombas de \u00c1gua S\u00e3o Testados UM POR UM!<\/p>\n<p>N\u00e3o \u00e9 de hoje que sabemos a import\u00e2ncia de um fluxo constante para uma boa filtragem, seja em aqu\u00e1rios ou lagos ornamentais, para isso precisamos ter uma bomba dur\u00e1vel, econ\u00f4mica e segura.<br \/>\nA Ocean Tech tr\u00e1s at\u00e9 voc\u00ea tudo isso e um pouco mais com a sua linha ECO. O controlador eletr\u00f4nico de fluxo garante um controle total e adapta\u00e7\u00e3o a diferentes exig\u00eancias de cada projeto, al\u00e9m disso ele garante a possibilidade de substitui\u00e7\u00e3o de apenas parte do produto quando houver a necessidade.Toda a linha AC PUMP Ocean Tech se destaca pela economia de energia e pelas quatros funcionalidades que s\u00e3o extremamente \u00fateis.<\/p>\n<p>Principais vantagens:<br \/>\n&#8211; Motor e driver separados com 6 metros de cabo (consulte modelo), permitindo uma instala\u00e7\u00e3o totalmente segura;<br \/>\n&#8211; Chip inteligente, desliga a bomba no caso de falta de \u00e1gua ou obstru\u00e7\u00e3o;<br \/>\n&#8211; Bomba AC 110v ou 220v; \u2013 De 6.000 at\u00e9 20.000 mil litros\/hora;<br \/>\n&#8211; Eixo cer\u00e2mico resistente a corros\u00e3o, ultra silenciosa, dur\u00e1vel;<br \/>\n&#8211; Baixo consumo (at\u00e9 65% de economia);<br \/>\n&#8211; Para uso em \u00e1gua doce ou salgada.<\/p>\n<p>Funcionalidades:<br \/>\n-A primeira \u00e9 o controle eletr\u00f4nico de vaz\u00e3o. Muitas pessoas ficam na d\u00favida sobre a vaz\u00e3o ideal, a vaz\u00e3o que o seu sistema suporta e a possibilidade de amplia\u00e7\u00e3o futura dos seus projetos. Com essa regulagem voc\u00ea pode usar uma bomba mais forte do que o necess\u00e1rio para o momento e regular a vaz\u00e3o ideal atrav\u00e9s do controlador eletr\u00f4nico,com o simples apertar de 1 bot\u00e3o, dispensando a necessidade de registros que \u201cestrangulam\u201d a bomba, fazendo com que ela trabalhe sobrecarregada.<\/p>\n<p>-A segunda \u00e9 o bot\u00e3o Feed. Quando pressionado ele interrompe o funcionamento da bomba por 5 minutos. Tempo suficiente para realizar pequenas manuten\u00e7\u00f5es no seu filtro ao alimentar os peixes sem que a comida seja sugada para o filtro.<\/p>\n<p>-A terceira \u00e9 uma das mais importantes, a fun\u00e7\u00e3o anti travamento. Caso algo grande bloqueie a rota\u00e7\u00e3o do impeller, esgotadas as tentativas de destravamento,o controlador interrompe o funcionamento, evitando que o seu equipamento seja danificado.<\/p>\n<p>-A quarta tamb\u00e9m \u00e9 uma fun\u00e7\u00e3o de seguran\u00e7a, a fun\u00e7\u00e3o anti secamento. No caso de secamento do compartimento onde a bomba est\u00e1 instalada, ap\u00f3s algumas tentativas de normaliza\u00e7\u00e3o do sistema, o controlador desativa o funcionamento, garantindo que o equipamento n\u00e3o exceda sua rota\u00e7\u00e3o m\u00e1xima, superaque\u00e7a e seja permanentemente danificado.<\/p>\n<p>Manuten\u00e7\u00e3o:<\/p>\n<p>-Lavar apenas com \u00e1gua;<\/p>\n<p>-Remover o acumolo de res\u00edduos com um pincel;<\/p>\n<p>-O usu\u00e1rio deve inspecionar o impeller periodicamente para obstru\u00e7\u00f5es e desgaste prematuro;<\/p>\n<p>-A bomba deve ser limpa com \u00e1gua e um pincel para remover res\u00edduos acumulados;<\/p>\n<p>-Substitua qualquer pe\u00e7a danificada apenas por pe\u00e7as originais;<\/p>\n<p>-Desconecte da tomada antes de qualquer manuten\u00e7\u00e3o;<\/p>\n<p>Informa\u00e7\u00f5es T\u00e9cnicas<\/p>\n<ul>\n<li>Modelo: AC-6.000<\/li>\n<li>Pot\u00eancia: 55W<\/li>\n<li>Voltagem: Selecione a Voltagem no An\u00fancio! (110V ou 220V)<\/li>\n<li>Vaz\u00e3o M\u00ednima: 3.000L\/h<\/li>\n<li>Vaz\u00e3o M\u00e1xima: 6.000L\/h<\/li>\n<li>Coluna da \u00c1gua: 3,6m<\/li>\n<li>Conex\u00f5es: 15\/21\/26mm<\/li>\n<li>Dimens\u00f5es (CxLxA): 21 x 9 x 12,5cm<\/li>\n<li>Cabo de Energia: 3m \/ 6m (Cabo longo, verificar disponibilidade)<\/li>\n<li>Cabo Controlador: 1,4m<\/li>\n<\/ul>","protected":false},"excerpt":{"rendered":"<p>ESTOQUE ATUALIZADO &#8211; MODELO OCEAN TECH BOMBA Ac-6000 &#8211; 6.000l\/h -MAIS POTENTE ! -Design Atualizado; -Produto Robusto -Projetado Para Uso Constante; -Extremamente Resistente e Potente! -Nossas Bombas de \u00c1gua S\u00e3o Testados UM POR UM! N\u00e3o \u00e9 de hoje que sabemos a import\u00e2ncia de um fluxo constante para uma boa filtragem, seja em aqu\u00e1rios ou lagos [&hellip;]<\/p>\n","protected":false},"featured_media":1410782128,"comment_status":"open","ping_status":"closed","template":"","meta":{"googlesitekit_rrm_CAow0N7NCw:productID":"","content-type":"","pmpro_default_level":"","_themeisle_gutenberg_block_has_review":false},"product_brand":[],"product_cat":[58],"product_tag":[],"class_list":{"0":"post-1410782130","1":"product","2":"type-product","3":"status-publish","4":"has-post-thumbnail","6":"product_cat-bombas","7":"aux-has-gallery","8":"pmpro-has-access","10":"first","11":"outofstock","12":"taxable","13":"shipping-taxable","14":"purchasable","15":"product-type-variable"},"_links":{"self":[{"href":"https:\/\/dinhosreef.com\/en\/wp-json\/wp\/v2\/product\/1410782130","targetHints":{"allow":["GET"]}}],"collection":[{"href":"https:\/\/dinhosreef.com\/en\/wp-json\/wp\/v2\/product"}],"about":[{"href":"https:\/\/dinhosreef.com\/en\/wp-json\/wp\/v2\/types\/product"}],"replies":[{"embeddable":true,"href":"https:\/\/dinhosreef.com\/en\/wp-json\/wp\/v2\/comments?post=1410782130"}],"wp:featuredmedia":[{"embeddable":true,"href":"https:\/\/dinhosreef.com\/en\/wp-json\/wp\/v2\/media\/1410782128"}],"wp:attachment":[{"href":"https:\/\/dinhosreef.com\/en\/wp-json\/wp\/v2\/media?parent=1410782130"}],"wp:term":[{"taxonomy":"product_brand","embeddable":true,"href":"https:\/\/dinhosreef.com\/en\/wp-json\/wp\/v2\/product_brand?post=1410782130"},{"taxonomy":"product_cat","embeddable":true,"href":"https:\/\/dinhosreef.com\/en\/wp-json\/wp\/v2\/product_cat?post=1410782130"},{"taxonomy":"product_tag","embeddable":true,"href":"https:\/\/dinhosreef.com\/en\/wp-json\/wp\/v2\/product_tag?post=1410782130"}],"curies":[{"name":"wp","href":"https:\/\/api.w.org\/{rel}","templated":true}]}}