{"id":1410782450,"date":"2025-03-18T19:43:46","date_gmt":"2025-03-18T22:43:46","guid":{"rendered":"https:\/\/dinhosreef.com\/produto\/acara-ouro-veu-pequeno\/"},"modified":"2026-03-21T16:15:25","modified_gmt":"2026-03-21T19:15:25","slug":"acara-ouro-veu-pequeno","status":"publish","type":"product","link":"https:\/\/dinhosreef.com\/en\/product\/acara-ouro-veu-pequeno\/","title":{"rendered":"Acara Ouro Veu pequeno"},"content":{"rendered":"<p><strong>T\u00edtulo:<\/strong> Acar\u00e1 Ouro V\u00e9u Pequeno \u2013 Beleza Dourada e Nadadeiras Elegantes<\/p>\n<p><strong>Descri\u00e7\u00e3o:<\/strong><br \/>\nO <strong>Acar\u00e1 Ouro V\u00e9u (Pterophyllum scalare)<\/strong> \u00e9 um peixe ornamental deslumbrante, com uma colora\u00e7\u00e3o dourada brilhante e nadadeiras longas e esvoa\u00e7antes. Al\u00e9m de sua beleza marcante, \u00e9 um peixe pac\u00edfico e de f\u00e1cil manuten\u00e7\u00e3o, perfeito para aqu\u00e1rios comunit\u00e1rios e plantados.<\/p>\n<p>&nbsp;<\/p>","protected":false},"excerpt":{"rendered":"<p>T\u00edtulo: Acar\u00e1 Ouro V\u00e9u Pequeno \u2013 Beleza Dourada e Nadadeiras Elegantes Descri\u00e7\u00e3o: O Acar\u00e1 Ouro V\u00e9u (Pterophyllum scalare) \u00e9 um peixe ornamental deslumbrante, com uma colora\u00e7\u00e3o dourada brilhante e nadadeiras longas e esvoa\u00e7antes. Al\u00e9m de sua beleza marcante, \u00e9 um peixe pac\u00edfico e de f\u00e1cil manuten\u00e7\u00e3o, perfeito para aqu\u00e1rios comunit\u00e1rios e plantados. &nbsp;<\/p>","protected":false},"featured_media":1410782449,"comment_status":"open","ping_status":"closed","template":"","meta":{"googlesitekit_rrm_CAow0N7NCw:productID":"","content-type":"","pmpro_default_level":"","_themeisle_gutenberg_block_has_review":false},"product_brand":[],"product_cat":[206,186,205,219],"product_tag":[],"class_list":{"0":"post-1410782450","1":"product","2":"type-product","3":"status-publish","4":"has-post-thumbnail","6":"product_cat-acara","7":"product_cat-animais-vivos","8":"product_cat-peixes-agua-doce","9":"product_cat-todos-os-peixes-de-agua-doce","10":"product_shipping_class-animais-vivos","11":"pmpro-has-access","13":"first","14":"outofstock","15":"taxable","16":"shipping-taxable","17":"purchasable","18":"product-type-simple"},"_links":{"self":[{"href":"https:\/\/dinhosreef.com\/en\/wp-json\/wp\/v2\/product\/1410782450","targetHints":{"allow":["GET"]}}],"collection":[{"href":"https:\/\/dinhosreef.com\/en\/wp-json\/wp\/v2\/product"}],"about":[{"href":"https:\/\/dinhosreef.com\/en\/wp-json\/wp\/v2\/types\/product"}],"replies":[{"embeddable":true,"href":"https:\/\/dinhosreef.com\/en\/wp-json\/wp\/v2\/comments?post=1410782450"}],"wp:featuredmedia":[{"embeddable":true,"href":"https:\/\/dinhosreef.com\/en\/wp-json\/wp\/v2\/media\/1410782449"}],"wp:attachment":[{"href":"https:\/\/dinhosreef.com\/en\/wp-json\/wp\/v2\/media?parent=1410782450"}],"wp:term":[{"taxonomy":"product_brand","embeddable":true,"href":"https:\/\/dinhosreef.com\/en\/wp-json\/wp\/v2\/product_brand?post=1410782450"},{"taxonomy":"product_cat","embeddable":true,"href":"https:\/\/dinhosreef.com\/en\/wp-json\/wp\/v2\/product_cat?post=1410782450"},{"taxonomy":"product_tag","embeddable":true,"href":"https:\/\/dinhosreef.com\/en\/wp-json\/wp\/v2\/product_tag?post=1410782450"}],"curies":[{"name":"wp","href":"https:\/\/api.w.org\/{rel}","templated":true}]}}