{"id":1410782508,"date":"2025-03-20T10:34:12","date_gmt":"2025-03-20T13:34:12","guid":{"rendered":"https:\/\/dinhosreef.com\/produto\/one-year-combo-alert-seachem\/"},"modified":"2026-02-25T09:26:20","modified_gmt":"2026-02-25T12:26:20","slug":"one-year-combo-alert-seachem","status":"publish","type":"product","link":"https:\/\/dinhosreef.com\/en\/product\/one-year-combo-alert-seachem\/","title":{"rendered":"Seachem One Year Combo Ammonia e PH   Alert"},"content":{"rendered":"<p>Combo de alerta de um ano<br \/>\nTecnologia de sensor Seachem<br \/>\nInclui Ammonia Alert \u00ae e pH Alert \u00ae<br \/>\nMonitora continuamente a am\u00f4nia e o pH da \u00e1gua doce<br \/>\nN\u00e3o s\u00e3o necess\u00e1rios produtos qu\u00edmicos ou procedimentos de teste<br \/>\nFornecimento de um ano<\/p>\n<p>O pacote One Year Alert Combo combina um suprimento anual de Ammonia Alert\u00ae (1 cart\u00e3o) e pH Alert\u00ae (1 cart\u00e3o e 1 sensor de reposi\u00e7\u00e3o). Ammonia Alert\u00ae e pH Alert\u00ae t\u00eam quase metade do tamanho dos produtos concorrentes. Com 1,5 &#8220;x 2,5&#8221;, eles s\u00e3o pequenos, claros e discretos, portanto n\u00e3o prejudicam a vis\u00e3o do seu aqu\u00e1rio. Basta colocar Ammonia Alert\u00ae e pH Alert\u00ae visivelmente em qualquer lugar do aqu\u00e1rio ou filtro. \u00c9 t\u00e3o f\u00e1cil. N\u00e3o s\u00e3o necess\u00e1rios produtos qu\u00edmicos ou procedimentos de teste.<\/p>\n<p>Alerta de Am\u00f4nia<br \/>\nO sensor do Ammonia Alert&#8217;s\u00ae muda reversivelmente de amarelo para verde e para azul, em rela\u00e7\u00e3o \u00e0 concentra\u00e7\u00e3o de am\u00f4nia. Ele detecta menos de 0,05 mg \/ L (ppm) de am\u00f4nia livre e alerta para o assassino n\u00ba 1 antes de qualquer sinal de estresse. A presen\u00e7a de am\u00f4nia livre \u00e9 detect\u00e1vel continuamente com um tempo de resposta de cerca de 15 minutos. A resposta \u00e0 diminui\u00e7\u00e3o da am\u00f4nia \u00e9 mais lenta, levando cerca de 4 horas para passar de T\u00d3XICO a SEGURO na remo\u00e7\u00e3o da am\u00f4nia. Uso marinho ou de \u00e1gua doce .<\/p>\n<p>Alerta de pH<br \/>\npH Alert\u00ae \u00e9 um dispositivo de cor exclusivo projetado para ser colocado no aqu\u00e1rio ou filtrar e monitorar o pH continuamente. Um sensor muda de cor reversivelmente de amarelo para laranja e para vermelho alertando voc\u00ea sobre mudan\u00e7as nos n\u00edveis de pH entre 5,4 e 8,0. Quando colocado em servi\u00e7o pela primeira vez, o tempo de resposta do pH Alert\u00ae ser\u00e1 de cerca de 30 minutos. Depois disso, as mudan\u00e7as de pH ser\u00e3o registradas em dez minutos. Uso somente em \u00e1gua doce .<\/p>","protected":false},"excerpt":{"rendered":"<p>Combo de alerta de um ano Tecnologia de sensor Seachem Inclui Ammonia Alert \u00ae e pH Alert \u00ae Monitora continuamente a am\u00f4nia e o pH da \u00e1gua doce N\u00e3o s\u00e3o necess\u00e1rios produtos qu\u00edmicos ou procedimentos de teste Fornecimento de um ano O pacote One Year Alert Combo combina um suprimento anual de Ammonia Alert\u00ae (1 [&hellip;]<\/p>\n","protected":false},"featured_media":1410782504,"comment_status":"open","ping_status":"closed","template":"","meta":{"googlesitekit_rrm_CAow0N7NCw:productID":"","content-type":"","pmpro_default_level":"","_themeisle_gutenberg_block_has_review":false},"product_brand":[402],"product_cat":[31],"product_tag":[],"class_list":{"0":"post-1410782508","1":"product","2":"type-product","3":"status-publish","4":"has-post-thumbnail","6":"product_brand-seachem","7":"product_cat-materiais-filtrantes","8":"aux-has-gallery","9":"pmpro-has-access","11":"first","12":"instock","13":"taxable","14":"shipping-taxable","15":"purchasable","16":"product-type-simple"},"_links":{"self":[{"href":"https:\/\/dinhosreef.com\/en\/wp-json\/wp\/v2\/product\/1410782508","targetHints":{"allow":["GET"]}}],"collection":[{"href":"https:\/\/dinhosreef.com\/en\/wp-json\/wp\/v2\/product"}],"about":[{"href":"https:\/\/dinhosreef.com\/en\/wp-json\/wp\/v2\/types\/product"}],"replies":[{"embeddable":true,"href":"https:\/\/dinhosreef.com\/en\/wp-json\/wp\/v2\/comments?post=1410782508"}],"wp:featuredmedia":[{"embeddable":true,"href":"https:\/\/dinhosreef.com\/en\/wp-json\/wp\/v2\/media\/1410782504"}],"wp:attachment":[{"href":"https:\/\/dinhosreef.com\/en\/wp-json\/wp\/v2\/media?parent=1410782508"}],"wp:term":[{"taxonomy":"product_brand","embeddable":true,"href":"https:\/\/dinhosreef.com\/en\/wp-json\/wp\/v2\/product_brand?post=1410782508"},{"taxonomy":"product_cat","embeddable":true,"href":"https:\/\/dinhosreef.com\/en\/wp-json\/wp\/v2\/product_cat?post=1410782508"},{"taxonomy":"product_tag","embeddable":true,"href":"https:\/\/dinhosreef.com\/en\/wp-json\/wp\/v2\/product_tag?post=1410782508"}],"curies":[{"name":"wp","href":"https:\/\/api.w.org\/{rel}","templated":true}]}}