{"id":1410782510,"date":"2025-03-20T10:34:23","date_gmt":"2025-03-20T13:34:23","guid":{"rendered":"https:\/\/dinhosreef.com\/produto\/prime-500ml-seachem\/"},"modified":"2026-02-13T11:35:49","modified_gmt":"2026-02-13T14:35:49","slug":"prime-500ml-seachem","status":"publish","type":"product","link":"https:\/\/dinhosreef.com\/en\/product\/prime-500ml-seachem\/","title":{"rendered":"PRIME 500ML  &#8211;  SEACHEM"},"content":{"rendered":"<p>Principais Caracter\u00edsticas:<br \/>I &#8211; O removedor de cloro mais conhecidos e utilizado pelos aquaristas brasileiros;<br \/>II &#8211; \u00c9 um condicionador completo e concentrado para \u00e1gua doce ou salga;<br \/>III &#8211; Remove cloro, cloramina, am\u00f4nia, nitrito e nitrato;<br \/>IV &#8211; Desintoxica quaisquer metais pesados encontrados na \u00e1gua da torneira em n\u00edveis de concentra\u00e7\u00e3o t\u00edpicos;<br \/>V &#8211; Rende muito mais, \u00e9 5X mais concentrado do que os produtos concorrentes;<br \/>VI &#8211; 5ml s\u00e3o capazes de tratar incr\u00edveis 200L de \u00e1gua.<\/p>\n<p>Descri\u00e7\u00e3o:<br \/>Seachem Prime \u00e9 um condicionador completo e concentrado para \u00e1gua doce e salgada. Ele remove cloro, cloramina e desintoxica o aqu\u00e1rio processando a am\u00f4nia. Prime converte a am\u00f4nia, nitritos e nitratos em uma subst\u00e2ncia segura e n\u00e3o-t\u00f3xica que \u00e9 facilmente removida pela filtragem do tanque. Seachem Prime tamb\u00e9m pode ser utilizado durante a montagem do aqu\u00e1rio para atenuar a toxicidade da am\u00f4nia\/nitrito. Por\u00e9m, para montagem do aqu\u00e1rio, recomendamos a utiliza\u00e7\u00e3o do Seachem Stability ou outro acelerador biol\u00f3gico.<\/p>\n<p>Ele tamb\u00e9m ir\u00e1 desintoxicar quaisquer metais pesados encontrados na \u00e1gua da torneira em n\u00edveis de concentra\u00e7\u00e3o t\u00edpicos. Prime n\u00e3o apresenta car\u00e1ter \u00e1cido e n\u00e3o ter\u00e1 impacto sobre pH do aqu\u00e1rio. Utilize prime na montagem do aqu\u00e1rio e nas trocas parciais.<\/p>\n<p>Ao transportar ou colocar em quarentena um peixe, use Seachem StressGuard. Ao adicionar novos peixes, use Seachem Stability. Ambos s\u00e3o ideais para uso com Prime.<\/p>\n<p>Quase todas as empresas fabricam um produto que remove cloro. Nenhum desses, no entanto, pode se comparar em qualidade, concentra\u00e7\u00e3o ou efic\u00e1cia do produto da Seachem: Prime. Ele \u00e9 a segundo mais concentrado desclorificante do mercado, logo ap\u00f3s o Seachem Aquavitro. Um \u00fanico frasco de 100ml de prime consegue tratar 4.000L de \u00e1gua da torneira.<\/p>\n<p>Atributos do Produto:<br \/>Modelo: Prime 500ml<br \/>Tipo de Pet: indicado para Peixes<br \/>Volume L\u00edq. Produto (L): 0,5<br \/>Rendimento: 5mL para 200L de \u00e1gua<\/p>","protected":false},"excerpt":{"rendered":"<p>Principais Caracter\u00edsticas:I &#8211; O removedor de cloro mais conhecidos e utilizado pelos aquaristas brasileiros;II &#8211; \u00c9 um condicionador completo e concentrado para \u00e1gua doce ou salga;III &#8211; Remove cloro, cloramina, am\u00f4nia, nitrito e nitrato;IV &#8211; Desintoxica quaisquer metais pesados encontrados na \u00e1gua da torneira em n\u00edveis de concentra\u00e7\u00e3o t\u00edpicos;V &#8211; Rende muito mais, \u00e9 5X [&hellip;]<\/p>\n","protected":false},"featured_media":1410782509,"comment_status":"open","ping_status":"closed","template":"","meta":{"googlesitekit_rrm_CAow0N7NCw:productID":"","content-type":"","pmpro_default_level":"","_themeisle_gutenberg_block_has_review":false},"product_brand":[402],"product_cat":[47],"product_tag":[],"class_list":{"0":"post-1410782510","1":"product","2":"type-product","3":"status-publish","4":"has-post-thumbnail","6":"product_brand-seachem","7":"product_cat-condicionadores-de-agua","8":"pmpro-has-access","10":"first","11":"outofstock","12":"taxable","13":"shipping-taxable","14":"purchasable","15":"product-type-simple"},"_links":{"self":[{"href":"https:\/\/dinhosreef.com\/en\/wp-json\/wp\/v2\/product\/1410782510","targetHints":{"allow":["GET"]}}],"collection":[{"href":"https:\/\/dinhosreef.com\/en\/wp-json\/wp\/v2\/product"}],"about":[{"href":"https:\/\/dinhosreef.com\/en\/wp-json\/wp\/v2\/types\/product"}],"replies":[{"embeddable":true,"href":"https:\/\/dinhosreef.com\/en\/wp-json\/wp\/v2\/comments?post=1410782510"}],"wp:featuredmedia":[{"embeddable":true,"href":"https:\/\/dinhosreef.com\/en\/wp-json\/wp\/v2\/media\/1410782509"}],"wp:attachment":[{"href":"https:\/\/dinhosreef.com\/en\/wp-json\/wp\/v2\/media?parent=1410782510"}],"wp:term":[{"taxonomy":"product_brand","embeddable":true,"href":"https:\/\/dinhosreef.com\/en\/wp-json\/wp\/v2\/product_brand?post=1410782510"},{"taxonomy":"product_cat","embeddable":true,"href":"https:\/\/dinhosreef.com\/en\/wp-json\/wp\/v2\/product_cat?post=1410782510"},{"taxonomy":"product_tag","embeddable":true,"href":"https:\/\/dinhosreef.com\/en\/wp-json\/wp\/v2\/product_tag?post=1410782510"}],"curies":[{"name":"wp","href":"https:\/\/api.w.org\/{rel}","templated":true}]}}