{"id":1410782515,"date":"2025-03-20T10:34:43","date_gmt":"2025-03-20T13:34:43","guid":{"rendered":"https:\/\/dinhosreef.com\/produto\/amguard-500ml-seachem\/"},"modified":"2026-03-16T12:36:39","modified_gmt":"2026-03-16T15:36:39","slug":"amguard-500ml-seachem","status":"publish","type":"product","link":"https:\/\/dinhosreef.com\/en\/product\/amguard-500ml-seachem\/","title":{"rendered":"AMGUARD 500ML  &#8211;  SEACHEM"},"content":{"rendered":"<p>AmGuard \u00e9 uma forma segura, r\u00e1pida e eficiente de remover a am\u00f4nia da \u00e1gua do aqu\u00e1rio. \u00c9 seguro para uso durante o pleno funcionamento do aqu\u00e1rio e \u00e9 ideal para o tratamento de situa\u00e7\u00f5es de emerg\u00eancia. AmGuard \u00e9 o removedor de am\u00f4nia mais forte no mercado. Funciona em poucos minutos para desintoxicar a am\u00f4nia livre e n\u00e3o degrada mesmo quarenta e oito horas depois. Isso \u00e9 quase duas vezes a capacidade dos produtos dos concorrentes. Ao contr\u00e1rio dos produtos concorrentes, AmGuard converte a am\u00f4nia em um produto seguro, n\u00e3o-t\u00f3xico e que \u00e9 facilmente removido pela pr\u00f3pria filtragem do aqu\u00e1rio. Esse processo n\u00e3o altera o pH.<br \/>Para controle de am\u00f4nia de longo prazo, use Seachem Stability e Seachem Matrix.<\/p>\n<p>Atributos do Produto:<br \/>Marca: Seachem<br \/>Modelo: AmGuard 500mL<br \/>Tipo de Pet: Peixes<br \/>Tipo de \u00c1gua: Doce e Salgada<br \/>Dosagem: 2 tampas (5ml) para cada 200L diariamente ou em casos necess\u00e1rios para redu\u00e7\u00e3o de am\u00f4nia.<br \/>Volume L\u00edq. Produto (L): 0,5<br \/>Rendimento: 5mL para 200L de \u00e1gua.<\/p>","protected":false},"excerpt":{"rendered":"<p>AmGuard \u00e9 uma forma segura, r\u00e1pida e eficiente de remover a am\u00f4nia da \u00e1gua do aqu\u00e1rio. \u00c9 seguro para uso durante o pleno funcionamento do aqu\u00e1rio e \u00e9 ideal para o tratamento de situa\u00e7\u00f5es de emerg\u00eancia. AmGuard \u00e9 o removedor de am\u00f4nia mais forte no mercado. Funciona em poucos minutos para desintoxicar a am\u00f4nia livre [&hellip;]<\/p>\n","protected":false},"featured_media":1410782514,"comment_status":"open","ping_status":"closed","template":"","meta":{"googlesitekit_rrm_CAow0N7NCw:productID":"","content-type":"","pmpro_default_level":"","_themeisle_gutenberg_block_has_review":false},"product_brand":[402],"product_cat":[31],"product_tag":[],"class_list":{"0":"post-1410782515","1":"product","2":"type-product","3":"status-publish","4":"has-post-thumbnail","6":"product_brand-seachem","7":"product_cat-materiais-filtrantes","8":"pmpro-has-access","10":"first","11":"outofstock","12":"taxable","13":"shipping-taxable","14":"purchasable","15":"product-type-simple"},"_links":{"self":[{"href":"https:\/\/dinhosreef.com\/en\/wp-json\/wp\/v2\/product\/1410782515","targetHints":{"allow":["GET"]}}],"collection":[{"href":"https:\/\/dinhosreef.com\/en\/wp-json\/wp\/v2\/product"}],"about":[{"href":"https:\/\/dinhosreef.com\/en\/wp-json\/wp\/v2\/types\/product"}],"replies":[{"embeddable":true,"href":"https:\/\/dinhosreef.com\/en\/wp-json\/wp\/v2\/comments?post=1410782515"}],"wp:featuredmedia":[{"embeddable":true,"href":"https:\/\/dinhosreef.com\/en\/wp-json\/wp\/v2\/media\/1410782514"}],"wp:attachment":[{"href":"https:\/\/dinhosreef.com\/en\/wp-json\/wp\/v2\/media?parent=1410782515"}],"wp:term":[{"taxonomy":"product_brand","embeddable":true,"href":"https:\/\/dinhosreef.com\/en\/wp-json\/wp\/v2\/product_brand?post=1410782515"},{"taxonomy":"product_cat","embeddable":true,"href":"https:\/\/dinhosreef.com\/en\/wp-json\/wp\/v2\/product_cat?post=1410782515"},{"taxonomy":"product_tag","embeddable":true,"href":"https:\/\/dinhosreef.com\/en\/wp-json\/wp\/v2\/product_tag?post=1410782515"}],"curies":[{"name":"wp","href":"https:\/\/api.w.org\/{rel}","templated":true}]}}