{"id":1410782517,"date":"2025-03-20T10:34:54","date_gmt":"2025-03-20T13:34:54","guid":{"rendered":"https:\/\/dinhosreef.com\/produto\/purigen-250ml-seachem\/"},"modified":"2026-04-06T12:21:16","modified_gmt":"2026-04-06T15:21:16","slug":"purigen-250ml-seachem","status":"publish","type":"product","link":"https:\/\/dinhosreef.com\/en\/product\/purigen-250ml-seachem\/","title":{"rendered":"PURIGEN 250ML  &#8211;  SEACHEM"},"content":{"rendered":"<p>Principais Caracter\u00edsticas:<\/p>\n<p>I &#8211; Remove as impurezas sol\u00faveis e insol\u00faveis da \u00e1gua a uma taxa e capacidade que ultrapassa todos os outros produtos concorrentes em mais de 500%;<\/p>\n<p>II &#8211; M\u00e1xima capacidade de remo\u00e7\u00e3o de mat\u00e9ria org\u00e2nica da \u00e1gua do aqu\u00e1rio;<\/p>\n<p>III &#8211; \u00c9 praticamente o melhor removedor de am\u00f4nia e clarificador de \u00e1gua do aquarismo;<\/p>\n<p>IV &#8211; Possui maior capacidade devido \u00e0 sua vasta \u00e1rea de superf\u00edcie, tanto esf\u00e9rica, quanto macro-reticular;<\/p>\n<p>V &#8211; Substitui o tradicional carv\u00e3o ativado;<\/p>\n<p>VI &#8211; Diferente do carv\u00e3o ativado, pode ser facilmente regenerado e reutilizado;<\/p>\n<p>VII &#8211; F\u00e1cil controle, pois a cor muda uma vez que esgota sua capacidade adsorvente;<\/p>\n<p>VIII &#8211; Ajuda a controlar a am\u00f4nia, nitrito, e nitrato, todos compostos t\u00f3xicos para os peixes;<\/p>\n<p>IX &#8211; 250ml tratam 1000L por at\u00e9 seis meses;<\/p>\n<p>X &#8211; Ideal para aqu\u00e1rios de \u00e1gua doce e salgada.<\/p>\n<p>Descri\u00e7\u00e3o:<\/p>\n<p>O Adsorvente Purigen \u00e9 um adsorvente sint\u00e9tico premium diferente de qualquer outro produto de filtra\u00e7\u00e3o, pois n\u00e3o \u00e9 uma mistura de permutadores de \u00edons ou adsorventes, mas um \u00fanico pol\u00edmero sint\u00e9tico macro poroso que remove as impurezas sol\u00faveis e insol\u00faveis da \u00e1gua a uma taxa e capacidade que supera todos os outros produtos concorrentes em mais de 500%.<\/p>\n<p>Este produto controla a am\u00f4nia, nitritos e nitratos, removendo os res\u00edduos org\u00e2nicos azotados que liberaram compostos nocivos. O impacto do Purigen em oligoelementos \u00e9 m\u00ednimo, e isso aumenta significativamente o redox.<\/p>\n<p>Ele escurece progressivamente conforme seu tempo de utiliza\u00e7\u00e3o, por\u00e9m \u00e9 facilmente renovado pelo tratamento com \u00e1gua sanit\u00e1ria. Purigen \u00e9 projetado para uso em aqu\u00e1rios marinhos e de \u00e1gua doce.<\/p>\n<p>Seletividade<\/p>\n<p>O Purigen apresenta a mais alta capacidade de filtragem biol\u00f3gica em forma de resina do mercado. Nenhum outro produto consegue alcan\u00e7ar a sua capacidade de limpar a nebulosidade e am\u00f4nia da \u00e1gua.<\/p>\n<p>Ao contr\u00e1rio de outros produtos no mercado que s\u00e3o simples resinas de trocas de \u00edons, Purigen \u00e9 projetado especificamente para ser uma resina de elimina\u00e7\u00e3o org\u00e2nica.<\/p>\n<p>Enquanto resinas convencionais de permuta i\u00f4nica tem sua capacidade de absor\u00e7\u00e3o de metais e outros contaminantes preenchida, Purigen mal come\u00e7ou a atingir seu potencial.<\/p>\n<p>Purigen geralmente ignora compostos elementares simples, tendo uma afinidade extrema para produtos org\u00e2nicos azotados. A principal fonte de compostos nitrogenados em um aqu\u00e1rio s\u00e3o os res\u00edduos org\u00e2nicos (restos de alimentos). Peixes, corais ou at\u00e9 mesmo plantas tamb\u00e9m produzem res\u00edduos nitrogenados. O produto remove estes res\u00edduos mais rapidamente e mais completamente do que qualquer outro produto no mercado.<\/p>\n<p>Capacidade<\/p>\n<p>Purigen possui capacidade melhorada devido \u00e0 sua grande \u00e1rea de superf\u00edcie. Todas as outras resinas no mercado s\u00e3o puramente gr\u00e2nulos esf\u00e9ricos extrudados. Estes gr\u00e2nulos permanecem suaves mesmo sob um microsc\u00f3pio. Purigen apresenta forma esf\u00e9rica e macro reticular.<\/p>\n<p>Tem poros microsc\u00f3picos que aumentam sua \u00e1rea de superf\u00edcie utiliz\u00e1vel muitas vezes al\u00e9m de uma resina puramente esf\u00e9rica.<\/p>\n<p>Regenera\u00e7\u00e3o<\/p>\n<p>Purigen \u00e9 um elemento filtrante reutiliz\u00e1vel. Como absorve os res\u00edduos nitrogenados, este produto vai mudando sua cor de um loiro p\u00e1lido para castanho-escuro, quase preto. Uma vez que est\u00e1 esgotado, pode ser regenerado com uma solu\u00e7\u00e3o de \u00e1gua sanit\u00e1ria e \u00e1gua.<\/p>\n<p>Recomendamos utilizar Seachem Purigen junto ao Seachem Matrix, Sera Siporax ou outra cer\u00e2mica de sua prefer\u00eancia. Essa combina\u00e7\u00e3o tem se mostrado uma f\u00f3rmula de sucesso para filtragem definitiva em aqu\u00e1rios de \u00e1gua doce e salgada.<\/p>\n<p>Atributos do Produto:<\/p>\n<p>Marca: Seachem<\/p>\n<p>Modelo: Purigen 250ml<\/p>\n<p>Tipo de Pet: Peixes<\/p>\n<p>Tipo de \u00c1gua: Doce e Salgada<\/p>\n<p>Tipo Elemento Filtrante: M\u00eddia para Filtragem Qu\u00edmica (Adsorventes)<\/p>\n<p>Capacidade Indicada (L): 1000<\/p>\n<p>Peso L\u00edq. Produto (Kg): 0,15<\/p>\n<p>Volume L\u00edq. Produto (L): 0,25<\/p>\n<p>Rendimento: Cada 250 mL trata at\u00e9 1.000 L por at\u00e9 seis meses.<\/p>\n<p>Composi\u00e7\u00e3o|Formula\u00e7\u00e3o: Resina<\/p>","protected":false},"excerpt":{"rendered":"<p>Principais Caracter\u00edsticas: I &#8211; Remove as impurezas sol\u00faveis e insol\u00faveis da \u00e1gua a uma taxa e capacidade que ultrapassa todos os outros produtos concorrentes em mais de 500%; II &#8211; M\u00e1xima capacidade de remo\u00e7\u00e3o de mat\u00e9ria org\u00e2nica da \u00e1gua do aqu\u00e1rio; III &#8211; \u00c9 praticamente o melhor removedor de am\u00f4nia e clarificador de \u00e1gua do [&hellip;]<\/p>\n","protected":false},"featured_media":1410782516,"comment_status":"open","ping_status":"closed","template":"","meta":{"googlesitekit_rrm_CAow0N7NCw:productID":"","content-type":"","pmpro_default_level":"","_themeisle_gutenberg_block_has_review":false},"product_brand":[402],"product_cat":[31],"product_tag":[],"class_list":{"0":"post-1410782517","1":"product","2":"type-product","3":"status-publish","4":"has-post-thumbnail","6":"product_brand-seachem","7":"product_cat-materiais-filtrantes","8":"pmpro-has-access","10":"first","11":"outofstock","12":"taxable","13":"shipping-taxable","14":"purchasable","15":"product-type-simple"},"_links":{"self":[{"href":"https:\/\/dinhosreef.com\/en\/wp-json\/wp\/v2\/product\/1410782517","targetHints":{"allow":["GET"]}}],"collection":[{"href":"https:\/\/dinhosreef.com\/en\/wp-json\/wp\/v2\/product"}],"about":[{"href":"https:\/\/dinhosreef.com\/en\/wp-json\/wp\/v2\/types\/product"}],"replies":[{"embeddable":true,"href":"https:\/\/dinhosreef.com\/en\/wp-json\/wp\/v2\/comments?post=1410782517"}],"wp:featuredmedia":[{"embeddable":true,"href":"https:\/\/dinhosreef.com\/en\/wp-json\/wp\/v2\/media\/1410782516"}],"wp:attachment":[{"href":"https:\/\/dinhosreef.com\/en\/wp-json\/wp\/v2\/media?parent=1410782517"}],"wp:term":[{"taxonomy":"product_brand","embeddable":true,"href":"https:\/\/dinhosreef.com\/en\/wp-json\/wp\/v2\/product_brand?post=1410782517"},{"taxonomy":"product_cat","embeddable":true,"href":"https:\/\/dinhosreef.com\/en\/wp-json\/wp\/v2\/product_cat?post=1410782517"},{"taxonomy":"product_tag","embeddable":true,"href":"https:\/\/dinhosreef.com\/en\/wp-json\/wp\/v2\/product_tag?post=1410782517"}],"curies":[{"name":"wp","href":"https:\/\/api.w.org\/{rel}","templated":true}]}}