{"id":1410782520,"date":"2025-03-20T10:35:07","date_gmt":"2025-03-20T13:35:07","guid":{"rendered":"https:\/\/dinhosreef.com\/produto\/nourish-50ml-seachem\/"},"modified":"2026-02-05T12:04:35","modified_gmt":"2026-02-05T15:04:35","slug":"nourish-50ml-seachem","status":"publish","type":"product","link":"https:\/\/dinhosreef.com\/en\/product\/nourish-50ml-seachem\/","title":{"rendered":"NOURISH 50ML  &#8211;  SEACHEM"},"content":{"rendered":"<p>Caracter\u00edsticas do Produto:<br \/>I &#8211; Enriquecido com iodeto para peixes de \u00e1gua doce;<br \/>II &#8211; Auxilia na preven\u00e7\u00e3o de doen\u00e7as causadas por defici\u00eancias da tireoide;<br \/>III &#8211; Nourish \u00e9 um suplemento completo de vitaminas, amino\u00e1cidos e oligoelementos;<br \/>IV &#8211; Criado para atender \u00e0s necessidades nutricionais comumente associadas \u00e0 manuten\u00e7\u00e3o de peixes ornamentais de \u00e1gua doce em sistemas fechados de longo prazo;<br \/>V &#8211; Cont\u00e9m iodeto de pot\u00e1ssio em uma base s\u00f3lida de spirulina e chlorella;<br \/>VI &#8211; O iodo nutricional \u00e9 essencial para a bioss\u00edntese dos horm\u00f4nios tireoidianos tiroxina e triiodotironina;<br \/>VII &#8211; Tanto a spirulina quanto a chlorella cont\u00eam uma rica variedade de amino\u00e1cidos e vitaminas;<br \/>VIII &#8211; Nourish pode ser utilizado em peixes ornamentais marinhos, mas \u00e9 especificamente projetado para peixes de \u00e1gua doce.<\/p>\n<p>Descri\u00e7\u00e3o:<br \/>Nourish \u00e9 um suplemento completo de vitaminas, amino\u00e1cidos e oligoelementos criado para atender \u00e0s necessidades nutricionais comumente associadas \u00e0 manuten\u00e7\u00e3o de peixes ornamentais de \u00e1gua doce em sistemas fechados de longo prazo. Nourish cont\u00e9m iodeto de pot\u00e1ssio em uma base s\u00f3lida de spirulina e chlorella. O iodo nutricional \u00e9 essencial para a bioss\u00edntese dos horm\u00f4nios tireoidianos tiroxina e triiodotironina. Tanto a spirulina quanto a chlorella cont\u00eam uma rica variedade de amino\u00e1cidos e vitaminas. Nourish pode ser utilizado em peixes ornamentais marinhos, mas \u00e9 especificamente projetado para peixes de \u00e1gua doce.<\/p>\n<p>Atributos do Produto:<br \/>Marca: Seachem<br \/>Modelo: Nourish 50mL<br \/>Tipo de Pet: Peixes<br \/>Tipo de \u00c1gua: Doce e Salgada<br \/>Volume L\u00edq. Produto (L): 0,05<\/p>","protected":false},"excerpt":{"rendered":"<p>Caracter\u00edsticas do Produto:I &#8211; Enriquecido com iodeto para peixes de \u00e1gua doce;II &#8211; Auxilia na preven\u00e7\u00e3o de doen\u00e7as causadas por defici\u00eancias da tireoide;III &#8211; Nourish \u00e9 um suplemento completo de vitaminas, amino\u00e1cidos e oligoelementos;IV &#8211; Criado para atender \u00e0s necessidades nutricionais comumente associadas \u00e0 manuten\u00e7\u00e3o de peixes ornamentais de \u00e1gua doce em sistemas fechados de [&hellip;]<\/p>\n","protected":false},"featured_media":1410782518,"comment_status":"open","ping_status":"closed","template":"","meta":{"googlesitekit_rrm_CAow0N7NCw:productID":"","content-type":"","pmpro_default_level":"","_themeisle_gutenberg_block_has_review":false},"product_brand":[402],"product_cat":[31],"product_tag":[],"class_list":{"0":"post-1410782520","1":"product","2":"type-product","3":"status-publish","4":"has-post-thumbnail","6":"product_brand-seachem","7":"product_cat-materiais-filtrantes","8":"aux-has-gallery","9":"pmpro-has-access","11":"first","12":"outofstock","13":"taxable","14":"shipping-taxable","15":"purchasable","16":"product-type-simple"},"_links":{"self":[{"href":"https:\/\/dinhosreef.com\/en\/wp-json\/wp\/v2\/product\/1410782520","targetHints":{"allow":["GET"]}}],"collection":[{"href":"https:\/\/dinhosreef.com\/en\/wp-json\/wp\/v2\/product"}],"about":[{"href":"https:\/\/dinhosreef.com\/en\/wp-json\/wp\/v2\/types\/product"}],"replies":[{"embeddable":true,"href":"https:\/\/dinhosreef.com\/en\/wp-json\/wp\/v2\/comments?post=1410782520"}],"wp:featuredmedia":[{"embeddable":true,"href":"https:\/\/dinhosreef.com\/en\/wp-json\/wp\/v2\/media\/1410782518"}],"wp:attachment":[{"href":"https:\/\/dinhosreef.com\/en\/wp-json\/wp\/v2\/media?parent=1410782520"}],"wp:term":[{"taxonomy":"product_brand","embeddable":true,"href":"https:\/\/dinhosreef.com\/en\/wp-json\/wp\/v2\/product_brand?post=1410782520"},{"taxonomy":"product_cat","embeddable":true,"href":"https:\/\/dinhosreef.com\/en\/wp-json\/wp\/v2\/product_cat?post=1410782520"},{"taxonomy":"product_tag","embeddable":true,"href":"https:\/\/dinhosreef.com\/en\/wp-json\/wp\/v2\/product_tag?post=1410782520"}],"curies":[{"name":"wp","href":"https:\/\/api.w.org\/{rel}","templated":true}]}}