{"id":1410782524,"date":"2025-03-20T10:37:12","date_gmt":"2025-03-20T13:37:12","guid":{"rendered":"https:\/\/dinhosreef.com\/produto\/flourish-100ml-seachem\/"},"modified":"2026-02-02T14:56:58","modified_gmt":"2026-02-02T17:56:58","slug":"flourish-100ml-seachem","status":"publish","type":"product","link":"https:\/\/dinhosreef.com\/en\/product\/flourish-100ml-seachem\/","title":{"rendered":"FLOURISH 100ML  &#8211;  SEACHEM"},"content":{"rendered":"<p>Seachem Flourish 100ml<br \/>Flourish \u00e9 um amplo suplemento para aqu\u00e1rios plantados. Cont\u00e9m uma rica variedade de micronutrientes importantes, oligoelementos e outros nutrientes. Estes incluem c\u00e1lcio, magn\u00e9sio, ferro e outros elementos importantes que t\u00eam sido demonstrado que \u00e9 ben\u00e9fica para as plantas aqu\u00e1ticas.<\/p>\n<p>INDICA\u00c7\u00c3O DE USO: Ao contr\u00e1rio dos produtos concorrentes, Flourish \u00e9 projetada para ser utilizada em conjunto com outros macro e micro-nutrientes suplementos. Outros fabricantes tentam incluir todos os nutrientes necess\u00e1rios, levando a overdoses de micronutrientes, em uma tentativa de elevar n\u00edveis macro-nutrientes.<\/p>","protected":false},"excerpt":{"rendered":"<p>Seachem Flourish 100mlFlourish \u00e9 um amplo suplemento para aqu\u00e1rios plantados. Cont\u00e9m uma rica variedade de micronutrientes importantes, oligoelementos e outros nutrientes. Estes incluem c\u00e1lcio, magn\u00e9sio, ferro e outros elementos importantes que t\u00eam sido demonstrado que \u00e9 ben\u00e9fica para as plantas aqu\u00e1ticas. INDICA\u00c7\u00c3O DE USO: Ao contr\u00e1rio dos produtos concorrentes, Flourish \u00e9 projetada para ser utilizada [&hellip;]<\/p>\n","protected":false},"featured_media":1410782523,"comment_status":"open","ping_status":"closed","template":"","meta":{"googlesitekit_rrm_CAow0N7NCw:productID":"","content-type":"","pmpro_default_level":"","_themeisle_gutenberg_block_has_review":false},"product_brand":[402],"product_cat":[31],"product_tag":[],"class_list":{"0":"post-1410782524","1":"product","2":"type-product","3":"status-publish","4":"has-post-thumbnail","6":"product_brand-seachem","7":"product_cat-materiais-filtrantes","8":"pmpro-has-access","10":"first","11":"outofstock","12":"taxable","13":"shipping-taxable","14":"purchasable","15":"product-type-simple"},"_links":{"self":[{"href":"https:\/\/dinhosreef.com\/en\/wp-json\/wp\/v2\/product\/1410782524","targetHints":{"allow":["GET"]}}],"collection":[{"href":"https:\/\/dinhosreef.com\/en\/wp-json\/wp\/v2\/product"}],"about":[{"href":"https:\/\/dinhosreef.com\/en\/wp-json\/wp\/v2\/types\/product"}],"replies":[{"embeddable":true,"href":"https:\/\/dinhosreef.com\/en\/wp-json\/wp\/v2\/comments?post=1410782524"}],"wp:featuredmedia":[{"embeddable":true,"href":"https:\/\/dinhosreef.com\/en\/wp-json\/wp\/v2\/media\/1410782523"}],"wp:attachment":[{"href":"https:\/\/dinhosreef.com\/en\/wp-json\/wp\/v2\/media?parent=1410782524"}],"wp:term":[{"taxonomy":"product_brand","embeddable":true,"href":"https:\/\/dinhosreef.com\/en\/wp-json\/wp\/v2\/product_brand?post=1410782524"},{"taxonomy":"product_cat","embeddable":true,"href":"https:\/\/dinhosreef.com\/en\/wp-json\/wp\/v2\/product_cat?post=1410782524"},{"taxonomy":"product_tag","embeddable":true,"href":"https:\/\/dinhosreef.com\/en\/wp-json\/wp\/v2\/product_tag?post=1410782524"}],"curies":[{"name":"wp","href":"https:\/\/api.w.org\/{rel}","templated":true}]}}