{"id":1410782532,"date":"2025-03-20T10:37:34","date_gmt":"2025-03-20T13:37:34","guid":{"rendered":"https:\/\/dinhosreef.com\/produto\/seachem-amguard-250-ml-remove-amonia\/"},"modified":"2026-03-02T17:47:33","modified_gmt":"2026-03-02T20:47:33","slug":"seachem-amguard-250-ml-remove-amonia","status":"publish","type":"product","link":"https:\/\/dinhosreef.com\/en\/product\/seachem-amguard-250-ml-remove-amonia\/","title":{"rendered":"Seachem Amguard 250 Ml- Remove Am\u00f4nia"},"content":{"rendered":"<p>AmGuard \u2122 \u00e9 um produto eficaz que remove a am\u00f4nia com seguran\u00e7a, rapidez e efici\u00eancia. \u00c9 adequado para uso em \u00e1gua doce ou salgada e durante o ciclo do aqu\u00e1rio. Al\u00e9m disso, \u00e9 ideal para o tratamento de situa\u00e7\u00f5es de emerg\u00eancia inesperadas.<\/p>\n<p>AmGuard \u2122 reage com a am\u00f4nia livre em poucos minutos e n\u00e3o altera o pH. A am\u00f4nia pode existir em duas formas: livre e ionizada. Este produto tamb\u00e9m remove o cloro e cloraminas.<\/p>\n<p>AmGuard \u2122 \u00e9 o aglutinante de am\u00f4nia mais forte dispon\u00edvel. Ele age em minutos para parar a am\u00f4nia livre e n\u00e3o se degrada por quase 48 horas, quase o dobro do tempo dos produtos concorrentes.<\/p>\n<p>Instru\u00e7\u00f5es de uso: Use uma tampa (5 ml) para cada 200 L por dia ou conforme necess\u00e1rio para reduzir a am\u00f4nia. (Nota: A tampa do recipiente 2 e 4 L \u00e9 de 10 mL).<\/p>","protected":false},"excerpt":{"rendered":"<p>AmGuard \u2122 \u00e9 um produto eficaz que remove a am\u00f4nia com seguran\u00e7a, rapidez e efici\u00eancia. \u00c9 adequado para uso em \u00e1gua doce ou salgada e durante o ciclo do aqu\u00e1rio. Al\u00e9m disso, \u00e9 ideal para o tratamento de situa\u00e7\u00f5es de emerg\u00eancia inesperadas. AmGuard \u2122 reage com a am\u00f4nia livre em poucos minutos e n\u00e3o altera [&hellip;]<\/p>\n","protected":false},"featured_media":1410782529,"comment_status":"open","ping_status":"closed","template":"","meta":{"googlesitekit_rrm_CAow0N7NCw:productID":"","content-type":"","pmpro_default_level":"","_themeisle_gutenberg_block_has_review":false},"product_brand":[402],"product_cat":[31],"product_tag":[],"class_list":{"0":"post-1410782532","1":"product","2":"type-product","3":"status-publish","4":"has-post-thumbnail","6":"product_brand-seachem","7":"product_cat-materiais-filtrantes","8":"aux-has-gallery","9":"pmpro-has-access","11":"first","12":"instock","13":"taxable","14":"shipping-taxable","15":"purchasable","16":"product-type-simple"},"_links":{"self":[{"href":"https:\/\/dinhosreef.com\/en\/wp-json\/wp\/v2\/product\/1410782532","targetHints":{"allow":["GET"]}}],"collection":[{"href":"https:\/\/dinhosreef.com\/en\/wp-json\/wp\/v2\/product"}],"about":[{"href":"https:\/\/dinhosreef.com\/en\/wp-json\/wp\/v2\/types\/product"}],"replies":[{"embeddable":true,"href":"https:\/\/dinhosreef.com\/en\/wp-json\/wp\/v2\/comments?post=1410782532"}],"wp:featuredmedia":[{"embeddable":true,"href":"https:\/\/dinhosreef.com\/en\/wp-json\/wp\/v2\/media\/1410782529"}],"wp:attachment":[{"href":"https:\/\/dinhosreef.com\/en\/wp-json\/wp\/v2\/media?parent=1410782532"}],"wp:term":[{"taxonomy":"product_brand","embeddable":true,"href":"https:\/\/dinhosreef.com\/en\/wp-json\/wp\/v2\/product_brand?post=1410782532"},{"taxonomy":"product_cat","embeddable":true,"href":"https:\/\/dinhosreef.com\/en\/wp-json\/wp\/v2\/product_cat?post=1410782532"},{"taxonomy":"product_tag","embeddable":true,"href":"https:\/\/dinhosreef.com\/en\/wp-json\/wp\/v2\/product_tag?post=1410782532"}],"curies":[{"name":"wp","href":"https:\/\/api.w.org\/{rel}","templated":true}]}}