{"id":1410782535,"date":"2025-03-20T10:37:43","date_gmt":"2025-03-20T13:37:43","guid":{"rendered":"https:\/\/dinhosreef.com\/produto\/seachem-garlic-guard-100ml-apetite-com-alho-vermifugo\/"},"modified":"2026-02-02T14:56:37","modified_gmt":"2026-02-02T17:56:37","slug":"seachem-garlic-guard-100ml-apetite-com-alho-vermifugo","status":"publish","type":"product","link":"https:\/\/dinhosreef.com\/en\/product\/seachem-garlic-guard-100ml-apetite-com-alho-vermifugo\/","title":{"rendered":"Seachem Garlic Guard 100ml  Apetite Com Alho Verm\u00edfugo"},"content":{"rendered":"<p>SEACHEM GARLIC GUARD 100ML<\/p>\n<p>\u00a0<\/p>\n<p>GarlicGuard \u00c9 um aditivo de alho que aumenta o sabor dos alimentos, para uso em aqu\u00e1rios de \u00e1gua doce ou marinho. GarlicGuard ir\u00e1 ajudar a renovar o interesse dos peixes pela comida novamente. GarlicGuard cont\u00e9m naturalmente derivados de alho.GarlicGuardtamb\u00e9m cont\u00e9m vitaminaC.<\/p>","protected":false},"excerpt":{"rendered":"<p>SEACHEM GARLIC GUARD 100ML \u00a0 GarlicGuard \u00c9 um aditivo de alho que aumenta o sabor dos alimentos, para uso em aqu\u00e1rios de \u00e1gua doce ou marinho. GarlicGuard ir\u00e1 ajudar a renovar o interesse dos peixes pela comida novamente. GarlicGuard cont\u00e9m naturalmente derivados de alho.GarlicGuardtamb\u00e9m cont\u00e9m vitaminaC.<\/p>","protected":false},"featured_media":1410782533,"comment_status":"open","ping_status":"closed","template":"","meta":{"googlesitekit_rrm_CAow0N7NCw:productID":"","content-type":"","pmpro_default_level":"","_themeisle_gutenberg_block_has_review":false},"product_brand":[402],"product_cat":[47],"product_tag":[],"class_list":{"0":"post-1410782535","1":"product","2":"type-product","3":"status-publish","4":"has-post-thumbnail","6":"product_brand-seachem","7":"product_cat-condicionadores-de-agua","8":"aux-has-gallery","9":"pmpro-has-access","11":"first","12":"outofstock","13":"taxable","14":"shipping-taxable","15":"purchasable","16":"product-type-simple"},"_links":{"self":[{"href":"https:\/\/dinhosreef.com\/en\/wp-json\/wp\/v2\/product\/1410782535","targetHints":{"allow":["GET"]}}],"collection":[{"href":"https:\/\/dinhosreef.com\/en\/wp-json\/wp\/v2\/product"}],"about":[{"href":"https:\/\/dinhosreef.com\/en\/wp-json\/wp\/v2\/types\/product"}],"replies":[{"embeddable":true,"href":"https:\/\/dinhosreef.com\/en\/wp-json\/wp\/v2\/comments?post=1410782535"}],"wp:featuredmedia":[{"embeddable":true,"href":"https:\/\/dinhosreef.com\/en\/wp-json\/wp\/v2\/media\/1410782533"}],"wp:attachment":[{"href":"https:\/\/dinhosreef.com\/en\/wp-json\/wp\/v2\/media?parent=1410782535"}],"wp:term":[{"taxonomy":"product_brand","embeddable":true,"href":"https:\/\/dinhosreef.com\/en\/wp-json\/wp\/v2\/product_brand?post=1410782535"},{"taxonomy":"product_cat","embeddable":true,"href":"https:\/\/dinhosreef.com\/en\/wp-json\/wp\/v2\/product_cat?post=1410782535"},{"taxonomy":"product_tag","embeddable":true,"href":"https:\/\/dinhosreef.com\/en\/wp-json\/wp\/v2\/product_tag?post=1410782535"}],"curies":[{"name":"wp","href":"https:\/\/api.w.org\/{rel}","templated":true}]}}