{"id":1410782573,"date":"2025-03-20T10:39:05","date_gmt":"2025-03-20T13:39:05","guid":{"rendered":"https:\/\/dinhosreef.com\/produto\/ammonia-alert-seachem-teste-permanente-de-amonia-dura-1-ano\/"},"modified":"2026-02-11T17:32:16","modified_gmt":"2026-02-11T20:32:16","slug":"ammonia-alert-seachem-teste-permanente-de-amonia-dura-1-ano","status":"publish","type":"product","link":"https:\/\/dinhosreef.com\/en\/product\/ammonia-alert-seachem-teste-permanente-de-amonia-dura-1-ano\/","title":{"rendered":"Ammonia Alert Seachem Teste Permanente De Am\u00f4nia Dura 1 Ano"},"content":{"rendered":"<p>&#8212;&#8212;&#8212;&#8212;&#8212;&#8212;&#8212;&#8212;&#8212;&#8212;&#8212;&#8212;&#8212;&#8212;&#8212;&#8212;&#8212;&#8212;&#8212;&#8212;&#8212;&#8212;&#8212;&#8212;&#8212;&#8212;&#8212;&#8212;&#8212;&#8212;&#8212;&#8212;&#8212;&#8212;&#8212;&#8212;&#8212;&#8211; Ammonia Alert \u00aeTecnologia de sensor Seachem &#8212;&#8212;&#8212;&#8212;&#8212;&#8212;&#8212;&#8212;&#8212;&#8212;&#8212;&#8212;&#8212;&#8212;&#8212;&#8212;&#8212;&#8212;&#8212;&#8212;&#8212;&#8212;&#8212;&#8212;&#8212;&#8212;&#8212;&#8212;&#8212;&#8212;&#8212;&#8212;&#8212;&#8212;&#8212;&#8212;&#8212;&#8211; PRODUTO ORIGINAL SEACHEM Detecta e monitora continuamente a am\u00f4nia livre N\u00e3o s\u00e3o necess\u00e1rios kits de teste, produtos qu\u00edmicos ou procedimentos; apenas leituras constantes Dura mais de um ano Marinha e de \u00e1gua doce Ammonia Alert\u00ae \u00e9 um dispositivo de cores inovador para detectar e monitorar continuamente am\u00f4nia livre de t\u00f3xicos. Um sensor muda reversivelmente de amarelo para verde para azul, em rela\u00e7\u00e3o \u00e0 concentra\u00e7\u00e3o de am\u00f4nia. N\u00e3o s\u00e3o necess\u00e1rios kits de teste, produtos qu\u00edmicos ou procedimentos. O dispositivo detecta menos de 0,05 mg \/ L (ppm) de am\u00f4nia livre e alerta para o assassino n\u00ba 1 antes de qualquer sinal de estresse. Isso dura mais de um ano. Este produto n\u00e3o \u00e9 recomendado para uso em pH \u00e1cido. Uso marinho ou de \u00e1gua doce. Na aus\u00eancia de am\u00f4nia livre, a unidade assumir\u00e1 uma cor amarela ou esverdeada amarelada. \u00c9 normal que o sensor seco tenha uma tonalidade esverdeada. Pode levar alguns dias para um sensor seco se equilibrar com a \u00e1gua. Nenhuma amostragem de \u00e1gua, produtos qu\u00edmicos ou procedimentos de teste s\u00e3o necess\u00e1rios. A presen\u00e7a de am\u00f4nia livre \u00e9 detect\u00e1vel continuamente com um tempo de resposta de cerca de 15 minutos. A resposta \u00e0 diminui\u00e7\u00e3o da am\u00f4nia \u00e9 mais lenta, levando cerca de 4 horas para passar de T\u00d3XICO a SEGURO na remo\u00e7\u00e3o da am\u00f4nia. Cuidado Nenhum cuidado \u00e9 necess\u00e1rio al\u00e9m de remover as algas com um material limpo e macio. Evite tocar o sensor com os dedos, pois a oleosidade da pele pode danific\u00e1-lo. N\u00e3o use \u00e1gua sanit\u00e1ria, sab\u00e3o, detergentes ou objetos duros para limpar o sensor. Alguns medicamentos com corantes podem descolorir o sensor. A sensibilidade melhora com a idade, desde que a unidade n\u00e3o seque, no entanto, a secagem n\u00e3o prejudica permanentemente a unidade. Para obter a sensibilidade m\u00e1xima, a unidade deve ser lida sob a luz do dia natural ou luz de simula\u00e7\u00e3o de luz do dia. A luz de realce vermelho minimiza os tons de verde e azul, diminuindo a sensibilidade aparente da unidade. A resposta da unidade pode ser verificada segurando-a brevemente sobre a boca de uma garrafa de am\u00f4nia: a cor deve se desenvolver rapidamente.<\/p>","protected":false},"excerpt":{"rendered":"<p>&#8212;&#8212;&#8212;&#8212;&#8212;&#8212;&#8212;&#8212;&#8212;&#8212;&#8212;&#8212;&#8212;&#8212;&#8212;&#8212;&#8212;&#8212;&#8212;&#8212;&#8212;&#8212;&#8212;&#8212;&#8212;&#8212;&#8212;&#8212;&#8212;&#8212;&#8212;&#8212;&#8212;&#8212;&#8212;&#8212;&#8212;&#8211; Ammonia Alert \u00aeTecnologia de sensor Seachem &#8212;&#8212;&#8212;&#8212;&#8212;&#8212;&#8212;&#8212;&#8212;&#8212;&#8212;&#8212;&#8212;&#8212;&#8212;&#8212;&#8212;&#8212;&#8212;&#8212;&#8212;&#8212;&#8212;&#8212;&#8212;&#8212;&#8212;&#8212;&#8212;&#8212;&#8212;&#8212;&#8212;&#8212;&#8212;&#8212;&#8212;&#8211; PRODUTO ORIGINAL SEACHEM Detecta e monitora continuamente a am\u00f4nia livre N\u00e3o s\u00e3o necess\u00e1rios kits de teste, produtos qu\u00edmicos ou procedimentos; apenas leituras constantes Dura mais de um ano Marinha e de \u00e1gua doce Ammonia Alert\u00ae \u00e9 um dispositivo de cores inovador para detectar e monitorar continuamente am\u00f4nia [&hellip;]<\/p>\n","protected":false},"featured_media":1410782572,"comment_status":"open","ping_status":"closed","template":"","meta":{"googlesitekit_rrm_CAow0N7NCw:productID":"","content-type":"","pmpro_default_level":"","_themeisle_gutenberg_block_has_review":false},"product_brand":[402],"product_cat":[31],"product_tag":[],"class_list":{"0":"post-1410782573","1":"product","2":"type-product","3":"status-publish","4":"has-post-thumbnail","6":"product_brand-seachem","7":"product_cat-materiais-filtrantes","8":"pmpro-has-access","10":"first","11":"outofstock","12":"taxable","13":"shipping-taxable","14":"purchasable","15":"product-type-simple"},"_links":{"self":[{"href":"https:\/\/dinhosreef.com\/en\/wp-json\/wp\/v2\/product\/1410782573","targetHints":{"allow":["GET"]}}],"collection":[{"href":"https:\/\/dinhosreef.com\/en\/wp-json\/wp\/v2\/product"}],"about":[{"href":"https:\/\/dinhosreef.com\/en\/wp-json\/wp\/v2\/types\/product"}],"replies":[{"embeddable":true,"href":"https:\/\/dinhosreef.com\/en\/wp-json\/wp\/v2\/comments?post=1410782573"}],"wp:featuredmedia":[{"embeddable":true,"href":"https:\/\/dinhosreef.com\/en\/wp-json\/wp\/v2\/media\/1410782572"}],"wp:attachment":[{"href":"https:\/\/dinhosreef.com\/en\/wp-json\/wp\/v2\/media?parent=1410782573"}],"wp:term":[{"taxonomy":"product_brand","embeddable":true,"href":"https:\/\/dinhosreef.com\/en\/wp-json\/wp\/v2\/product_brand?post=1410782573"},{"taxonomy":"product_cat","embeddable":true,"href":"https:\/\/dinhosreef.com\/en\/wp-json\/wp\/v2\/product_cat?post=1410782573"},{"taxonomy":"product_tag","embeddable":true,"href":"https:\/\/dinhosreef.com\/en\/wp-json\/wp\/v2\/product_tag?post=1410782573"}],"curies":[{"name":"wp","href":"https:\/\/api.w.org\/{rel}","templated":true}]}}