{"id":1410782581,"date":"2025-03-20T10:39:49","date_gmt":"2025-03-20T13:39:49","guid":{"rendered":"https:\/\/dinhosreef.com\/produto\/seachem-prime-325ml-condicionador-de-agua-p-aquario\/"},"modified":"2026-03-24T11:55:41","modified_gmt":"2026-03-24T14:55:41","slug":"seachem-prime-325ml-condicionador-de-agua-p-aquario","status":"publish","type":"product","link":"https:\/\/dinhosreef.com\/en\/product\/seachem-prime-325ml-condicionador-de-agua-p-aquario\/","title":{"rendered":"Seachem Prime 325ml &#8211; Condicionador De Agua P\/ Aquario"},"content":{"rendered":"<p>&#8212;&#8212;&#8212;&#8212;&#8212;&#8212;&#8212;&#8212;&#8212;&#8212;&#8212;&#8212;&#8212;&#8212;&#8212;&#8212;&#8212;&#8212;&#8212;&#8212;&#8212;&#8212;&#8212;&#8212;&#8212;&#8212;&#8212;&#8212;&#8212;&#8212;&#8211; Seachem Prime 325 ml &#8212;&#8212;&#8212;&#8212;&#8212;&#8212;&#8212;&#8212;&#8212;&#8212;&#8212;&#8212;&#8212;&#8212;&#8212;&#8212;&#8212;&#8212;&#8212;&#8212;&#8212;&#8212;&#8212;&#8212;&#8212;&#8212;&#8212;&#8212;&#8212;&#8212;&#8212; PRODUTO ORIGINAL SEACHEM SPECIAL EDITION *****VALIDADE INDETERMINADA***** Quase todas as empresas de produtos aqu\u00e1ticos para animais de estima\u00e7\u00e3o fabricam um produto que remove o cloro. Nenhum deles, no entanto, pode ser comparado em qualidade, concentra\u00e7\u00e3o ou efic\u00e1cia ao produto carro-chefe da Seachem: Prime\u00ae. Prime\u00ae \u00e9 o condicionador completo e concentrado para \u00e1gua doce e salgada. Prime\u00ae remove cloro, cloramina e desintoxica am\u00f4nia, nitrito e nitrato. N\u00e3o \u00e9 \u00e1cido e n\u00e3o afeta o pH. Um b\u00f4nus adicional para o aquarista do recife &#8211; Prime\u00ae n\u00e3o superativar\u00e1 os skimmers. Prime \u00ae \u00e9 at\u00e9 5x mais concentrado do que produtos concorrentes e \u00e9 o segundo desclorador mais concentrado do mercado, atr\u00e1s apenas do nosso pr\u00f3prio aquavitro \u00ae alpha \u2122 . Prime\u00ae pode ser usado durante o ciclo do tanque para aliviar a toxicidade de am\u00f4nia \/ nitrito. Ele cont\u00e9m um aglutinante que torna a am\u00f4nia, nitrito e nitrato n\u00e3o t\u00f3xica, permitindo que o biofiltro os remova com mais efici\u00eancia. Ele tamb\u00e9m ir\u00e1 desintoxicar quaisquer metais pesados encontrados na \u00e1gua da torneira em n\u00edveis de concentra\u00e7\u00e3o t\u00edpicos. Use na inicializa\u00e7\u00e3o e sempre que adicionar ou substituir \u00e1gua. Ao transportar ou colocar peixes em quarentena, use Seachem StressGuard \u2122 . Ao adicionar novos peixes, use Stability\u00ae . Ambos s\u00e3o ideais para uso com Prime\u00ae. Instru\u00e7\u00f5es ===========+ Use 1 tampa (5 mL) para cada 200 L (50 gal\u00f5es americanos) de \u00e1gua nova. Para volumes menores, observe que cada rosca da tampa tem aproximadamente 1 mL. Pode ser adicionado ao aqu\u00e1rio diretamente, mas \u00e9 melhor se adicionado \u00e0 \u00e1gua nova primeiro. Se adicionar diretamente ao aqu\u00e1rio, baseie a dose no volume do aqu\u00e1rio. O odor de enxofre \u00e9 normal. Para concentra\u00e7\u00f5es excepcionalmente altas de cloramina, uma dose dupla pode ser usada com seguran\u00e7a. Para desintoxicar o nitrito em uma emerg\u00eancia, pode-se usar at\u00e9 5 vezes a dose normal. Se a temperatura for&gt; 30 \u00b0 C (86 \u00b0 F) e os n\u00edveis de cloro ou am\u00f4nia estiverem baixos, use meia dose. Esse produto \u00e9 original Seachem Por mais de 40 anos, a Seachem tem sido uma empresa enraizada em ci\u00eancia s\u00f3lida. Sua experi\u00eancia no hobby e uma equipe treinada de qu\u00edmicos e bi\u00f3logos fazem parte do pacote quando voc\u00ea compra os produtos Seachem. A Seachem continua sendo uma das poucas empresas independentes e privadas de cuidados com animais de estima\u00e7\u00e3o sobreviventes. D\u00favidas frequentes -Acho que meu Prime\u00ae pode estar velho porque cheira a estragado Prime\u00ae tem um odor muito distinto, semelhante ao enxofre, que \u00e9 completamente normal. -Notei algumas pequenas manchas pretas no fundo da minha garrafa de Prime\u00ae. Ainda est\u00e1 bom? A presen\u00e7a de pequenas manchas pretas ocorre ocasionalmente e \u00e9 normal. -Com que frequ\u00eancia posso dosar o Prime\u00ae? Prime\u00ae pode ser dosado a cada 24-48 horas.<\/p>","protected":false},"excerpt":{"rendered":"<p>&#8212;&#8212;&#8212;&#8212;&#8212;&#8212;&#8212;&#8212;&#8212;&#8212;&#8212;&#8212;&#8212;&#8212;&#8212;&#8212;&#8212;&#8212;&#8212;&#8212;&#8212;&#8212;&#8212;&#8212;&#8212;&#8212;&#8212;&#8212;&#8212;&#8212;&#8211; Seachem Prime 325 ml &#8212;&#8212;&#8212;&#8212;&#8212;&#8212;&#8212;&#8212;&#8212;&#8212;&#8212;&#8212;&#8212;&#8212;&#8212;&#8212;&#8212;&#8212;&#8212;&#8212;&#8212;&#8212;&#8212;&#8212;&#8212;&#8212;&#8212;&#8212;&#8212;&#8212;&#8212; PRODUTO ORIGINAL SEACHEM SPECIAL EDITION *****VALIDADE INDETERMINADA***** Quase todas as empresas de produtos aqu\u00e1ticos para animais de estima\u00e7\u00e3o fabricam um produto que remove o cloro. Nenhum deles, no entanto, pode ser comparado em qualidade, concentra\u00e7\u00e3o ou efic\u00e1cia ao produto carro-chefe da Seachem: Prime\u00ae. Prime\u00ae \u00e9 o condicionador completo e [&hellip;]<\/p>\n","protected":false},"featured_media":1410782580,"comment_status":"open","ping_status":"closed","template":"","meta":{"googlesitekit_rrm_CAow0N7NCw:productID":"","content-type":"","pmpro_default_level":"","_themeisle_gutenberg_block_has_review":false},"product_brand":[402],"product_cat":[47],"product_tag":[],"class_list":{"0":"post-1410782581","1":"product","2":"type-product","3":"status-publish","4":"has-post-thumbnail","6":"product_brand-seachem","7":"product_cat-condicionadores-de-agua","8":"pmpro-has-access","10":"first","11":"outofstock","12":"taxable","13":"shipping-taxable","14":"purchasable","15":"product-type-simple"},"_links":{"self":[{"href":"https:\/\/dinhosreef.com\/en\/wp-json\/wp\/v2\/product\/1410782581","targetHints":{"allow":["GET"]}}],"collection":[{"href":"https:\/\/dinhosreef.com\/en\/wp-json\/wp\/v2\/product"}],"about":[{"href":"https:\/\/dinhosreef.com\/en\/wp-json\/wp\/v2\/types\/product"}],"replies":[{"embeddable":true,"href":"https:\/\/dinhosreef.com\/en\/wp-json\/wp\/v2\/comments?post=1410782581"}],"wp:featuredmedia":[{"embeddable":true,"href":"https:\/\/dinhosreef.com\/en\/wp-json\/wp\/v2\/media\/1410782580"}],"wp:attachment":[{"href":"https:\/\/dinhosreef.com\/en\/wp-json\/wp\/v2\/media?parent=1410782581"}],"wp:term":[{"taxonomy":"product_brand","embeddable":true,"href":"https:\/\/dinhosreef.com\/en\/wp-json\/wp\/v2\/product_brand?post=1410782581"},{"taxonomy":"product_cat","embeddable":true,"href":"https:\/\/dinhosreef.com\/en\/wp-json\/wp\/v2\/product_cat?post=1410782581"},{"taxonomy":"product_tag","embeddable":true,"href":"https:\/\/dinhosreef.com\/en\/wp-json\/wp\/v2\/product_tag?post=1410782581"}],"curies":[{"name":"wp","href":"https:\/\/api.w.org\/{rel}","templated":true}]}}