{"id":1410782583,"date":"2025-03-20T10:39:59","date_gmt":"2025-03-20T13:39:59","guid":{"rendered":"https:\/\/dinhosreef.com\/produto\/condicionador-anti-amonia-para-aquario-seachem-amguard-250ml\/"},"modified":"2026-03-02T17:47:34","modified_gmt":"2026-03-02T20:47:34","slug":"condicionador-anti-amonia-para-aquario-seachem-amguard-250ml","status":"publish","type":"product","link":"https:\/\/dinhosreef.com\/en\/product\/condicionador-anti-amonia-para-aquario-seachem-amguard-250ml\/","title":{"rendered":"Condicionador Anti-am\u00f4nia Para Aqu\u00e1rio Seachem Amguard 250ml"},"content":{"rendered":"<p>Principais Caracter\u00edsticas: I &#8211; Tem a\u00e7\u00e3o em poucos minutos depois da aplica\u00e7\u00e3o, n\u00e3o se degradando em at\u00e9 72 horas, o dobro que seus concorrentes; II &#8211; Ideal para situa\u00e7\u00f5es de emerg\u00eancia, como um pico de am\u00f4nia no aqu\u00e1rio; III &#8211; Um produto seguro, podendo ser utilizado com o aqu\u00e1rio em funcionamento; IV &#8211; Converte am\u00f4nia t\u00f3xica em um produto seguro, n\u00e3o t\u00f3xico e que \u00e9 facilmente retirado no sistema de filtragem do aqu\u00e1rio; V &#8211; N\u00e3o altera o pH; VI &#8211; Tamb\u00e9m remove Cloro e Cloramina; VII &#8211; Pode ser usado tanto em \u00e1gua doce quanto salgada. Descri\u00e7\u00e3o: AmGuard \u00e9 uma forma segura, r\u00e1pida e eficiente de remover a am\u00f4nia da \u00e1gua do aqu\u00e1rio. \u00c9 seguro para uso durante o pleno funcionamento do aqu\u00e1rio e \u00e9 ideal para o tratamento de situa\u00e7\u00f5es de emerg\u00eancia. AmGuard \u00e9 o removedor de am\u00f4nia mais forte no mercado. Funciona em poucos minutos para desintoxicar a am\u00f4nia livre e n\u00e3o degrada mesmo quarenta e oito horas depois. Isso \u00e9 quase duas vezes a capacidade dos produtos dos concorrentes. Ao contr\u00e1rio dos produtos concorrentes, AmGuard converte a am\u00f4nia em um produto seguro, n\u00e3o-t\u00f3xico e que \u00e9 facilmente removido pela pr\u00f3pria filtragem do aqu\u00e1rio. Esse processo n\u00e3o altera o pH. Para controle de am\u00f4nia de longo prazo, use Seachem Stability e Seachem Matrix. Atributos do Produto: Marca: Seachem Modelo: AmGuard 250mL Tipo de Pet: Peixes Tipo de \u00c1gua: Doce e Salgada Dosagem: 1 tampa (5ml) para cada 200L diariamente ou em casos necess\u00e1rios para redu\u00e7\u00e3o de am\u00f4nia. Volume L\u00edq. Produto (L): 0,25 Rendimento: 5mL para 200L de \u00e1gua<\/p>","protected":false},"excerpt":{"rendered":"<p>Principais Caracter\u00edsticas: I &#8211; Tem a\u00e7\u00e3o em poucos minutos depois da aplica\u00e7\u00e3o, n\u00e3o se degradando em at\u00e9 72 horas, o dobro que seus concorrentes; II &#8211; Ideal para situa\u00e7\u00f5es de emerg\u00eancia, como um pico de am\u00f4nia no aqu\u00e1rio; III &#8211; Um produto seguro, podendo ser utilizado com o aqu\u00e1rio em funcionamento; IV &#8211; Converte am\u00f4nia [&hellip;]<\/p>\n","protected":false},"featured_media":1410782582,"comment_status":"open","ping_status":"closed","template":"","meta":{"googlesitekit_rrm_CAow0N7NCw:productID":"","content-type":"","pmpro_default_level":"","_themeisle_gutenberg_block_has_review":false},"product_brand":[402],"product_cat":[31],"product_tag":[],"class_list":{"0":"post-1410782583","1":"product","2":"type-product","3":"status-publish","4":"has-post-thumbnail","6":"product_brand-seachem","7":"product_cat-materiais-filtrantes","8":"pmpro-has-access","10":"first","11":"instock","12":"taxable","13":"shipping-taxable","14":"purchasable","15":"product-type-simple"},"_links":{"self":[{"href":"https:\/\/dinhosreef.com\/en\/wp-json\/wp\/v2\/product\/1410782583","targetHints":{"allow":["GET"]}}],"collection":[{"href":"https:\/\/dinhosreef.com\/en\/wp-json\/wp\/v2\/product"}],"about":[{"href":"https:\/\/dinhosreef.com\/en\/wp-json\/wp\/v2\/types\/product"}],"replies":[{"embeddable":true,"href":"https:\/\/dinhosreef.com\/en\/wp-json\/wp\/v2\/comments?post=1410782583"}],"wp:featuredmedia":[{"embeddable":true,"href":"https:\/\/dinhosreef.com\/en\/wp-json\/wp\/v2\/media\/1410782582"}],"wp:attachment":[{"href":"https:\/\/dinhosreef.com\/en\/wp-json\/wp\/v2\/media?parent=1410782583"}],"wp:term":[{"taxonomy":"product_brand","embeddable":true,"href":"https:\/\/dinhosreef.com\/en\/wp-json\/wp\/v2\/product_brand?post=1410782583"},{"taxonomy":"product_cat","embeddable":true,"href":"https:\/\/dinhosreef.com\/en\/wp-json\/wp\/v2\/product_cat?post=1410782583"},{"taxonomy":"product_tag","embeddable":true,"href":"https:\/\/dinhosreef.com\/en\/wp-json\/wp\/v2\/product_tag?post=1410782583"}],"curies":[{"name":"wp","href":"https:\/\/api.w.org\/{rel}","templated":true}]}}