{"id":1410782585,"date":"2025-03-20T10:40:10","date_gmt":"2025-03-20T13:40:10","guid":{"rendered":"https:\/\/dinhosreef.com\/produto\/seachem-reef-fusion-2-500ml\/"},"modified":"2026-03-08T12:16:46","modified_gmt":"2026-03-08T15:16:46","slug":"seachem-reef-fusion-2-500ml","status":"publish","type":"product","link":"https:\/\/dinhosreef.com\/en\/product\/seachem-reef-fusion-2-500ml\/","title":{"rendered":"Seachem Reef Fusion 2 500ml"},"content":{"rendered":"<p>Seachem Reef Fusion 2 500ML Seachem Reef Fusion 2 \u2122 \u00c9 a base de um sistema formulado para fornecer o essencial para o aqu\u00e1rio de recife. Reef Fusion 2 \u2122 fornece alcalinidade. Reef Fusion 2 \u2122 Reef Fusion 2 \u2122 cont\u00e9m uma mistura de carbonatos e bicarbonatos a uma alcalinidade de 4400 meq \/ L. \u00c9 projetado para restaurar e manter a alcalinidade no aqu\u00e1rio de recife e fornecer \u00e0s esp\u00e9cies calc\u00e1rias o carbonato essencial necess\u00e1rio para o crescimento. Instru\u00e7\u00f5es Dose no aqu\u00e1rio a cada 1-2 dias. Agite bem antes de usar. Adicione 1 mL de Reef Fusion 1 \u2122 por 25 L (6,5 gal\u00f5es americanos) de \u00e1gua. (Para fins de refer\u00eancia, a tampa cont\u00e9m 5 mL.) Adicione isso a uma \u00e1rea de alta corrente do tanque. Aguarde alguns minutos e, em seguida, adicione Reef Fusion 2 \u2122 da mesma maneira, 1 mL por 25 L (6,5 gal\u00f5es americanos), ap\u00f3s agitar bem. \u00c9 prefer\u00edvel que os dois produtos sejam adicionados em locais separados no tanque. Esta dose contribui com 4 mg \/ L de c\u00e1lcio e 0,176 meq \/ L de alcalinidade. Nunca misture Reef Fusion 1 \u2122 com Reef Fusion 2 \u2122 diretamente. Manter o n\u00edvel de c\u00e1lcio entre 380-420 mg \/ L. Mantenha a alcalinidade entre 3-6 meq \/ L. O tamanho ou a frequ\u00eancia da dose podem ser aumentados se o regime de dosagem for insuficiente para manter o c\u00e1lcio e a alcalinidade nessas faixas, mas n\u00e3o exceder 4 mL \/ 25 L (6,5 gal\u00f5es americanos) por dia Esse produto \u00e9 original Seachem Por mais de 40 anos, a Seachem tem sido uma empresa enraizada em ci\u00eancia s\u00f3lida. Sua experi\u00eancia no hobby e uma equipe treinada de qu\u00edmicos e bi\u00f3logos fazem parte do pacote quando voc\u00ea compra os produtos Seachem. A Seachem continua sendo uma das poucas empresas independentes e privadas de cuidados com animais de estima\u00e7\u00e3o sobreviventes. Duvidas -Meu c\u00e1lcio est\u00e1 onde eu quero, mas minha alcalinidade est\u00e1 baixa. Eu tenho Reef Fusion 1 e 2 e queria saber se eu poderia us\u00e1-los separadamente para aumentar minha alcalinidade ou eles precisam ser usados juntos? Voc\u00ea n\u00e3o precisa us\u00e1-los juntos. Se o seu sistema estiver desequilibrado, voc\u00ea pode usar os suplementos individualmente para se ajustar \u00e0 faixa desejada de c\u00e1lcio e alcalinidade.<\/p>","protected":false},"excerpt":{"rendered":"<p>Seachem Reef Fusion 2 500ML Seachem Reef Fusion 2 \u2122 \u00c9 a base de um sistema formulado para fornecer o essencial para o aqu\u00e1rio de recife. Reef Fusion 2 \u2122 fornece alcalinidade. Reef Fusion 2 \u2122 Reef Fusion 2 \u2122 cont\u00e9m uma mistura de carbonatos e bicarbonatos a uma alcalinidade de 4400 meq \/ L. [&hellip;]<\/p>\n","protected":false},"featured_media":1410782584,"comment_status":"open","ping_status":"closed","template":"","meta":{"googlesitekit_rrm_CAow0N7NCw:productID":"","content-type":"","pmpro_default_level":"","_themeisle_gutenberg_block_has_review":false},"product_brand":[402],"product_cat":[31],"product_tag":[],"class_list":{"0":"post-1410782585","1":"product","2":"type-product","3":"status-publish","4":"has-post-thumbnail","6":"product_brand-seachem","7":"product_cat-materiais-filtrantes","8":"pmpro-has-access","10":"first","11":"instock","12":"taxable","13":"shipping-taxable","14":"purchasable","15":"product-type-simple"},"_links":{"self":[{"href":"https:\/\/dinhosreef.com\/en\/wp-json\/wp\/v2\/product\/1410782585","targetHints":{"allow":["GET"]}}],"collection":[{"href":"https:\/\/dinhosreef.com\/en\/wp-json\/wp\/v2\/product"}],"about":[{"href":"https:\/\/dinhosreef.com\/en\/wp-json\/wp\/v2\/types\/product"}],"replies":[{"embeddable":true,"href":"https:\/\/dinhosreef.com\/en\/wp-json\/wp\/v2\/comments?post=1410782585"}],"wp:featuredmedia":[{"embeddable":true,"href":"https:\/\/dinhosreef.com\/en\/wp-json\/wp\/v2\/media\/1410782584"}],"wp:attachment":[{"href":"https:\/\/dinhosreef.com\/en\/wp-json\/wp\/v2\/media?parent=1410782585"}],"wp:term":[{"taxonomy":"product_brand","embeddable":true,"href":"https:\/\/dinhosreef.com\/en\/wp-json\/wp\/v2\/product_brand?post=1410782585"},{"taxonomy":"product_cat","embeddable":true,"href":"https:\/\/dinhosreef.com\/en\/wp-json\/wp\/v2\/product_cat?post=1410782585"},{"taxonomy":"product_tag","embeddable":true,"href":"https:\/\/dinhosreef.com\/en\/wp-json\/wp\/v2\/product_tag?post=1410782585"}],"curies":[{"name":"wp","href":"https:\/\/api.w.org\/{rel}","templated":true}]}}