{"id":1410782589,"date":"2025-03-20T10:40:30","date_gmt":"2025-03-20T13:40:30","guid":{"rendered":"https:\/\/dinhosreef.com\/produto\/seachem-reef-fusion-1-500ml-calcio-ionico-aquario-de-coral\/"},"modified":"2026-03-08T12:16:44","modified_gmt":"2026-03-08T15:16:44","slug":"seachem-reef-fusion-1-500ml-calcio-ionico-aquario-de-coral","status":"publish","type":"product","link":"https:\/\/dinhosreef.com\/en\/product\/seachem-reef-fusion-1-500ml-calcio-ionico-aquario-de-coral\/","title":{"rendered":"Seachem Reef Fusion 1 500ml C\u00e1lcio I\u00f4nico Aqu\u00e1rio De Coral"},"content":{"rendered":"<p>Seachem Reef Fusion 1 Condicionador para Marinho Reef Fusion 1 e Reef Fusion 2 s\u00e3o a base de um sistema formulado para fornecer os elementos essenciais para o aqu\u00e1rio de corais. Reef Fusion 1 fornece c\u00e1lcio, enquanto Reef Fusion 2 fornece alcalinidade. Quando usados em conjunto, o sistema Reef Fusion vai manter os n\u00edveis de c\u00e1lcio e alcalinidade. Reef Fusion 1 fornece n\u00e3o s\u00f3 100,000 mg \/ L de c\u00e1lcio i\u00f3nico, mas tamb\u00e9m inclui biologicamente n\u00edveis adequados de magn\u00e9sio, estr\u00f4ncio, boro, ferro, mangan\u00eas e molibd\u00e9nio. Quando usados corretamente, Reef Fusion 1 e Reef Fusion 2 ir\u00e3o manter os n\u00edveis cr\u00edticos de c\u00e1lcio e alcalinidade necess\u00e1rios para o crescimento saud\u00e1vel do coral, proporcionando biologicamente n\u00edveis adequados de outros elementos e minerais. Por que \u00e9 diferente Reef Fusion \u00e9 diferente dos outros suplementos de c\u00e1lcio e carbonato porque estes dois produtos, 1 e 2 s\u00e3o especificamente concebidos para serem utilizados em conjunto de uma forma simples, na raz\u00e3o de 1:1. Existem produtos similares no mercado, mas o sistema Reef Fusion \u00e9 o que apresenta estes dois sistemas mais concentrados para a manuten\u00e7\u00e3o de c\u00e1lcio e carbonato de alcalinidade dispon\u00edvel. Instru\u00e7\u00f5es Me\u00e7a os par\u00e2metros do aqu\u00e1rio a cada 1-2 dias. Agite antes de usar. Adicionar 1 mL de Reef Fusion 1 a cada 25 L de \u00e1gua (para fins de refer\u00eancia, a tampa tem 5 mL). Adicione a uma \u00e1rea grande do aqu\u00e1rio. Aguardar alguns minutos, depois adicionar Reef Fusion 2 da mesma maneira, de 1 mL a cada 25 L, depois agitar bem. Prefere-se que os dois produtos sejam adicionado em locais separados no tanque. Esta dose adiciona 4 mg \/ L de c\u00e1lcio, e 0,176 meq \/ L de alcalinidade. Nunca misture Reef Fus\u00e3o 1 com Reef Fusion 2 diretamente. N\u00e3o exceda a dose de 4 ml em 25 litros por dia de cada produto. Manter o n\u00edvel de c\u00e1lcio entre 410-430 mg \/ L. Manter a alcalinidade entre 4-6 mEq \/ L. Tamanho ou frequ\u00eancia de dose pode ser aumentada se o regime de dosagem \u00e9 insuficiente para manter o c\u00e1lcio e alcalinidade nestas gamas. Dimens\u00e3o com embalagem (aproximado): 15cm x 15cm x 15cm Peso com embalagem (aproximado): 1,00 Kg Garantia: 90 Dias Contra Defeito de Fabrica\u00e7\u00e3o<\/p>","protected":false},"excerpt":{"rendered":"<p>Seachem Reef Fusion 1 Condicionador para Marinho Reef Fusion 1 e Reef Fusion 2 s\u00e3o a base de um sistema formulado para fornecer os elementos essenciais para o aqu\u00e1rio de corais. Reef Fusion 1 fornece c\u00e1lcio, enquanto Reef Fusion 2 fornece alcalinidade. Quando usados em conjunto, o sistema Reef Fusion vai manter os n\u00edveis de [&hellip;]<\/p>\n","protected":false},"featured_media":1410782588,"comment_status":"open","ping_status":"closed","template":"","meta":{"googlesitekit_rrm_CAow0N7NCw:productID":"","content-type":"","pmpro_default_level":"","_themeisle_gutenberg_block_has_review":false},"product_brand":[402],"product_cat":[31],"product_tag":[],"class_list":{"0":"post-1410782589","1":"product","2":"type-product","3":"status-publish","4":"has-post-thumbnail","6":"product_brand-seachem","7":"product_cat-materiais-filtrantes","8":"pmpro-has-access","10":"first","11":"outofstock","12":"taxable","13":"shipping-taxable","14":"purchasable","15":"product-type-simple"},"_links":{"self":[{"href":"https:\/\/dinhosreef.com\/en\/wp-json\/wp\/v2\/product\/1410782589","targetHints":{"allow":["GET"]}}],"collection":[{"href":"https:\/\/dinhosreef.com\/en\/wp-json\/wp\/v2\/product"}],"about":[{"href":"https:\/\/dinhosreef.com\/en\/wp-json\/wp\/v2\/types\/product"}],"replies":[{"embeddable":true,"href":"https:\/\/dinhosreef.com\/en\/wp-json\/wp\/v2\/comments?post=1410782589"}],"wp:featuredmedia":[{"embeddable":true,"href":"https:\/\/dinhosreef.com\/en\/wp-json\/wp\/v2\/media\/1410782588"}],"wp:attachment":[{"href":"https:\/\/dinhosreef.com\/en\/wp-json\/wp\/v2\/media?parent=1410782589"}],"wp:term":[{"taxonomy":"product_brand","embeddable":true,"href":"https:\/\/dinhosreef.com\/en\/wp-json\/wp\/v2\/product_brand?post=1410782589"},{"taxonomy":"product_cat","embeddable":true,"href":"https:\/\/dinhosreef.com\/en\/wp-json\/wp\/v2\/product_cat?post=1410782589"},{"taxonomy":"product_tag","embeddable":true,"href":"https:\/\/dinhosreef.com\/en\/wp-json\/wp\/v2\/product_tag?post=1410782589"}],"curies":[{"name":"wp","href":"https:\/\/api.w.org\/{rel}","templated":true}]}}