{"id":1410782609,"date":"2025-03-20T21:06:34","date_gmt":"2025-03-21T00:06:34","guid":{"rendered":"https:\/\/dinhosreef.com\/produto\/colisa-azul-trichogaster-lalius\/"},"modified":"2026-03-21T15:28:13","modified_gmt":"2026-03-21T18:28:13","slug":"colisa-azul-trichogaster-lalius","status":"publish","type":"product","link":"https:\/\/dinhosreef.com\/en\/product\/colisa-azul-trichogaster-lalius\/","title":{"rendered":"Colisa Azul (Trichogaster lalius)"},"content":{"rendered":"<div class=\"section-box description\" data-tab-id=\"#descricao\">\n<div class=\"board_htm\">\n<p><strong><em>FOTOS MERAMENTE ILUSTRATIVAS<\/em><\/strong><\/p>\n<p><strong>Tamanho m\u00e1ximo que pode atingir:<\/strong>\u00a08 cm<\/p>\n<p><strong>Origem:<\/strong>\u00a0Sudeste asi\u00e1tico<\/p>\n<p><strong>pH ideal:<\/strong>\u00a06,5 a 7,2<\/p>\n<p><strong>Temperatura:<\/strong>\u00a024 a 28C<\/p>\n<p><strong>Alimenta\u00e7\u00e3o:<\/strong>\u00a0Ra\u00e7\u00e3o, pequenos invertebrados.<\/p>\n<p><strong>Aqu\u00e1rio m\u00ednimo recomendado:<\/strong>\u00a040 litros<\/p>\n<p><strong>Comportamento:<\/strong>\u00a0Pac\u00edfico, n\u00e3o costuma atacar outros peixes. Apesar de n\u00e3o ser uma esp\u00e9cie de cardume, seu comportamento se mostra mais adequado quando mantido em tr\u00eas ou mais indiv\u00edduos da mesma esp\u00e9cie.<\/p>\n<p><strong>Adequado para plantado:<\/strong>\u00a0Sim<\/p>\n<p><strong>Informa\u00e7\u00f5es adicionais (texto de Marne Campos):<\/strong><\/p>\n<p>As Colisas s\u00e3o \u00f3timos peixes para se ter num aqu\u00e1rio, pois al\u00e9m de serem pac\u00edficas, se d\u00e3o perfeitamente bem com peixes menores que elas. Muito indicada para iniciantes, por ser resistente e pouco exigente quando \u00e0 \u00e1gua, as Colisas s\u00e3o peixes facilmente encontradas nas lojas, principalmente a variedade L\u00e1lia e suas varia\u00e7\u00f5es.<\/p>\n<p>Identificar o sexo das Colisas \u00e9 bem f\u00e1cil, ainda mais na L\u00e1lia padr\u00e3o onde o macho \u00e9 extremamente colorido e as f\u00eameas s\u00e3o brancas, al\u00e9m de mais arredondadas. Nas demais variedades tanto o macho quanto a f\u00eamea podem ser coloridos, a\u00ed o jeito \u00e9 ir pelo formato do corpo mais arredondado das f\u00eameas, por\u00e9m pode haver alguma confus\u00e3o.<\/p>\n<p>Como os Bettas, as Colisas conseguem respirar o ar atmosf\u00e9rico devido \u00e0 exist\u00eancia de um \u00f3rg\u00e3o chamado labirinto, por isso podem habitar \u00e1guas pouco oxigenadas. A prefer\u00eancia delas \u00e9 por um aqu\u00e1rio densamente plantado, incluindo plantas de superf\u00edcie, que facilitam a constru\u00e7\u00e3o do ninho, o que \u00e9 imposs\u00edvel em \u00e1gua agitadas. Podem se tornar t\u00edmidas e assustadas em aqu\u00e1rios &#8220;pelados&#8221;. O pH pode variar desde 6,5 a 7,5; mas em um pH levemente \u00e1cido desenvolvem uma colora\u00e7\u00e3o mais intensa. A temperatura deve estar em torno de 26\u00baC.<\/p>\n<p>A reprodu\u00e7\u00e3o \u00e9 bem parecida com a da maioria dos anabant\u00eddeos. Separe o casal num aqu\u00e1rio de no m\u00ednimo 20L, com uma coluna d&#8217;\u00e1gua de uns 12cm , o aqu\u00e1rio deve ficar tampado para manter o ar \u00famido e aumentar a consist\u00eancia do ninho de bolhas que ser\u00e1 constru\u00eddo pelo macho. Plantas s\u00e3o bem vindas principalmente as de superf\u00edcie. O macho come\u00e7ar\u00e1 a cortejar a f\u00eamea, que com abra\u00e7os dele, vai liberando os ovos, sendo imediatamente fertilizados pelo companheiro.<\/p>\n<p>Terminada essa etapa, o macho pega os ovos com a boca e os acomoda entre o ninho. Nesse per\u00edodo deve-se retirar a f\u00eamea, pois os filhotes ficar\u00e3o sobre os cuidados do dedicado pai. Normalmente os ovos eclodem em 24 horas, e passam uns 3 dias ainda no ninho, somente sendo necess\u00e1rio retirar o pai, quando eles come\u00e7arem a nadar pelo aqu\u00e1rio, pois \u00e9 quando ele come\u00e7a a devorar a prole. Fa\u00e7a trocas parciais de 20% semanalmente e mantenha um bomba aeradora bem fraca no aqu\u00e1rio dos filhotes pois o labirinto s\u00f3 estar\u00e1 formado na sexta semana de vida. At\u00e9 l\u00e1 mantenha o aqu\u00e1rio fechado e com um certo controle de temperatura. V\u00e1 subindo o n\u00edvel de \u00e1gua a partir dessa semana.<\/p>\n<p>Como alimento para os filhotes, forne\u00e7a n\u00e1uplios de art\u00eamia, infus\u00f3rios e ra\u00e7\u00f5es especiais pra filhotes de ov\u00edparos. Aos adultos poder\u00e1 fornecer ra\u00e7\u00e3o, art\u00eamia, d\u00e1fnias etc.<\/p>\n<\/div>\n<\/div>","protected":false},"excerpt":{"rendered":"<p>FOTOS MERAMENTE ILUSTRATIVAS Tamanho m\u00e1ximo que pode atingir:\u00a08 cm Origem:\u00a0Sudeste asi\u00e1tico pH ideal:\u00a06,5 a 7,2 Temperatura:\u00a024 a 28C Alimenta\u00e7\u00e3o:\u00a0Ra\u00e7\u00e3o, pequenos invertebrados. Aqu\u00e1rio m\u00ednimo recomendado:\u00a040 litros Comportamento:\u00a0Pac\u00edfico, n\u00e3o costuma atacar outros peixes. Apesar de n\u00e3o ser uma esp\u00e9cie de cardume, seu comportamento se mostra mais adequado quando mantido em tr\u00eas ou mais indiv\u00edduos da mesma esp\u00e9cie. [&hellip;]<\/p>\n","protected":false},"featured_media":1410782608,"comment_status":"open","ping_status":"closed","template":"","meta":{"googlesitekit_rrm_CAow0N7NCw:productID":"","content-type":"","pmpro_default_level":"","_themeisle_gutenberg_block_has_review":false},"product_brand":[],"product_cat":[186,210,205,219],"product_tag":[],"class_list":{"0":"post-1410782609","1":"product","2":"type-product","3":"status-publish","4":"has-post-thumbnail","6":"product_cat-animais-vivos","7":"product_cat-colisa","8":"product_cat-peixes-agua-doce","9":"product_cat-todos-os-peixes-de-agua-doce","10":"product_shipping_class-animais-vivos","11":"pmpro-has-access","13":"first","14":"instock","15":"taxable","16":"shipping-taxable","17":"purchasable","18":"product-type-simple"},"_links":{"self":[{"href":"https:\/\/dinhosreef.com\/en\/wp-json\/wp\/v2\/product\/1410782609","targetHints":{"allow":["GET"]}}],"collection":[{"href":"https:\/\/dinhosreef.com\/en\/wp-json\/wp\/v2\/product"}],"about":[{"href":"https:\/\/dinhosreef.com\/en\/wp-json\/wp\/v2\/types\/product"}],"replies":[{"embeddable":true,"href":"https:\/\/dinhosreef.com\/en\/wp-json\/wp\/v2\/comments?post=1410782609"}],"wp:featuredmedia":[{"embeddable":true,"href":"https:\/\/dinhosreef.com\/en\/wp-json\/wp\/v2\/media\/1410782608"}],"wp:attachment":[{"href":"https:\/\/dinhosreef.com\/en\/wp-json\/wp\/v2\/media?parent=1410782609"}],"wp:term":[{"taxonomy":"product_brand","embeddable":true,"href":"https:\/\/dinhosreef.com\/en\/wp-json\/wp\/v2\/product_brand?post=1410782609"},{"taxonomy":"product_cat","embeddable":true,"href":"https:\/\/dinhosreef.com\/en\/wp-json\/wp\/v2\/product_cat?post=1410782609"},{"taxonomy":"product_tag","embeddable":true,"href":"https:\/\/dinhosreef.com\/en\/wp-json\/wp\/v2\/product_tag?post=1410782609"}],"curies":[{"name":"wp","href":"https:\/\/api.w.org\/{rel}","templated":true}]}}