{"id":1410782612,"date":"2025-03-20T21:18:46","date_gmt":"2025-03-21T00:18:46","guid":{"rendered":"https:\/\/dinhosreef.com\/produto\/colisa-lalia-trichogaster-lalius\/"},"modified":"2026-04-24T13:35:53","modified_gmt":"2026-04-24T16:35:53","slug":"colisa-lalia-trichogaster-lalius","status":"publish","type":"product","link":"https:\/\/dinhosreef.com\/en\/product\/colisa-lalia-trichogaster-lalius\/","title":{"rendered":"Colisa Lalia (Trichogaster lalius)"},"content":{"rendered":"<div class=\"section-box description\" data-tab-id=\"#descricao\">\n<div class=\"board_htm\">\n<p><strong><em>FOTOS MERAMENTE ILUSTRATIVAS<\/em><\/strong><\/p>\n<p><strong>Classe:\u00a0<\/strong>Actinopterygii \u00a0\u2022<strong>\u00a0Ordem:\u00a0<\/strong>Anabantiformes \u2022\u00a0<strong>Fam\u00edlia:\u00a0<\/strong><span class=\"selectable-text copyable-text\">Osphronemidae<\/span><br \/>\n<strong>Nome binomial:<\/strong><em><strong>\u00a0<\/strong>Trichogaster lalius\u00a0<\/em>(Hamilton, 1822)<br \/>\n<strong>Sin\u00f4nimos:<\/strong><em><strong>\u00a0<\/strong>Trichopodus lalius,\u00a0Colisa lalius,\u00a0Polyacanthus lalius,\u00a0Colisa unicolor<\/em><br \/>\n<strong>Grupo Aqu\u00e1rio:\u00a0<\/strong><span class=\"selectable-text copyable-text\">Gouramis, Labirint\u00eddeos<\/span><br \/>\n<strong>Nomes comuns:\u00a0<\/strong>Colisa Lalia &#8211;\u00a0<strong>Ingl\u00eas:\u00a0<\/strong>Dwarf gourami,\u00a0Red lalia<\/p>\n<p><strong><u>Distribui\u00e7\u00e3o &amp; habitat:<\/u>\u00a0<\/strong>\u00c1sia, amplamente distribu\u00eddo atrav\u00e9s do Paquist\u00e3o, norte da \u00cdndia e\u00a0Bangladesh. Popula\u00e7\u00f5es ferais s\u00e3o encontradas em Cingapura, EUA e Col\u00f4mbia.<\/p>\n<p>Pa\u00edses:\u00a0Bangladesh, \u00cdndia, Paquist\u00e3o<\/p>\n<p>Habita predominantemente ambiente l\u00eantico como riachos, lagoas, p\u00e2ntanos, valas e c\u00f3rregos e canais de irriga\u00e7\u00e3o com vegeta\u00e7\u00e3o abundante<\/p>\n<p><strong><u>Ambiente &amp; par\u00e2metros da \u00e1gua:<\/u>\u00a0<\/strong>Bentopel\u00e1gico; \u00e1gua doce \u2022\u00a0pH: 6.6 \u2013 7.4 \u2022\u00a0Dureza: 5 \u2013 19\u00a0\u2022\u00a0Clima:\u00a0tropical; 22\u00b0C \u2013 28\u00b0C<\/p>\n<p><strong><u>Tamanho adulto:<\/u>\u00a0<\/strong>8 cm (comum 5 cm) \u2022 Estimativa de vida: 3\u00a0anos +<\/p>\n<p><strong><u>Manuten\u00e7\u00e3o em aqu\u00e1rio:<\/u>\u00a0<\/strong>Aqu\u00e1rio com dimens\u00f5es m\u00ednimas de 60 cm X 30 cm X 30 cm (56 litros)\u00a0requerido.\u00a0Como a maioria dos Anabant\u00f3ides, n\u00e3o apreciam forte movimenta\u00e7\u00e3o na \u00e1gua. Aqu\u00e1rio densamente plantado \u00e9 bastante apreciado para esp\u00e9cie. Importante formar ref\u00fagios e tocas caso venha a manter um casal, uma vez que o ass\u00e9dio do macho \u00e9 bastante forte junto a f\u00eamea.<\/p>\n<p>\u00c9 uma esp\u00e9cie pac\u00edfica e ideal para aqu\u00e1rio comunit\u00e1rio, podendo se tornar territorialista e agressivo frente a outros membros do g\u00eanero, nomeadamente outras Colisas e n\u00e3o raramente outros Anabant\u00f3ides como Tricogaster, Peixe Para\u00edso e Betta. \u00c9 um peixe de comportamento t\u00edmido que deve ser mantido com peixes de pequeno porte e igualmente pac\u00edficos.<\/p>\n<p>Amplamente mantido em pequenos aqu\u00e1rios, como os populares Bettas, esta a\u00e7\u00e3o deve ser evitada e desencorajada.<\/p>\n<p><strong><u>Alimenta\u00e7\u00e3o:<\/u>\u00a0<\/strong>On\u00edvoro, em seu ambiente natural alimenta-se principalmente de pequenos crust\u00e1ceos, rot\u00edferos, protozo\u00e1rios, algas larvas de insetos e pequenos anel\u00eddeos. Em aqu\u00e1rio aceitar\u00e1 alimentos secos sem dificuldades, devendo tamb\u00e9m ser fornecido pequenos alimentos para desenvolver melhor sua sa\u00fade e colora\u00e7\u00e3o.<\/p>\n<p><strong><u>Reprodu\u00e7\u00e3o e dimorfismo sexual:<\/u>\u00a0<\/strong>Ov\u00edparo. Durante a fase de reprodu\u00e7\u00e3o o macho tender\u00e1 ser agressivo com a f\u00eamea, comportamento que cessar\u00e1 no momento em que come\u00e7ar o ritual reprodutivo. Os dois ficar\u00e3o embaixo do ninho de bolhas com o macho cutucando a f\u00eamea com seu focinho e acariciando a \u00e1rea ventral com suas \u201cantenas\u201d.<\/p>\n<p>A desova ocorrer\u00e1 embaixo do ninho de bolhas no t\u00edpico abra\u00e7o anabant\u00f3ide, com o macho se enrolando em torno da f\u00eamea com os \u00f3vulos e espermatozoides sendo liberados simultaneamente. Os ovos liberados pela f\u00eamea s\u00e3o flutuantes, eventualmente alguns poder\u00e3o afundar onde ser\u00e3o recolhidos pelo macho e colocados dentro do ninho.<\/p>\n<p>Terminado a desova, o macho assumir\u00e1 a responsabilidade pela guarda do ninho e a f\u00eamea ser\u00e1 bastante agredida, devendo ser retirada. A eclos\u00e3o ocorre em at\u00e9 36 horas dependendo da temperatura. Ap\u00f3s estarem nadando livremente o macho poder\u00e1 ser retirado. Desovas individuais podem gerar at\u00e9 600 a 700 ovos.<\/p>\n<p><u><strong>Dimorfismo sexual:<\/strong>\u00a0<\/u>Os machos s\u00e3o um pouco maiores e mais coloridos, as f\u00eameas s\u00e3o prateadas. Machos apresentam nadadeira dorsal e anal mais estendidas \u00e0 medida que amadurecem.<\/p>\n<p><strong><u>Descri\u00e7\u00e3o:<\/u>\u00a0<\/strong>Esp\u00e9cie extremamente popular entre aquaristas dado sua beleza, rusticidade e comportamento pac\u00edfico, existem in\u00fameras variedades de cores oriundas desta esp\u00e9cie. Entre as variedades mais comuns est\u00e3o a variedade cobalto (azul s\u00f3lido) conhecida como Colisa Azul e a variedade vermelha conhecida como Colisa Vermelha\/Sangue. A variedade vermelha pode ser confundida com a Colisa Mel\u00a0(<em>Trichogaster chuna<\/em>)<em>.\u00a0<\/em><\/p>\n<p>Em seu ambiente natural \u00e9 comum encontr\u00e1-lo em regi\u00f5es quentes e \u00e1guas estagnadas pobre em oxig\u00eanio, em meio a densa vegeta\u00e7\u00e3o.<\/p>\n<p>Podem respirar oxig\u00eanio atmosf\u00e9rico atrav\u00e9s de seu \u00f3rg\u00e3o acess\u00f3rio conhecido como\u00a0labirinto. Este \u00f3rg\u00e3o \u00e9 formado por uma modifica\u00e7\u00e3o no primeiro arco branquial, altamente vascularizado e ricamente irrigado por vasos sangu\u00edneos, que faz com que o ar passe bem pr\u00f3ximo da corrente sangu\u00ednea, proporcionando a troca de oxig\u00eanio com o sangue por meio de difus\u00e3o. A estrutura do \u00f3rg\u00e3o varia de complexidade entre as esp\u00e9cies , tendendo a ser mais\u00a0desenvolvido em esp\u00e9cimes que habitam ambiente privado de oxig\u00eanio.<\/p>\n<p>Um trabalho de Myers em 1923 resultou em uma m\u00e1 interpreta\u00e7\u00e3o taxon\u00f4mica e naquela \u00e9poca o nome gen\u00e9rico\u00a0<em>Colisa<\/em>\u00a0foi adotado para as pequenas esp\u00e9cies ocidentais de Gouramis, incluindo esta esp\u00e9cie. Esta interpreta\u00e7\u00e3o foi revista recentemente\u00a0e a estrutura taxon\u00f4mica sofreu altera\u00e7\u00f5es sendo reestruturado. O resultado \u00e9 que todas as esp\u00e9cies que tinham sido colocadas sob o g\u00eanero\u00a0<em>Colisa<\/em> agora foram alterados para Trichogaster por Topfer e Schindler, em 2009, e Tan e Kottelat em 2009.<\/p>\n<\/div>\n<\/div>","protected":false},"excerpt":{"rendered":"<p>FOTOS MERAMENTE ILUSTRATIVAS Classe:\u00a0Actinopterygii \u00a0\u2022\u00a0Ordem:\u00a0Anabantiformes \u2022\u00a0Fam\u00edlia:\u00a0Osphronemidae Nome binomial:\u00a0Trichogaster lalius\u00a0(Hamilton, 1822) Sin\u00f4nimos:\u00a0Trichopodus lalius,\u00a0Colisa lalius,\u00a0Polyacanthus lalius,\u00a0Colisa unicolor Grupo Aqu\u00e1rio:\u00a0Gouramis, Labirint\u00eddeos Nomes comuns:\u00a0Colisa Lalia &#8211;\u00a0Ingl\u00eas:\u00a0Dwarf gourami,\u00a0Red lalia Distribui\u00e7\u00e3o &amp; habitat:\u00a0\u00c1sia, amplamente distribu\u00eddo atrav\u00e9s do Paquist\u00e3o, norte da \u00cdndia e\u00a0Bangladesh. Popula\u00e7\u00f5es ferais s\u00e3o encontradas em Cingapura, EUA e Col\u00f4mbia. Pa\u00edses:\u00a0Bangladesh, \u00cdndia, Paquist\u00e3o Habita predominantemente ambiente l\u00eantico como riachos, lagoas, [&hellip;]<\/p>\n","protected":false},"featured_media":1410782610,"comment_status":"open","ping_status":"closed","template":"","meta":{"googlesitekit_rrm_CAow0N7NCw:productID":"","content-type":"","pmpro_default_level":"","_themeisle_gutenberg_block_has_review":false},"product_brand":[],"product_cat":[186,210,205,219],"product_tag":[],"class_list":{"0":"post-1410782612","1":"product","2":"type-product","3":"status-publish","4":"has-post-thumbnail","6":"product_cat-animais-vivos","7":"product_cat-colisa","8":"product_cat-peixes-agua-doce","9":"product_cat-todos-os-peixes-de-agua-doce","10":"product_shipping_class-animais-vivos","11":"aux-has-gallery","12":"pmpro-has-access","14":"first","15":"instock","16":"taxable","17":"shipping-taxable","18":"purchasable","19":"product-type-simple"},"_links":{"self":[{"href":"https:\/\/dinhosreef.com\/en\/wp-json\/wp\/v2\/product\/1410782612","targetHints":{"allow":["GET"]}}],"collection":[{"href":"https:\/\/dinhosreef.com\/en\/wp-json\/wp\/v2\/product"}],"about":[{"href":"https:\/\/dinhosreef.com\/en\/wp-json\/wp\/v2\/types\/product"}],"replies":[{"embeddable":true,"href":"https:\/\/dinhosreef.com\/en\/wp-json\/wp\/v2\/comments?post=1410782612"}],"wp:featuredmedia":[{"embeddable":true,"href":"https:\/\/dinhosreef.com\/en\/wp-json\/wp\/v2\/media\/1410782610"}],"wp:attachment":[{"href":"https:\/\/dinhosreef.com\/en\/wp-json\/wp\/v2\/media?parent=1410782612"}],"wp:term":[{"taxonomy":"product_brand","embeddable":true,"href":"https:\/\/dinhosreef.com\/en\/wp-json\/wp\/v2\/product_brand?post=1410782612"},{"taxonomy":"product_cat","embeddable":true,"href":"https:\/\/dinhosreef.com\/en\/wp-json\/wp\/v2\/product_cat?post=1410782612"},{"taxonomy":"product_tag","embeddable":true,"href":"https:\/\/dinhosreef.com\/en\/wp-json\/wp\/v2\/product_tag?post=1410782612"}],"curies":[{"name":"wp","href":"https:\/\/api.w.org\/{rel}","templated":true}]}}