{"id":1410782641,"date":"2025-03-20T23:23:16","date_gmt":"2025-03-21T02:23:16","guid":{"rendered":"https:\/\/dinhosreef.com\/produto\/ramirezi-eletric-blue-mikrogeophagus-ramirezi\/"},"modified":"2026-04-22T09:49:57","modified_gmt":"2026-04-22T12:49:57","slug":"ramirezi-eletric-blue-mikrogeophagus-ramirezi","status":"publish","type":"product","link":"https:\/\/dinhosreef.com\/en\/product\/ramirezi-eletric-blue-mikrogeophagus-ramirezi\/","title":{"rendered":"Ramirezi Eletric Blue (Mikrogeophagus ramirezi)"},"content":{"rendered":"<div class=\"section-box description\" data-tab-id=\"#descricao\">\n<div class=\"board_htm\">\n<p><strong><em>FOTOS MERAMENTE ILUSTRATIVAS<\/em><\/strong><\/p>\n<p>Nome Popular:\u00a0Ramirezi eletric blue<br \/>\nNome Cient\u00edfico:\u00a0<em>Microgeophagus ramirezi<\/em>,\u00a0Steindachner, 1875<br \/>\nFam\u00edlia:\u00a0Cichlidae<br \/>\nOrigem:\u00a0Am\u00e9rica do Sul \/ Brasil, Col\u00f4mbia, Peru<br \/>\nSociabilidade:\u00a0Sozinho, har\u00e9m<br \/>\npH:\u00a05.0 a 7.0<br \/>\nTemperatura:\u00a026 a 29\u00baC<br \/>\nDureza da \u00e1gua:\u00a0mole<br \/>\nExpectativa de vida:\u00a0Cerca de 6 anos<br \/>\nManuten\u00e7\u00e3o:\u00a0F\u00e1cil<br \/>\nTamanho adulto:\u00a0Aproximadamente 9cm<\/p>\n<p><u>Alimenta\u00e7\u00e3o:<\/u>\u00a0On\u00edvora, aceita de tudo, mas se quiser incentivar a reprodu\u00e7\u00e3o e manter seu apisto saud\u00e1vel e com belas cores \u00e9 recomendado oferecer alimentos vivos \u2013 al\u00e9m das ra\u00e7\u00f5es espec\u00edficas \u2013 ao menos uma vez na semana.<\/p>\n<p><u>Dimorfismo sexual:<\/u>\u00a0O macho \u00e9 maior, mais colorido, apresenta a nadadeira ventral maior, pontas das nadadeiras anal, dorsal e caudal finas e o ventre \u00e9 retil\u00edneo. A f\u00eamea possui colora\u00e7\u00e3o amarelada, pontas das nadadeiras arredondadas, ventre roli\u00e7o e \u00e9 menor que o macho.\u00a0Importante: estas caracter\u00edsticas aparecem em peixes no final do est\u00e1gio juvenil e em adultos, a diferen\u00e7a sexual entre filhotes \u00e9 mais dif\u00edcil de ser observada.<\/p>\n<p>Comportamento:\u00a0S\u00e3o peixes territoriais e agressivos com outros da mesma esp\u00e9cie ou formato e colora\u00e7\u00e3o parecidos.\u00a0<u>O casal \/ har\u00e9m deve ser sempre mantido em aqu\u00e1rio pr\u00f3prio e sem outros peixes que possam comer seus ovos ou filhotes<\/u>, no caso de aqu\u00e1rio comunit\u00e1rio \u00e9 recomendado manter apenas o macho sozinho.<\/p>\n<p><u>Reprodu\u00e7\u00e3o:<\/u>\u00a0Ov\u00edparo, a f\u00eamea ir\u00e1 colocar os ovos em um local escondido que pode ser debaixo de troncos, folhas ou rochas, ou qualquer outro lugar mais discreto. Os ovos eclodem em aproximadamente 48 \u2013 72 horas quando mantidos em temperatura mais alta, ap\u00f3s dois ou tr\u00eas dias da eclos\u00e3o os alevinos j\u00e1 consumiram o conte\u00fado do saco vitelino e come\u00e7am a nadar.<\/p>\n<p>Durante este per\u00edodo a f\u00eamea fica com colora\u00e7\u00e3o amarela bem forte e pode ou n\u00e3o ter comportamento agressivo com o macho, cabe ao aquarista observar bem seus peixes e retirar o macho do aqu\u00e1rio \u2013 caso ocorram brigas \u2013 para evitar o estresse de ambos.<\/p>\n<p>Recomenda-se usar filtro interno de espuma ou ent\u00e3o colocar perlon na entrada de \u00e1gua do filtro externo para evitar sugar os filhotes.<\/p>\n<p><u>Tamanho m\u00ednimo do aqu\u00e1rio:<\/u>\u00a0Para apenas um casal 30 litros, para um aqu\u00e1rio comunit\u00e1rio 50 litros.<\/p>\n<p><u>Outras informa\u00e7\u00f5es:<\/u>\u00a0Existem diferentes variedades de\u00a0<em>Apistogramma agassizii<\/em>,\u00a0s\u00e3o encontrados em tr\u00eas cores principais: vermelho, amarelo e azul, mas existem diversas variantes que podem incluir outras cores. Um aqu\u00e1rio ideal deve possuir substrato fino e f\u00e1cil de ser cavado, folhas secas, troncos e\/ou rochas para servir de local para a desova, \u00e1gua \u00e1cida, quente e mole e plantas flutuantes na superf\u00edcie para controlar um pouco a luminosidade.<\/p>\n<p>Estes peixes apresentam sua colora\u00e7\u00e3o de forma v\u00edvida apenas quando mantidos em ambiente ideal, peixes em situa\u00e7\u00e3o estressante (baterias de lojas, logo ap\u00f3s o transporte, etc) podem apresentar colora\u00e7\u00e3o muito p\u00e1lida, que \u00e9 facilmente revertida ao ser transferido para um local com par\u00e2metros e necessidades adequadas \u00e0 esp\u00e9cie.<\/p>\n<p>\u00c9 extremamente importante o monitoramento dos par\u00e2metros da \u00e1gua, para isto s\u00e3o recomendados os testes peri\u00f3dicos de pH, GH, KH, Am\u00f4nia, Nitrito e Nitrato.<\/p>\n<p>Igualmente importante \u00e9 a manuten\u00e7\u00e3o constante da temperatura da \u00e1gua para evitar quedas bruscas que podem levar \u00e0 debilita\u00e7\u00e3o do sistema imunol\u00f3gico do animal e ao surgimento de doen\u00e7as. Esta manuten\u00e7\u00e3o \u00e9 atingida com o aux\u00edlio de aquecedores e\/ou termostatos \u2013 sendo\u00a0\u00a0os \u00faltimos mais recomendados, por possu\u00edrem um mecanismo que controla a temperatura evitando assim o aquecimento excessivo da \u00e1gua do aqu\u00e1rio \u2013 e\u00a0\u00a0ela \u00e9 monitorada utilizando-se term\u00f4metros que podem ser tanto internos quanto externos. Acessando a nossa \u00e1rea intitulada\u00a0<u>\u201cTemperatura\u201d<\/u>\u00a0voc\u00ea encontra v\u00e1rias op\u00e7\u00f5es de term\u00f4metros, aquecedores e termostatos.<\/p>\n<p><u>Peixes que podem ser colocados com ramirezis:<\/u> al\u00e9m de outros ramirezis machos e f\u00eameas de quaisquer outras variantes, pode coloc\u00e1-los juntamente com todos os peixes de pH \u00e1cido, exce\u00e7\u00e3o para os peixes de rio (pois, como s\u00e3o carn\u00edvoros). Pode adapt\u00e1-los para pH neutro e colocar com todos os peixes deste pH. N\u00e3o recomendamos coloc\u00e1-lo em pH alcalino, por diminuir sua expectativa de vida de horas (depende da aclimta\u00e7\u00e3o) \u00e0 anos e ir\u00e1 maltrat\u00e1-los silenciosamente, for\u00e7ando sua natureza (n\u00e3o concordamos).<\/p>\n<\/div>\n<\/div>","protected":false},"excerpt":{"rendered":"<p>FOTOS MERAMENTE ILUSTRATIVAS Nome Popular:\u00a0Ramirezi eletric blue Nome Cient\u00edfico:\u00a0Microgeophagus ramirezi,\u00a0Steindachner, 1875 Fam\u00edlia:\u00a0Cichlidae Origem:\u00a0Am\u00e9rica do Sul \/ Brasil, Col\u00f4mbia, Peru Sociabilidade:\u00a0Sozinho, har\u00e9m pH:\u00a05.0 a 7.0 Temperatura:\u00a026 a 29\u00baC Dureza da \u00e1gua:\u00a0mole Expectativa de vida:\u00a0Cerca de 6 anos Manuten\u00e7\u00e3o:\u00a0F\u00e1cil Tamanho adulto:\u00a0Aproximadamente 9cm Alimenta\u00e7\u00e3o:\u00a0On\u00edvora, aceita de tudo, mas se quiser incentivar a reprodu\u00e7\u00e3o e manter seu apisto saud\u00e1vel [&hellip;]<\/p>\n","protected":false},"featured_media":1410782640,"comment_status":"open","ping_status":"closed","template":"","meta":{"googlesitekit_rrm_CAow0N7NCw:productID":"","content-type":"","pmpro_default_level":"","_themeisle_gutenberg_block_has_review":false},"product_brand":[],"product_cat":[215,186,205,219],"product_tag":[],"class_list":{"0":"post-1410782641","1":"product","2":"type-product","3":"status-publish","4":"has-post-thumbnail","6":"product_cat-ramirezi","7":"product_cat-animais-vivos","8":"product_cat-peixes-agua-doce","9":"product_cat-todos-os-peixes-de-agua-doce","10":"product_shipping_class-animais-vivos","11":"pmpro-has-access","13":"first","14":"instock","15":"taxable","16":"shipping-taxable","17":"purchasable","18":"product-type-simple"},"_links":{"self":[{"href":"https:\/\/dinhosreef.com\/en\/wp-json\/wp\/v2\/product\/1410782641","targetHints":{"allow":["GET"]}}],"collection":[{"href":"https:\/\/dinhosreef.com\/en\/wp-json\/wp\/v2\/product"}],"about":[{"href":"https:\/\/dinhosreef.com\/en\/wp-json\/wp\/v2\/types\/product"}],"replies":[{"embeddable":true,"href":"https:\/\/dinhosreef.com\/en\/wp-json\/wp\/v2\/comments?post=1410782641"}],"wp:featuredmedia":[{"embeddable":true,"href":"https:\/\/dinhosreef.com\/en\/wp-json\/wp\/v2\/media\/1410782640"}],"wp:attachment":[{"href":"https:\/\/dinhosreef.com\/en\/wp-json\/wp\/v2\/media?parent=1410782641"}],"wp:term":[{"taxonomy":"product_brand","embeddable":true,"href":"https:\/\/dinhosreef.com\/en\/wp-json\/wp\/v2\/product_brand?post=1410782641"},{"taxonomy":"product_cat","embeddable":true,"href":"https:\/\/dinhosreef.com\/en\/wp-json\/wp\/v2\/product_cat?post=1410782641"},{"taxonomy":"product_tag","embeddable":true,"href":"https:\/\/dinhosreef.com\/en\/wp-json\/wp\/v2\/product_tag?post=1410782641"}],"curies":[{"name":"wp","href":"https:\/\/api.w.org\/{rel}","templated":true}]}}