{"id":1410782644,"date":"2025-03-20T23:33:43","date_gmt":"2025-03-21T02:33:43","guid":{"rendered":"https:\/\/dinhosreef.com\/produto\/comedor-de-alga-algae-eater\/"},"modified":"2026-03-21T16:12:32","modified_gmt":"2026-03-21T19:12:32","slug":"comedor-de-alga-algae-eater","status":"publish","type":"product","link":"https:\/\/dinhosreef.com\/en\/product\/comedor-de-alga-algae-eater\/","title":{"rendered":"Comedor de Alga (Algae eater)"},"content":{"rendered":"<div class=\"section-box description\" data-tab-id=\"#descricao\">\n<div class=\"board_htm\">\n<p><strong><em>FOTOS MERAMENTE ILUSTRATIVAS<\/em><\/strong><\/p>\n<p><strong>Nome Popular<\/strong>: Comedor de algas chin\u00eas \u2014\u00a0<strong>Ingl\u00eas:<\/strong>\u00a0Chinese algae-eater<br \/>\n<strong>Ordem<\/strong>: Cypriniformes\u00a0\u2014\u00a0<strong>Fam\u00edlia<\/strong>: Cyprinidae (Cyprin\u00eddeos)<br \/>\n<strong>Distribui\u00e7\u00e3o<\/strong>: \u00c1sia, bacias de Mekong e Chao Phraya<br \/>\n<strong>Tamanho Adulto<\/strong>: 28 cm (comum: 20 cm)<br \/>\n<strong>Expectativa de Vida<\/strong>: 10 anos<br \/>\n<strong>pH<\/strong>: 6.0 a 8.0 \u2014\u00a0<strong>Dureza<\/strong>: 5 a 19<br \/>\n<strong>Temperatura<\/strong>: 22\u00b0C a 28\u00b0C<\/p>\n<p><u><strong>Aqu\u00e1rio M\u00ednimo<\/strong>:<\/u>\u00a080 cm X 30 cm X 40 cm (96 L) \u2013 esp\u00e9cie pouco exigente com a decora\u00e7\u00e3o do aqu\u00e1rio, no entanto ficar\u00e1 mais a vontade com a configura\u00e7\u00e3o projetada com bastante rochas e ra\u00edzes. Plantas podem ser utilizadas, mesmo as de folhas macias. Como muitos peixes que habitam naturalmente ambiente l\u00f3tico, \u00e9 bastante intolerante ao ac\u00famulo de res\u00edduos\u00a0org\u00e2nicos\u00a0e ficar\u00e1 melhor se houver um alto n\u00edvel de\u00a0oxig\u00eanio dissolvido\u00a0e um movimento moderado da \u00e1gua.<\/p>\n<p><u><strong>Comportamento<\/strong>:<\/u>\u00a0No geral \u00e9 um peixe pac\u00edfico. A medida que amadurece pode se tornar agressivo e territorial com outros peixes de morfologia similar, vide outros comedores de algas (esp\u00e9cies semelhantes fisicamente). Eventualmente pode causar ferimentos em peixes de maior porte, pois tenta se alimentar do muco produzido por seu corpo.<\/p>\n<p><u><strong>Compatibilidade<\/strong>:<\/u>\u00a0Pode ser mantido em aqu\u00e1rio comunit\u00e1rio com peixes de porte compat\u00edvel.\u00a0Em seu ambiente natural vive solitariamente e s\u00f3 mant\u00e9m contato com outros de sua esp\u00e9cie em \u00e9poca de reprodu\u00e7\u00e3o.\u00a0Esses instintos aumentam \u00e0 medida que os peixes envelhecem. Raz\u00e3o pelo qual dever\u00e1 evitar criar com outros da mesma esp\u00e9cie, exceto se o aqu\u00e1rio for grande o suficiente (300L +) e possuir bastante ref\u00fagios para abrig\u00e1-los.<\/p>\n<p><u><strong>Alimenta\u00e7\u00e3o<\/strong>:<\/u>\u00a0On\u00edvoro com forte tend\u00eancia a herb\u00edvoro. Alimentam-se em grande parte de algas, perif\u00edton e fitopl\u00e2ncton, secundariamente larvas de insetos ou zoopl\u00e2ncton. Em aqu\u00e1rio deve ser fornecido alimentos secos a base de Spirulina, al\u00e9m de abundante material vegetal como ervilhas descascadas, abobrinha, espinafre e frutas picadas.<\/p>\n<p><u><strong>Reprodu\u00e7\u00e3o<\/strong>:<\/u>\u00a0Ov\u00edparo, sua reprodu\u00e7\u00e3o em aqu\u00e1rios particulares \u00e9 desconhecida,\u00a0mas grandes n\u00fameros s\u00e3o reproduzidos para o com\u00e9rcio ornamental com a ajuda de horm\u00f4nios.<\/p>\n<p><u><strong>Dimorfismo Sexual<\/strong>:<\/u>\u00a0As f\u00eameas sexualmente maduras s\u00e3o visivelmente mais encorpadas que os machos, mas \u00e9 imposs\u00edvel fazer a distin\u00e7\u00e3o quando juvenis.<\/p>\n<p><u><strong>Bi\u00f3topo<\/strong>:<\/u>\u00a0<span class=\"notranslate\">Habita c\u00f3rregos e afluentes com substratos de pedregulhos, seixos,\u00a0cascalho\u00a0e\u00a0areia, muitas vezes em \u00e1reas com troncos submersos ou ra\u00edzes de \u00e1rvores.\u00a0As \u00e1guas rasas frequentemente claras permitem que a luz solar penetre na superf\u00edcie e desenvolvam um\u00a0biofilme\u00a0rico que cobre as superf\u00edcies submersas sobre as quais ficam aderidos.<\/span><\/p>\n<p><u><strong>Etimologia:<\/strong><\/u>\u00a0<em>Gyrinocheilus;<\/em>\u00a0do grego,\u00a0<em>gyrinos<\/em>\u00a0= girino + grego,\u00a0<em>cheilos<\/em>\u00a0= l\u00e1bio.\u00a0<em>aymonieri,\u00a0<\/em>nomeado em homenagem ao arque\u00f3logo e explorador franc\u00eas \u00c9tienne Fran\u00e7ois Aymonier (1844-1929).<\/p>\n<p><u><strong>Sin\u00f4nimos<\/strong>:<\/u>\u00a0<em>Gyrinocheilus monchadskii,\u00a0Gyrinocheilus kaznakovi,\u00a0Psilorhynchus aymonieri<\/em><\/p>\n<p><u><strong>Informa\u00e7\u00f5es adicionais<\/strong>:<\/u>\u00a0Em sua regi\u00e3o de origem \u00e9 utilizado para fazer \u201cprahok\u201d, uma t\u00edpica pasta de peixe\u00a0da culin\u00e1ria khme.\u00a0Normalmente \u00e9 vendido como comedor de algas chin\u00eas ou indiano, mas n\u00e3o ocorre naturalmente em nenhum destes pa\u00edses.<\/p>\n<p>Esp\u00e9cies do g\u00eanero exibem algumas\u00a0<span class=\"notranslate\">peculiaridades morfol\u00f3gicas que as separam de todos os outros\u00a0g\u00eaneros\u00a0na ordem Cypriniformes.<\/span>\u00a0N\u00e3<span class=\"notranslate\">o possuem\u00a0dentes far\u00edngeos\u00a0e possuem uma pequena abertura semelhante a um espir\u00e1culo no topo de cada op\u00e9rculo.\u00a0<\/span><span class=\"notranslate\">Estes \u00faltimos s\u00e3o utilizados como aberturas respirat\u00f3rias secund\u00e1rias atrav\u00e9s das quais a \u00e1gua entra e passa sobre as br\u00e2nquias antes de ser expelida pela\u00a0abertura\u00a0principal das br\u00e2nquias.<\/span>\u00a0<span class=\"notranslate\">O aparelho bucal pode, portanto, ser usado independentemente para alimenta\u00e7\u00e3o e ancoragem em superf\u00edcies s\u00f3lidas.<\/span><\/p>\n<\/div>\n<\/div>","protected":false},"excerpt":{"rendered":"<p>FOTOS MERAMENTE ILUSTRATIVAS Nome Popular: Comedor de algas chin\u00eas \u2014\u00a0Ingl\u00eas:\u00a0Chinese algae-eater Ordem: Cypriniformes\u00a0\u2014\u00a0Fam\u00edlia: Cyprinidae (Cyprin\u00eddeos) Distribui\u00e7\u00e3o: \u00c1sia, bacias de Mekong e Chao Phraya Tamanho Adulto: 28 cm (comum: 20 cm) Expectativa de Vida: 10 anos pH: 6.0 a 8.0 \u2014\u00a0Dureza: 5 a 19 Temperatura: 22\u00b0C a 28\u00b0C Aqu\u00e1rio M\u00ednimo:\u00a080 cm X 30 cm X 40 [&hellip;]<\/p>\n","protected":false},"featured_media":1410782642,"comment_status":"open","ping_status":"closed","template":"","meta":{"googlesitekit_rrm_CAow0N7NCw:productID":"","content-type":"","pmpro_default_level":"","_themeisle_gutenberg_block_has_review":false},"product_brand":[],"product_cat":[205,207,186,219],"product_tag":[],"class_list":{"0":"post-1410782644","1":"product","2":"type-product","3":"status-publish","4":"has-post-thumbnail","6":"product_cat-peixes-agua-doce","7":"product_cat-algae-eater","8":"product_cat-animais-vivos","9":"product_cat-todos-os-peixes-de-agua-doce","10":"product_shipping_class-animais-vivos","11":"aux-has-gallery","12":"pmpro-has-access","14":"first","15":"instock","16":"taxable","17":"shipping-taxable","18":"purchasable","19":"product-type-simple"},"_links":{"self":[{"href":"https:\/\/dinhosreef.com\/en\/wp-json\/wp\/v2\/product\/1410782644","targetHints":{"allow":["GET"]}}],"collection":[{"href":"https:\/\/dinhosreef.com\/en\/wp-json\/wp\/v2\/product"}],"about":[{"href":"https:\/\/dinhosreef.com\/en\/wp-json\/wp\/v2\/types\/product"}],"replies":[{"embeddable":true,"href":"https:\/\/dinhosreef.com\/en\/wp-json\/wp\/v2\/comments?post=1410782644"}],"wp:featuredmedia":[{"embeddable":true,"href":"https:\/\/dinhosreef.com\/en\/wp-json\/wp\/v2\/media\/1410782642"}],"wp:attachment":[{"href":"https:\/\/dinhosreef.com\/en\/wp-json\/wp\/v2\/media?parent=1410782644"}],"wp:term":[{"taxonomy":"product_brand","embeddable":true,"href":"https:\/\/dinhosreef.com\/en\/wp-json\/wp\/v2\/product_brand?post=1410782644"},{"taxonomy":"product_cat","embeddable":true,"href":"https:\/\/dinhosreef.com\/en\/wp-json\/wp\/v2\/product_cat?post=1410782644"},{"taxonomy":"product_tag","embeddable":true,"href":"https:\/\/dinhosreef.com\/en\/wp-json\/wp\/v2\/product_tag?post=1410782644"}],"curies":[{"name":"wp","href":"https:\/\/api.w.org\/{rel}","templated":true}]}}