{"id":1410782650,"date":"2025-03-20T23:49:18","date_gmt":"2025-03-21T02:49:18","guid":{"rendered":"https:\/\/dinhosreef.com\/produto\/prodibio-biodigest-1-ampola\/"},"modified":"2026-05-07T08:05:10","modified_gmt":"2026-05-07T11:05:10","slug":"prodibio-biodigest-1-ampola","status":"publish","type":"product","link":"https:\/\/dinhosreef.com\/en\/product\/prodibio-biodigest-1-ampola\/","title":{"rendered":"PRODIBIO BIODIGEST 1 AMPOLA"},"content":{"rendered":"<p>1 Ampolas Condicionador Prodibio Biodigest Reduz Algas<\/p>\n<p>\u00a0<\/p>\n<p>Biodigest \u00e9 uma mistura natural e concentrada de bact\u00e9rias vivas que permitem o in\u00edcio r\u00e1pido da filtra\u00e7\u00e3o biol\u00f3gica e a limpeza pela digest\u00e3o dos res\u00edduos org\u00e2nicos do aqu\u00e1rio.<\/p>\n<p>Consequentemente contribuem para a purifica\u00e7\u00e3o da \u00e1gua, redu\u00e7\u00e3o dos nitritos, nitratos, fosfatos e impedem a prolifera\u00e7\u00e3o das algas filamentosas.<\/p>\n<p>\u00a0<\/p>\n<p>Cada ampola trata entre 120 e 1000 litros.<\/p>\n<p>\u00a0<\/p>\n<p>BIODIGEST PRODIBIO \u00e9 um composto de bact\u00e9rias nitrificantes natural, cada ampola possui milh\u00f5es de bact\u00e9rias ativas facultativas. Uma vez adicionadas ao aqu\u00e1rio as bact\u00e9rias se ficam \u00e0 rocha e ao substrato e se &#8221; alimentam&#8221; da sujeira dissolvida na \u00e1gua do aqu\u00e1rio, reduzindo am\u00f4nia, nitritos e nitratos.<\/p>\n<p>\u00a0<\/p>\n<p>Algumas das bact\u00e9rias presentes s\u00e3o capazes de realizar a bioss\u00edntese de nitrato e fosfato em condi\u00e7\u00f5es aer\u00f3bicas atrav\u00e9s de enzimas redutoras. Isto permite que a \u00e1gua seja efetivamente purificada, deixando seus corais mais coloridos, os peixes mais saud\u00e1veis e ajudando a se livrar de problemas como algas diatom\u00e1ceas, cianobact\u00e9rias, valonas e todo tipo de problema advindo do excesso de nutrientes.<\/p>\n<p>\u00a0<\/p>\n<p>Como Utilizar:<\/p>\n<p>\u00a0<\/p>\n<p>Em aqu\u00e1rios e aquicultura: o uso regular de BIO DIGEST a cada 15 dias, uma ampola at\u00e9 1.000 litros produz os seguintes resultados:<\/p>\n<p>\u00a0<\/p>\n<p>&#8211; In\u00edcio r\u00e1pido da filtragem biol\u00f3gica e introdu\u00e7\u00e3o de peixes<\/p>\n<p>&#8211; Redu\u00e7\u00e3o de nitratos<\/p>\n<p>&#8211; Redu\u00e7\u00e3o de fosfatos<\/p>\n<p>&#8211; Redu\u00e7\u00e3o de algas<\/p>\n<p>&#8211; Limpeza biol\u00f3gica do aqu\u00e1rio pela digest\u00e3o de mat\u00e9ria org\u00e2nica<\/p>\n<p>&#8211; Conserva\u00e7\u00e3o e renova\u00e7\u00e3o de cepas de bact\u00e9rias em \u00f3timas propor\u00e7\u00f5es<\/p>\n<p>&#8211; Melhora da qualidade da \u00e1gua<\/p>\n<p>&#8211; Redu\u00e7\u00e3o de doen\u00e7as inexplic\u00e1veis<\/p>\n<p>\u00a0<\/p>\n<p>Porque usar Bio Digest a cada 15 dias?<\/p>\n<p>\u00a0<\/p>\n<p>BIO DIGEST \u00e9 particularmente eficiente nas 2 semanas que seguem sua aplica\u00e7\u00e3o. Como cada cepa de bact\u00e9ria se reproduz em velocidade diferentes, as propor\u00e7\u00f5es entre elas come\u00e7am a variar cedo. Para reajustar os \u00f3timos valores de todas as bact\u00e9rias use 1 ampola de BIO DIGEST a cada 15 dias para cada 1.000 litros. Melhores resultados s\u00e3o obtidos com o uso de 1 ampola para cada 400 litros.<\/p>\n<p>\u00a0<\/p>\n<p>Aqu\u00e1rios novos:<\/p>\n<p>\u00a0<\/p>\n<p>1 ampola para cada 60 litros + 1 ampola para o filtro.<\/p>\n<p>Purifica\u00e7\u00e3o de aqu\u00e1rios j\u00e1 existentes:<\/p>\n<p>1 ampola at\u00e9 1.000 litros a cada 15 dias. (Quebre com um pequeno peda\u00e7o de mangueira de aqu\u00e1rio uma ponta da ampola, vire este lado quebrado para baixo e quebre a ponta de cima da ampola e o produto cair\u00e1 no aqu\u00e1rio, lave a ampola com \u00e1gua do aqu\u00e1rio para completo aproveitamento do produto).<\/p>\n<p>Melhores resultados s\u00e3o obtidos com 1 ampola at\u00e9 400 litros. Ou em casos de aqu\u00e1rios com muita mat\u00e9ria org\u00e2nica ou algas vermelhas ou filamentosas recomenda-se o uso semanal.<\/p>\n<p>\u00a0<\/p>\n<p>BIODIGEST.<\/p>\n<p>\u00a0<\/p>\n<p>Antes de utilizar recomendamos desligar bombas , skimmer , uv e outros meios de filtragem, despeje o conte\u00fado da ampola no aqu\u00e1rio e volte a liga-los somente ap\u00f3s 1 a 2 horas. Deste modo as bact\u00e9rias ter\u00e3o mais tempo para se fixar em seu aqu\u00e1rios sem serem perturbadas.<\/p>","protected":false},"excerpt":{"rendered":"<p>1 Ampolas Condicionador Prodibio Biodigest Reduz Algas \u00a0 Biodigest \u00e9 uma mistura natural e concentrada de bact\u00e9rias vivas que permitem o in\u00edcio r\u00e1pido da filtra\u00e7\u00e3o biol\u00f3gica e a limpeza pela digest\u00e3o dos res\u00edduos org\u00e2nicos do aqu\u00e1rio. Consequentemente contribuem para a purifica\u00e7\u00e3o da \u00e1gua, redu\u00e7\u00e3o dos nitritos, nitratos, fosfatos e impedem a prolifera\u00e7\u00e3o das algas filamentosas. [&hellip;]<\/p>\n","protected":false},"featured_media":1410782649,"comment_status":"open","ping_status":"closed","template":"","meta":{"googlesitekit_rrm_CAow0N7NCw:productID":"","content-type":"","pmpro_default_level":"","_themeisle_gutenberg_block_has_review":false},"product_brand":[],"product_cat":[47],"product_tag":[],"class_list":{"0":"post-1410782650","1":"product","2":"type-product","3":"status-publish","4":"has-post-thumbnail","6":"product_cat-condicionadores-de-agua","7":"pmpro-has-access","9":"first","10":"instock","11":"taxable","12":"shipping-taxable","13":"purchasable","14":"product-type-simple"},"_links":{"self":[{"href":"https:\/\/dinhosreef.com\/en\/wp-json\/wp\/v2\/product\/1410782650","targetHints":{"allow":["GET"]}}],"collection":[{"href":"https:\/\/dinhosreef.com\/en\/wp-json\/wp\/v2\/product"}],"about":[{"href":"https:\/\/dinhosreef.com\/en\/wp-json\/wp\/v2\/types\/product"}],"replies":[{"embeddable":true,"href":"https:\/\/dinhosreef.com\/en\/wp-json\/wp\/v2\/comments?post=1410782650"}],"wp:featuredmedia":[{"embeddable":true,"href":"https:\/\/dinhosreef.com\/en\/wp-json\/wp\/v2\/media\/1410782649"}],"wp:attachment":[{"href":"https:\/\/dinhosreef.com\/en\/wp-json\/wp\/v2\/media?parent=1410782650"}],"wp:term":[{"taxonomy":"product_brand","embeddable":true,"href":"https:\/\/dinhosreef.com\/en\/wp-json\/wp\/v2\/product_brand?post=1410782650"},{"taxonomy":"product_cat","embeddable":true,"href":"https:\/\/dinhosreef.com\/en\/wp-json\/wp\/v2\/product_cat?post=1410782650"},{"taxonomy":"product_tag","embeddable":true,"href":"https:\/\/dinhosreef.com\/en\/wp-json\/wp\/v2\/product_tag?post=1410782650"}],"curies":[{"name":"wp","href":"https:\/\/api.w.org\/{rel}","templated":true}]}}