{"id":1410782656,"date":"2025-03-20T23:50:49","date_gmt":"2025-03-21T02:50:49","guid":{"rendered":"https:\/\/dinhosreef.com\/produto\/prodibio-start-up-2-ampolas\/"},"modified":"2026-04-12T15:52:20","modified_gmt":"2026-04-12T18:52:20","slug":"prodibio-start-up-2-ampolas","status":"publish","type":"product","link":"https:\/\/dinhosreef.com\/en\/product\/prodibio-start-up-2-ampolas\/","title":{"rendered":"PRODIBIO START UP 2 AMPOLAS"},"content":{"rendered":"<p>Prodibio Start Up 2 Ampolas\u00a0 1 de 15 Biodigest + 1 de 15 Stop Ammo<\/p>\n<p>\u00a0<\/p>\n<p>\u00a0<\/p>\n<p>PRODIBIO START UP 2 AMPOLAS PARA CICLAGEM UMA MISTURA DE BIODIGEST STARD E STOP AMMO START PARA AQU\u00c1RIO DE \u00c1GUA DOCE E SALGADA.<\/p>\n<p>\u00a0<\/p>\n<p>\u00a0<\/p>\n<p>\u00a0<\/p>\n<p>O Start Up re\u00fane BioDigest Start e Stop Ammo Start, permitindo que voc\u00ea inicie e preencha rapidamente um tanque de \u00e1gua doce ou marinha.<\/p>\n<p>\u00a0<\/p>\n<p>Principais Caracter\u00edsticas:<\/p>\n<p>Reagrupa BioDigest Start et Stop Ammo Start;<\/p>\n<p>Inicie um aqu\u00e1rio muito rapidamente (dentro de horas);<\/p>\n<p>Start Up permite introduzir rapidamente 1\/3 dos seus peixes mais dif\u00edceis no seu<\/p>\n<p>novo aqu\u00e1rio:<\/p>\n<p>Depois de 4 horas em \u00e1gua doce;<\/p>\n<p>Depois de 12 horas em \u00e1gua marinha.<\/p>\n<p>\u00a0<\/p>\n<p>Biodigest Start:<\/p>\n<p>Composto por estirpes bacterianas vivas;<\/p>\n<p>A limpeza do aqu\u00e1rio pela digest\u00e3o de res\u00edduos \u00e9 ajudada pela presen\u00e7a de numerosas estirpes diferentes de bact\u00e9rias heterotr\u00f3ficas;<\/p>\n<p>Os nitratos e fosfatos s\u00e3o reduzidos;<\/p>\n<p>Permite que a \u00e1gua seja efetivamente purificada;<\/p>\n<p>Impede a propaga\u00e7\u00e3o de algas filamentosas;<\/p>\n<p>Converte am\u00f4nia em nitritos &#8211; nitritos em nitratos &#8211; e &#8211; nitratos em nitrog\u00eanio.<\/p>\n<p>\u00a0<\/p>\n<p>Stop Ammo Start:<\/p>\n<p>Intercepta e interrompe a am\u00f4nia;<\/p>\n<p>Reduz a produ\u00e7\u00e3o de nitrito;<\/p>\n<p>Evita que o peixe seja chocado ou morto.<\/p>\n<p>\u00a0<\/p>\n<p>Instru\u00e7\u00e3o de uso:<\/p>\n<p>30 Ampolas tratam de 360L a 1000L.<\/p>\n<p>\u00a0<\/p>\n<p>Dosagem Nano: 2 ampolas para 60l.<\/p>\n<p>(Sendo 1 ampola de Biodigest Start e 1 ampola de Stop Ammo Start).<\/p>\n<p>Dosagem Nano: 4 ampolas para 61l a 120l.<\/p>\n<p>\u00a0<\/p>\n<p>Dosagem: 6 ampolas para 121l a 180l.<\/p>\n<p>Dosagem: 12 ampolas para 181l a 360l.<\/p>\n<p>Dosagem: 30 ampolas para 360l a 1000l.<\/p>\n<p>\u00a0<\/p>\n<p>Obs: Para utiliza\u00e7\u00e3o continua a cada 15 dias, segue dosagem normal das ampolas Biodigest e Stop Ammo.<\/p>\n<p>\u00a0<\/p>\n<p>PRODIBIO START UP<\/p>\n<p>\u00a0<\/p>\n<p>O PACOTE CONT\u00c9M:<\/p>\n<p>1 AMPOLA BIODIGEST\u00a0<\/p>\n<p>1 AMPOLA STOP AMMO<\/p>","protected":false},"excerpt":{"rendered":"<p>Prodibio Start Up 2 Ampolas\u00a0 1 de 15 Biodigest + 1 de 15 Stop Ammo \u00a0 \u00a0 PRODIBIO START UP 2 AMPOLAS PARA CICLAGEM UMA MISTURA DE BIODIGEST STARD E STOP AMMO START PARA AQU\u00c1RIO DE \u00c1GUA DOCE E SALGADA. \u00a0 \u00a0 \u00a0 O Start Up re\u00fane BioDigest Start e Stop Ammo Start, permitindo que [&hellip;]<\/p>\n","protected":false},"featured_media":1410782655,"comment_status":"open","ping_status":"closed","template":"","meta":{"googlesitekit_rrm_CAow0N7NCw:productID":"","content-type":"","pmpro_default_level":"","_themeisle_gutenberg_block_has_review":false},"product_brand":[],"product_cat":[47],"product_tag":[],"class_list":{"0":"post-1410782656","1":"product","2":"type-product","3":"status-publish","4":"has-post-thumbnail","6":"product_cat-condicionadores-de-agua","7":"pmpro-has-access","9":"first","10":"instock","11":"taxable","12":"shipping-taxable","13":"purchasable","14":"product-type-simple"},"_links":{"self":[{"href":"https:\/\/dinhosreef.com\/en\/wp-json\/wp\/v2\/product\/1410782656","targetHints":{"allow":["GET"]}}],"collection":[{"href":"https:\/\/dinhosreef.com\/en\/wp-json\/wp\/v2\/product"}],"about":[{"href":"https:\/\/dinhosreef.com\/en\/wp-json\/wp\/v2\/types\/product"}],"replies":[{"embeddable":true,"href":"https:\/\/dinhosreef.com\/en\/wp-json\/wp\/v2\/comments?post=1410782656"}],"wp:featuredmedia":[{"embeddable":true,"href":"https:\/\/dinhosreef.com\/en\/wp-json\/wp\/v2\/media\/1410782655"}],"wp:attachment":[{"href":"https:\/\/dinhosreef.com\/en\/wp-json\/wp\/v2\/media?parent=1410782656"}],"wp:term":[{"taxonomy":"product_brand","embeddable":true,"href":"https:\/\/dinhosreef.com\/en\/wp-json\/wp\/v2\/product_brand?post=1410782656"},{"taxonomy":"product_cat","embeddable":true,"href":"https:\/\/dinhosreef.com\/en\/wp-json\/wp\/v2\/product_cat?post=1410782656"},{"taxonomy":"product_tag","embeddable":true,"href":"https:\/\/dinhosreef.com\/en\/wp-json\/wp\/v2\/product_tag?post=1410782656"}],"curies":[{"name":"wp","href":"https:\/\/api.w.org\/{rel}","templated":true}]}}