{"id":1410782662,"date":"2025-03-20T23:55:32","date_gmt":"2025-03-21T02:55:32","guid":{"rendered":"https:\/\/dinhosreef.com\/produto\/prodibio-reef-booster-30-ampolas\/"},"modified":"2026-04-07T16:03:32","modified_gmt":"2026-04-07T19:03:32","slug":"prodibio-reef-booster-30-ampolas","status":"publish","type":"product","link":"https:\/\/dinhosreef.com\/en\/product\/prodibio-reef-booster-30-ampolas\/","title":{"rendered":"Prodibio Reef Booster 30 Ampolas"},"content":{"rendered":"<p>Prodibio Reef Booster Cx 30 Ampolas Vitaminas De Corais<br \/>\u00a0<br \/>PRODIBIO REEF BOOSTER 30 AMPOLAS DE SUPLEMENTO NUTRITIVO PARA CORAIS E ROCHAS VIVAS.<br \/>\u00a0<br \/>Reef Booster \u00e9 um suplemento de nutrientes micronizado para corais e rochas vivas.<br \/>\u00a0<br \/>Principais Caracter\u00edsticas:<br \/>Reef_Booster favorece o desenvolvimento de corais, am\u00eaijoas e micro-fauna;<br \/>Contribui para a redu\u00e7\u00e3o de nitratos e fosfatos, alimentando e mantendo as bact\u00e9rias anaer\u00f3bias em rochas vivas;<br \/>Cont\u00e9m concentra\u00e7\u00f5es muito altas dos grupos de \u00e1cidos graxos, poli-insaturados de que todos os organismos marinhos precisam;<br \/>Suplemento nutritivo completo, contendo todos os elementos exigidos pelos invertebrados;<br \/>Foi desenvolvido em parceria com especialistas em aquicultura, com base em produtos altamente eficazes usados para iniciar larvas de crust\u00e1ceos, moluscos e bivalves.<br \/>\u00a0<br \/>Instru\u00e7\u00e3o de uso:<br \/>30 Ampolas tratam 6000L.<br \/>Dosagem Nano: 1 ampola a cada 15 dias para 60l.<br \/>Dosagem Nano: 2 ampolas a cada 15 dias para 61l a 120l.<br \/>\u00a0<br \/>Dosagem: 1 ampola a cada 15 dias para 121l a 200l.<br \/>Dosagem: 2 ampolas a cada 15 dias para 201l a 400l.<br \/>Dosagem: 3 ampolas a cada 15 dias para 401l a 600l.<br \/>Dosagem: 4 ampolas a cada 15 dias para 601l a 800l.<br \/>Dosagem: 5 ampolas a cada 15 dias para 801l a 1000l.<br \/>\u00a0<br \/>Obs: Um frasco a cada 15 dias mant\u00e9m uma purifica\u00e7\u00e3o ideal do aqu\u00e1rio.<br \/>Produto com extratos naturais, sujeito a mudan\u00e7as de tonalidade, sem altera\u00e7\u00e3o de sua efic\u00e1cia.<\/p>","protected":false},"excerpt":{"rendered":"<p>Prodibio Reef Booster Cx 30 Ampolas Vitaminas De Corais\u00a0PRODIBIO REEF BOOSTER 30 AMPOLAS DE SUPLEMENTO NUTRITIVO PARA CORAIS E ROCHAS VIVAS.\u00a0Reef Booster \u00e9 um suplemento de nutrientes micronizado para corais e rochas vivas.\u00a0Principais Caracter\u00edsticas:Reef_Booster favorece o desenvolvimento de corais, am\u00eaijoas e micro-fauna;Contribui para a redu\u00e7\u00e3o de nitratos e fosfatos, alimentando e mantendo as bact\u00e9rias anaer\u00f3bias [&hellip;]<\/p>\n","protected":false},"featured_media":1410782659,"comment_status":"open","ping_status":"closed","template":"","meta":{"googlesitekit_rrm_CAow0N7NCw:productID":"","content-type":"","pmpro_default_level":"","_themeisle_gutenberg_block_has_review":false},"product_brand":[],"product_cat":[47],"product_tag":[],"class_list":{"0":"post-1410782662","1":"product","2":"type-product","3":"status-publish","4":"has-post-thumbnail","6":"product_cat-condicionadores-de-agua","7":"aux-has-gallery","8":"pmpro-has-access","10":"first","11":"instock","12":"taxable","13":"shipping-taxable","14":"purchasable","15":"product-type-simple"},"_links":{"self":[{"href":"https:\/\/dinhosreef.com\/en\/wp-json\/wp\/v2\/product\/1410782662","targetHints":{"allow":["GET"]}}],"collection":[{"href":"https:\/\/dinhosreef.com\/en\/wp-json\/wp\/v2\/product"}],"about":[{"href":"https:\/\/dinhosreef.com\/en\/wp-json\/wp\/v2\/types\/product"}],"replies":[{"embeddable":true,"href":"https:\/\/dinhosreef.com\/en\/wp-json\/wp\/v2\/comments?post=1410782662"}],"wp:featuredmedia":[{"embeddable":true,"href":"https:\/\/dinhosreef.com\/en\/wp-json\/wp\/v2\/media\/1410782659"}],"wp:attachment":[{"href":"https:\/\/dinhosreef.com\/en\/wp-json\/wp\/v2\/media?parent=1410782662"}],"wp:term":[{"taxonomy":"product_brand","embeddable":true,"href":"https:\/\/dinhosreef.com\/en\/wp-json\/wp\/v2\/product_brand?post=1410782662"},{"taxonomy":"product_cat","embeddable":true,"href":"https:\/\/dinhosreef.com\/en\/wp-json\/wp\/v2\/product_cat?post=1410782662"},{"taxonomy":"product_tag","embeddable":true,"href":"https:\/\/dinhosreef.com\/en\/wp-json\/wp\/v2\/product_tag?post=1410782662"}],"curies":[{"name":"wp","href":"https:\/\/api.w.org\/{rel}","templated":true}]}}