{"id":1410782665,"date":"2025-03-20T23:58:40","date_gmt":"2025-03-21T02:58:40","guid":{"rendered":"https:\/\/dinhosreef.com\/produto\/prodibio-start-up-30-ampolas\/"},"modified":"2026-04-12T15:52:21","modified_gmt":"2026-04-12T18:52:21","slug":"prodibio-start-up-30-ampolas","status":"publish","type":"product","link":"https:\/\/dinhosreef.com\/en\/product\/prodibio-start-up-30-ampolas\/","title":{"rendered":"PRODIBIO START UP 30 AMPOLAS"},"content":{"rendered":"<p>Prodibio Start Up 30 Ampolas 15 Biodigest + 15 Stop Ammo <br \/>\u00a0 <br \/>PRODIBIO START UP 30 AMPOLAS PARA CICLAGEM UMA MISTURA DE BIODIGEST STARD E STOP AMMO START PARA AQU\u00c1RIO DE \u00c1GUA DOCE E SALGADA. <br \/>\u00a0 <br \/>Envio de 30 ampolas, sendo 15 ampolas BIODIGEST START e 15 ampolas STOP AMMO START. <br \/>\u00a0 <br \/>O Start Up re\u00fane BioDigest Start e Stop Ammo Start, permitindo que voc\u00ea inicie e preencha rapidamente um tanque de \u00e1gua doce ou marinha. <br \/>\u00a0 <br \/>Principais Caracter\u00edsticas: <br \/>Reagrupa BioDigest Start et Stop Ammo Start; <br \/>Inicie um aqu\u00e1rio muito rapidamente (dentro de horas); <br \/>Start Up permite introduzir rapidamente 1\/3 dos seus peixes mais dif\u00edceis no seu <br \/>novo aqu\u00e1rio: <br \/>Depois de 4 horas em \u00e1gua doce; <br \/>Depois de 12 horas em \u00e1gua marinha. <br \/>\u00a0 <br \/>Biodigest Start: <br \/>Composto por estirpes bacterianas vivas; <br \/>A limpeza do aqu\u00e1rio pela digest\u00e3o de res\u00edduos \u00e9 ajudada pela presen\u00e7a de numerosas estirpes diferentes de bact\u00e9rias heterotr\u00f3ficas; <br \/>Os nitratos e fosfatos s\u00e3o reduzidos; <br \/>Permite que a \u00e1gua seja efetivamente purificada; <br \/>Impede a propaga\u00e7\u00e3o de algas filamentosas; <br \/>Converte am\u00f4nia em nitritos &#8211; nitritos em nitratos &#8211; e &#8211; nitratos em nitrog\u00eanio. <br \/>\u00a0 <br \/>Stop Ammo Start: <br \/>Intercepta e interrompe a am\u00f4nia; <br \/>Reduz a produ\u00e7\u00e3o de nitrito; <br \/>Evita que o peixe seja chocado ou morto. <br \/>\u00a0 <br \/>Instru\u00e7\u00e3o de uso: <br \/>30 Ampolas tratam de 360L a 1000L. <br \/>\u00a0 <br \/>Dosagem Nano: 2 ampolas para 60l. <br \/>(Sendo 1 ampola de Biodigest Start e 1 ampola de Stop Ammo Start). <br \/>Dosagem Nano: 4 ampolas para 61l a 120l. <br \/>\u00a0 <br \/>Dosagem: 6 ampolas para 121l a 180l. <br \/>Dosagem: 12 ampolas para 181l a 360l. <br \/>Dosagem: 30 ampolas para 360l a 1000l. <br \/>\u00a0 <br \/>Obs: Para utiliza\u00e7\u00e3o continua a cada 15 dias, segue dosagem normal das ampolas Biodigest e Stop Ammo.<\/p>","protected":false},"excerpt":{"rendered":"<p>Prodibio Start Up 30 Ampolas 15 Biodigest + 15 Stop Ammo \u00a0 PRODIBIO START UP 30 AMPOLAS PARA CICLAGEM UMA MISTURA DE BIODIGEST STARD E STOP AMMO START PARA AQU\u00c1RIO DE \u00c1GUA DOCE E SALGADA. \u00a0 Envio de 30 ampolas, sendo 15 ampolas BIODIGEST START e 15 ampolas STOP AMMO START. \u00a0 O Start Up [&hellip;]<\/p>\n","protected":false},"featured_media":1410782663,"comment_status":"open","ping_status":"closed","template":"","meta":{"googlesitekit_rrm_CAow0N7NCw:productID":"","content-type":"","pmpro_default_level":"","_themeisle_gutenberg_block_has_review":false},"product_brand":[],"product_cat":[47],"product_tag":[],"class_list":{"0":"post-1410782665","1":"product","2":"type-product","3":"status-publish","4":"has-post-thumbnail","6":"product_cat-condicionadores-de-agua","7":"aux-has-gallery","8":"pmpro-has-access","10":"first","11":"outofstock","12":"taxable","13":"shipping-taxable","14":"purchasable","15":"product-type-simple"},"_links":{"self":[{"href":"https:\/\/dinhosreef.com\/en\/wp-json\/wp\/v2\/product\/1410782665","targetHints":{"allow":["GET"]}}],"collection":[{"href":"https:\/\/dinhosreef.com\/en\/wp-json\/wp\/v2\/product"}],"about":[{"href":"https:\/\/dinhosreef.com\/en\/wp-json\/wp\/v2\/types\/product"}],"replies":[{"embeddable":true,"href":"https:\/\/dinhosreef.com\/en\/wp-json\/wp\/v2\/comments?post=1410782665"}],"wp:featuredmedia":[{"embeddable":true,"href":"https:\/\/dinhosreef.com\/en\/wp-json\/wp\/v2\/media\/1410782663"}],"wp:attachment":[{"href":"https:\/\/dinhosreef.com\/en\/wp-json\/wp\/v2\/media?parent=1410782665"}],"wp:term":[{"taxonomy":"product_brand","embeddable":true,"href":"https:\/\/dinhosreef.com\/en\/wp-json\/wp\/v2\/product_brand?post=1410782665"},{"taxonomy":"product_cat","embeddable":true,"href":"https:\/\/dinhosreef.com\/en\/wp-json\/wp\/v2\/product_cat?post=1410782665"},{"taxonomy":"product_tag","embeddable":true,"href":"https:\/\/dinhosreef.com\/en\/wp-json\/wp\/v2\/product_tag?post=1410782665"}],"curies":[{"name":"wp","href":"https:\/\/api.w.org\/{rel}","templated":true}]}}