{"id":1410782669,"date":"2025-03-20T23:59:01","date_gmt":"2025-03-21T02:59:01","guid":{"rendered":"https:\/\/dinhosreef.com\/produto\/prodibio-bioptim-30-ampolas-doce-marinho-novo\/"},"modified":"2026-04-22T09:56:11","modified_gmt":"2026-04-22T12:56:11","slug":"prodibio-bioptim-30-ampolas-doce-marinho-novo","status":"publish","type":"product","link":"https:\/\/dinhosreef.com\/en\/product\/prodibio-bioptim-30-ampolas-doce-marinho-novo\/","title":{"rendered":"Prodibio Bioptim 30 Ampolas Doce\/marinho &#8211; Novo"},"content":{"rendered":"<p>Prodibio Bioptim 30 Ampolas Doce\/marinho<\/p>\n<p>Bioptim \u00e9 uma fonte de carbono e micronutrientes que possibilitam uma atividade depurat\u00f3ria perfeita em aqu\u00e1rios marinhos. Dinamiza o trabalho das bact\u00e9rias, acelera a digest\u00e3o das mat\u00e9rias org\u00e2nicas e melhora a qualidade da \u00e1gua, al\u00e9m de facilitar a elimina\u00e7\u00e3o dos nitratos e fosfatos que levam a apari\u00e7\u00e3o de algas filamentosas e cianobact\u00e9rias.<br \/>\u00a0<br \/>Dosagem: Utilize 1 ampola para cada 120 a 200 litros a cada 15 dias.<br \/>\u00a0<br \/>\u00a0<br \/>Alimento para bact\u00e9rias ben\u00e9ficas presentes em aqu\u00e1rios de agua salgada. Contribui para um elevado potencial redox. Dinamiza o metabolismo celular da maior parte das bact\u00e9rias. Acelera o processo de digest\u00e3o da mat\u00e9ria org\u00e2nica. Facilita a elimina\u00e7\u00e3o de fosfatos e nitratos.<br \/>Informa\u00e7\u00f5es BIOPTIM Cont\u00e9m todos os microelementos necess\u00e1rios para a vida do aqu\u00e1rio (amino\u00e1cidos, enzimas, vitaminas naturais &#8230;)<br \/>\u00a0<br \/>BIOPTIM tamb\u00e9m fornece oligoelementos: &#8211; enxofre para prote\u00ednas &#8211; ferro para plantas e sangue de peixe &#8211; cobalto para vitaminas B &#8211; c\u00e1lcio, magn\u00e9sio, mangan\u00eas, zinco, molibd\u00eanio e pot\u00e1ssio<br \/>\u00a0<br \/>Dinamiza o metabolismo celular da maior parte das bact\u00e9rias que vivem em aqu\u00e1rios de \u00e1gua doce<br \/>BIOPTIM rapidamente acelera a digest\u00e3o da mat\u00e9ria org\u00e2nica.<br \/>Tamb\u00e9m facilita a elimina\u00e7\u00e3o de nitratos e fosfatos<br \/>Quando deve ser usado BIOPTIM?Use em combina\u00e7\u00e3o de Bio Digest bact\u00e9rias<br \/>Quando voc\u00ea quiser ter uma melhor qualidade da \u00e1gua no aqu\u00e1rio de \u00e1gua salgada.<br \/>Bioptim<br \/>Geralmente nos aqu\u00e1rios, os micronutrientes que permitem as bact\u00e9rias digerirem o excesso de mat\u00e9ria org\u00e2nica est\u00e3o frequentemente faltando. Eles j\u00e1 foram removidos pela filtragem ou eliminados durante uma rea\u00e7\u00e3o biol\u00f3gica precedente no aqu\u00e1rio.<br \/>BIOPTIM Marinho fornece as bact\u00e9rias todos os micronutrientes faltantes: elementos tra\u00e7os, amino\u00e1cidos selecionados, vitaminas naturais (Riboflavina) e agentes de superf\u00edcie das plantas para facilitar a absor\u00e7\u00e3o dos componentes pelas c\u00e9lulas.<br \/>BIOPTIM Marinho dinamiza o trabalho das bact\u00e9rias aer\u00f3bicas, anaer\u00f3bicas e facultativas presentes no aqu\u00e1rio. BIOPTIM Marinho permite, pelo aumento e dinamismo destas bact\u00e9rias, uma redu\u00e7\u00e3o nos nitratos, fosfatos e carboidratos, uma diminui\u00e7\u00e3o nos sedimentos e algas filamentosas, e uma melhoria \u00e0 qualidade da \u00e1gua.<br \/>BIOPTIM Marinho reduz a demanda biol\u00f3gica do oxig\u00eanio (BOD) e contribui conseq\u00fcentemente para uma eleva\u00e7\u00e3o no potencial Redox.<br \/>O efeito de probi\u00f3tico de BIOPTIM Marinho reduz infec\u00e7\u00f5es bacterianas e doen\u00e7as de pele. BIOPTIM Marinho em combina\u00e7\u00e3o com BIO DIGEST revitaliza seu aqu\u00e1rio. O resultado \u00e9 um aqu\u00e1rio limpo, peixes saud\u00e1veis, e corais vicejantes.<br \/>Composi\u00e7\u00e3o:<br \/>Elementos tra\u00e7os essenciais: Boro, C\u00e1lcio, Ferro, Magn\u00e9sio, Mangan\u00eas, Molibd\u00eanio, Pot\u00e1ssio, Enxofre, Zinco, etc.<br \/>\u00a0<br \/>Como usar:<br \/>1 ampola para cada 200 litros a cada 15 dias. (Uma seringa de 3 ou 5 ml pode ser \u00fatil para retirar o produto da ampola, lave a ampola com \u00e1gua do aqu\u00e1rio para completo aproveitamento).<br \/>\u00a0<br \/>Se estiver usando BIO DIGEST semanalmente usar BIOPTIM tamb\u00e9m semanalmente.<br \/>RECOMENDAMOS QUE SE DESLIGUEM FILTROS U.V. E OZONIZADORES POR 12 HORAS SEMPRE QUE SE UTILIZAR QUALQUER PRODUTO PRODIBIO.<br \/>\u00a0<br \/>Mantenha fora do alcance de crian\u00e7as.<br \/>Evite contato com a pele e olhos.<br \/>Jogue a ampola quebrada fora com seguran\u00e7a.<\/p>","protected":false},"excerpt":{"rendered":"<p>Prodibio Bioptim 30 Ampolas Doce\/marinho Bioptim \u00e9 uma fonte de carbono e micronutrientes que possibilitam uma atividade depurat\u00f3ria perfeita em aqu\u00e1rios marinhos. Dinamiza o trabalho das bact\u00e9rias, acelera a digest\u00e3o das mat\u00e9rias org\u00e2nicas e melhora a qualidade da \u00e1gua, al\u00e9m de facilitar a elimina\u00e7\u00e3o dos nitratos e fosfatos que levam a apari\u00e7\u00e3o de algas filamentosas [&hellip;]<\/p>\n","protected":false},"featured_media":1410782666,"comment_status":"open","ping_status":"closed","template":"","meta":{"googlesitekit_rrm_CAow0N7NCw:productID":"","content-type":"","pmpro_default_level":"","_themeisle_gutenberg_block_has_review":false},"product_brand":[],"product_cat":[47],"product_tag":[],"class_list":{"0":"post-1410782669","1":"product","2":"type-product","3":"status-publish","4":"has-post-thumbnail","6":"product_cat-condicionadores-de-agua","7":"aux-has-gallery","8":"pmpro-has-access","10":"first","11":"instock","12":"taxable","13":"shipping-taxable","14":"purchasable","15":"product-type-simple"},"_links":{"self":[{"href":"https:\/\/dinhosreef.com\/en\/wp-json\/wp\/v2\/product\/1410782669","targetHints":{"allow":["GET"]}}],"collection":[{"href":"https:\/\/dinhosreef.com\/en\/wp-json\/wp\/v2\/product"}],"about":[{"href":"https:\/\/dinhosreef.com\/en\/wp-json\/wp\/v2\/types\/product"}],"replies":[{"embeddable":true,"href":"https:\/\/dinhosreef.com\/en\/wp-json\/wp\/v2\/comments?post=1410782669"}],"wp:featuredmedia":[{"embeddable":true,"href":"https:\/\/dinhosreef.com\/en\/wp-json\/wp\/v2\/media\/1410782666"}],"wp:attachment":[{"href":"https:\/\/dinhosreef.com\/en\/wp-json\/wp\/v2\/media?parent=1410782669"}],"wp:term":[{"taxonomy":"product_brand","embeddable":true,"href":"https:\/\/dinhosreef.com\/en\/wp-json\/wp\/v2\/product_brand?post=1410782669"},{"taxonomy":"product_cat","embeddable":true,"href":"https:\/\/dinhosreef.com\/en\/wp-json\/wp\/v2\/product_cat?post=1410782669"},{"taxonomy":"product_tag","embeddable":true,"href":"https:\/\/dinhosreef.com\/en\/wp-json\/wp\/v2\/product_tag?post=1410782669"}],"curies":[{"name":"wp","href":"https:\/\/api.w.org\/{rel}","templated":true}]}}