{"id":1410782673,"date":"2025-03-20T23:59:26","date_gmt":"2025-03-21T02:59:26","guid":{"rendered":"https:\/\/dinhosreef.com\/produto\/prodibio-stop-ammo-30-ampolas\/"},"modified":"2026-05-11T13:29:55","modified_gmt":"2026-05-11T16:29:55","slug":"prodibio-stop-ammo-30-ampolas","status":"publish","type":"product","link":"https:\/\/dinhosreef.com\/en\/product\/prodibio-stop-ammo-30-ampolas\/","title":{"rendered":"Prodibio Stop Ammo 30 Ampolas"},"content":{"rendered":"<p>Prodibio Stop Ammo Cx 30 Ampolas Neutralizador Am\u00f4nia<br \/>\u00a0<br \/>1 ampola trata de 120 a 200 litros, utilizar a cada 15 dias.<br \/>Stop Ammo \u00e9 um extracto natural vegetal que captura o amon\u00edaco e limita assim a produ\u00e7\u00e3o dos nitritos nas \u00e1guas de aqu\u00e1rio e de transporte dos peixes. Pode ser utilizado para aclimatar sem risco os peixes, as rochas vivas e os invertebrados.<br \/>Stop Ammo, utilizado em conjunto com Biodigest, fornece uma solu\u00e7\u00e3o aos problemas que ocorrem na aquariofilia (subidas de nitritos, polui\u00e7\u00e3o acidental, excesso de alimentos)<br \/>\u00a0<br \/>PRODIBIO STOP AMMO 30 AMPOLAS PARA NEUTRALIZAR AM\u00d4NIA DE AQU\u00c1RIO DE \u00c1GUA DOCE E SALGADA.<br \/>\u00a0<br \/>O Stop Ammo \u00e9 eficaz em \u00e1gua doce e \u00e1gua marinha, ele \u00e9 um extrato natural de planta que neutraliza a am\u00f4nia e reduz a produ\u00e7\u00e3o de nitritos em aqu\u00e1rios e \u00e1gua usada no transporte de peixes.<br \/>\u00a0<br \/>Principais Caracter\u00edsticas:<br \/>Neutralizador de am\u00f4nia;<br \/>Limita e reduz a propor\u00e7\u00e3o de nitritos;<br \/>Impede que o peixe seja estressado ou morto;<br \/>O produto \u00e9 produzido a partir de extratos de plantas especialmente selecionadas, com capacidade de capturar nitrog\u00eanio amoniacal;<br \/>As saponinas foram removidas para tornar o extrato vegetal adequado.<br \/>\u00a0<br \/>Instru\u00e7\u00e3o de uso:<br \/>\u00a0<br \/>30 Ampolas tratam 6000L.<br \/>\u00a0<br \/>Dosagem: Gama Nano a cada 15 dias para 0 a 120l.<br \/>Dosagem: 1 ampola a cada 15 dias para 120l a 200l.<br \/>Dosagem: 2 ampolas a cada 15 dias para 201l a 400l.<br \/>Dosagem: 3 ampolas a cada 15 dias para 401l a 600l.<br \/>Dosagem: 4 ampolas a cada 15 dias para 601l a 800l.<br \/>Dosagem: 5 ampolas a cada 15 dias para 801l a 1000l.<br \/>\u00a0<br \/>Obs: Um frasco a cada 15 dias mant\u00e9m uma purifica\u00e7\u00e3o ideal do aqu\u00e1rio.<\/p>","protected":false},"excerpt":{"rendered":"<p>Prodibio Stop Ammo Cx 30 Ampolas Neutralizador Am\u00f4nia\u00a01 ampola trata de 120 a 200 litros, utilizar a cada 15 dias.Stop Ammo \u00e9 um extracto natural vegetal que captura o amon\u00edaco e limita assim a produ\u00e7\u00e3o dos nitritos nas \u00e1guas de aqu\u00e1rio e de transporte dos peixes. Pode ser utilizado para aclimatar sem risco os peixes, [&hellip;]<\/p>\n","protected":false},"featured_media":1410782670,"comment_status":"open","ping_status":"closed","template":"","meta":{"googlesitekit_rrm_CAow0N7NCw:productID":"","content-type":"","pmpro_default_level":"","_themeisle_gutenberg_block_has_review":false},"product_brand":[],"product_cat":[47],"product_tag":[],"class_list":{"0":"post-1410782673","1":"product","2":"type-product","3":"status-publish","4":"has-post-thumbnail","6":"product_cat-condicionadores-de-agua","7":"aux-has-gallery","8":"pmpro-has-access","10":"first","11":"outofstock","12":"taxable","13":"shipping-taxable","14":"purchasable","15":"product-type-simple"},"_links":{"self":[{"href":"https:\/\/dinhosreef.com\/en\/wp-json\/wp\/v2\/product\/1410782673","targetHints":{"allow":["GET"]}}],"collection":[{"href":"https:\/\/dinhosreef.com\/en\/wp-json\/wp\/v2\/product"}],"about":[{"href":"https:\/\/dinhosreef.com\/en\/wp-json\/wp\/v2\/types\/product"}],"replies":[{"embeddable":true,"href":"https:\/\/dinhosreef.com\/en\/wp-json\/wp\/v2\/comments?post=1410782673"}],"wp:featuredmedia":[{"embeddable":true,"href":"https:\/\/dinhosreef.com\/en\/wp-json\/wp\/v2\/media\/1410782670"}],"wp:attachment":[{"href":"https:\/\/dinhosreef.com\/en\/wp-json\/wp\/v2\/media?parent=1410782673"}],"wp:term":[{"taxonomy":"product_brand","embeddable":true,"href":"https:\/\/dinhosreef.com\/en\/wp-json\/wp\/v2\/product_brand?post=1410782673"},{"taxonomy":"product_cat","embeddable":true,"href":"https:\/\/dinhosreef.com\/en\/wp-json\/wp\/v2\/product_cat?post=1410782673"},{"taxonomy":"product_tag","embeddable":true,"href":"https:\/\/dinhosreef.com\/en\/wp-json\/wp\/v2\/product_tag?post=1410782673"}],"curies":[{"name":"wp","href":"https:\/\/api.w.org\/{rel}","templated":true}]}}