{"id":1410782708,"date":"2025-03-21T15:18:23","date_gmt":"2025-03-21T18:18:23","guid":{"rendered":"https:\/\/dinhosreef.com\/produto\/hepatus-blue-tang-8-a-10cm\/"},"modified":"2026-04-15T13:35:01","modified_gmt":"2026-04-15T16:35:01","slug":"hepatus-blue-tang-8-a-10cm","status":"publish","type":"product","link":"https:\/\/dinhosreef.com\/en\/product\/hepatus-blue-tang-8-a-10cm\/","title":{"rendered":"Hepatus Blue Tang 8 a 10CM"},"content":{"rendered":"<p>Paracanthurus hepatus, conhecido como cirurgi\u00e3o-patela, \u00e9 um peixe de tamanho m\u00e9dio, colorido e que vive em recifes. Pertence \u00e0 fam\u00edlia Acanthuridae, sendo o \u00fanico membro do g\u00eanero Paracanthurus.<\/p>\n<p>Nome cient\u00edfico: Paracanthurus hepatus<\/p>\n<p>Expectativa de Vida: 8 \u2013 20 anos (em cativeiro)<\/p>\n<p>Comprimento: 25 \u2013 31 cm (Adulto)<\/p>\n<p>Peso: 600 g (Adulto)<\/p>\n<p>Classifica\u00e7\u00e3o superior: Paracanthurus<\/p>\n<p>Classifica\u00e7\u00e3o: Esp\u00e9cie<\/p>\n<p><strong data-redactor-tag=\"strong\">Caracter\u00edsticas<\/strong><\/p>\n<p>Porte: Grande<\/p>\n<p>Litragem M\u00ednima: 300 L<\/p>\n<p>Alimenta\u00e7\u00e3o: F\u00e1cil<\/p>\n<p>Dificuldade: Baixa<\/p>\n<p>Agressivo com outros peixes: Baixa<\/p>\n<p>Agressivo com mesmo: M\u00e9dia<\/p>\n<p>Come corais: M\u00e9dia<\/p>\n<p>Come invertebrados: N\u00e3o<\/p>","protected":false},"excerpt":{"rendered":"<p>Paracanthurus hepatus, conhecido como cirurgi\u00e3o-patela, \u00e9 um peixe de tamanho m\u00e9dio, colorido e que vive em recifes. Pertence \u00e0 fam\u00edlia Acanthuridae, sendo o \u00fanico membro do g\u00eanero Paracanthurus. Nome cient\u00edfico: Paracanthurus hepatus Expectativa de Vida: 8 \u2013 20 anos (em cativeiro) Comprimento: 25 \u2013 31 cm (Adulto) Peso: 600 g (Adulto) Classifica\u00e7\u00e3o superior: Paracanthurus Classifica\u00e7\u00e3o: [&hellip;]<\/p>\n","protected":false},"featured_media":1410782707,"comment_status":"open","ping_status":"closed","template":"","meta":{"googlesitekit_rrm_CAow0N7NCw:productID":"","content-type":"","pmpro_default_level":"","_themeisle_gutenberg_block_has_review":false},"product_brand":[],"product_cat":[186,170,202,220],"product_tag":[],"class_list":{"0":"post-1410782708","1":"product","2":"type-product","3":"status-publish","4":"has-post-thumbnail","6":"product_cat-animais-vivos","7":"product_cat-peixes-marinhos","8":"product_cat-tangs-e-cirurgioes","9":"product_cat-todos-os-peixes-de-agua-salgada","10":"product_shipping_class-animais-vivos","11":"pmpro-has-access","13":"first","14":"outofstock","15":"taxable","16":"shipping-taxable","17":"purchasable","18":"product-type-simple"},"_links":{"self":[{"href":"https:\/\/dinhosreef.com\/en\/wp-json\/wp\/v2\/product\/1410782708","targetHints":{"allow":["GET"]}}],"collection":[{"href":"https:\/\/dinhosreef.com\/en\/wp-json\/wp\/v2\/product"}],"about":[{"href":"https:\/\/dinhosreef.com\/en\/wp-json\/wp\/v2\/types\/product"}],"replies":[{"embeddable":true,"href":"https:\/\/dinhosreef.com\/en\/wp-json\/wp\/v2\/comments?post=1410782708"}],"wp:featuredmedia":[{"embeddable":true,"href":"https:\/\/dinhosreef.com\/en\/wp-json\/wp\/v2\/media\/1410782707"}],"wp:attachment":[{"href":"https:\/\/dinhosreef.com\/en\/wp-json\/wp\/v2\/media?parent=1410782708"}],"wp:term":[{"taxonomy":"product_brand","embeddable":true,"href":"https:\/\/dinhosreef.com\/en\/wp-json\/wp\/v2\/product_brand?post=1410782708"},{"taxonomy":"product_cat","embeddable":true,"href":"https:\/\/dinhosreef.com\/en\/wp-json\/wp\/v2\/product_cat?post=1410782708"},{"taxonomy":"product_tag","embeddable":true,"href":"https:\/\/dinhosreef.com\/en\/wp-json\/wp\/v2\/product_tag?post=1410782708"}],"curies":[{"name":"wp","href":"https:\/\/api.w.org\/{rel}","templated":true}]}}