{"id":1410782717,"date":"2025-03-21T16:23:52","date_gmt":"2025-03-21T19:23:52","guid":{"rendered":"https:\/\/dinhosreef.com\/produto\/luminaria-aquario-marinho-oceantech-9w-nano-light-marine-30\/"},"modified":"2026-01-19T10:27:48","modified_gmt":"2026-01-19T13:27:48","slug":"luminaria-aquario-marinho-oceantech-9w-nano-light-marine-30","status":"publish","type":"product","link":"https:\/\/dinhosreef.com\/en\/product\/luminaria-aquario-marinho-oceantech-9w-nano-light-marine-30\/","title":{"rendered":"Lumin\u00e1ria Aqu\u00e1rio Marinho Oceantech 9w Nano Light Marine 30"},"content":{"rendered":"<p>***************************************************************************** Produto 100% original. Garanta a qualidade do que utiliza em seu aqu\u00e1rio. ***************************************************************************** ATEN\u00c7\u00c3O, NOVO MODELO COM LEDS ATUALIZADOS E 8W DE POTENCIA Lumin\u00e1ria LED para Aqu\u00e1rios LUMINARIA NANO LIGHT 30 MARINE BLACK BIVOLT \u2022 fixa\u00e7\u00e3o direta no vidro \u2022 Essa lumin\u00e1ria de extrema qualidade vai trazer eleg\u00e2ncia e sofistica\u00e7\u00e3o ao seu aqu\u00e1rio. \u2022 Possui sistema TOUCH (sens\u00edvel ao toque). . 18 led\u2019s sendo: 12 x ice white 15k \/ 6 deep blue 450nm \u2022 Pot\u00eancia 8W \/ 792 l\u00famens \u2022 Ideal para nano reef marinho e pequenos aqu\u00e1rios Marinhos ou de ciclideos africanos. \u2022 Acionamento dos Leds TOUCH (por toque), podendo opetar pelas seguintes tonlidades: &#8211; S\u00f3 Branco &#8211; S\u00f3 Azul &#8211; Todos os Leds acesos &#8211; Todos apagados *** Fonte inclusa *** *** BIVOLT *** Dimens\u00f5es: 38cm x 4,5cm (aproximadamente).<\/p>","protected":false},"excerpt":{"rendered":"<p>***************************************************************************** Produto 100% original. Garanta a qualidade do que utiliza em seu aqu\u00e1rio. ***************************************************************************** ATEN\u00c7\u00c3O, NOVO MODELO COM LEDS ATUALIZADOS E 8W DE POTENCIA Lumin\u00e1ria LED para Aqu\u00e1rios LUMINARIA NANO LIGHT 30 MARINE BLACK BIVOLT \u2022 fixa\u00e7\u00e3o direta no vidro \u2022 Essa lumin\u00e1ria de extrema qualidade vai trazer eleg\u00e2ncia e sofistica\u00e7\u00e3o ao seu aqu\u00e1rio. \u2022 [&hellip;]<\/p>\n","protected":false},"featured_media":1410782716,"comment_status":"open","ping_status":"closed","template":"","meta":{"googlesitekit_rrm_CAow0N7NCw:productID":"","content-type":"","pmpro_default_level":"","_themeisle_gutenberg_block_has_review":false},"product_brand":[],"product_cat":[59],"product_tag":[],"class_list":{"0":"post-1410782717","1":"product","2":"type-product","3":"status-publish","4":"has-post-thumbnail","6":"product_cat-iluminacao-para-aquarios","7":"pmpro-has-access","9":"first","10":"outofstock","11":"taxable","12":"shipping-taxable","13":"purchasable","14":"product-type-variable"},"_links":{"self":[{"href":"https:\/\/dinhosreef.com\/en\/wp-json\/wp\/v2\/product\/1410782717","targetHints":{"allow":["GET"]}}],"collection":[{"href":"https:\/\/dinhosreef.com\/en\/wp-json\/wp\/v2\/product"}],"about":[{"href":"https:\/\/dinhosreef.com\/en\/wp-json\/wp\/v2\/types\/product"}],"replies":[{"embeddable":true,"href":"https:\/\/dinhosreef.com\/en\/wp-json\/wp\/v2\/comments?post=1410782717"}],"wp:featuredmedia":[{"embeddable":true,"href":"https:\/\/dinhosreef.com\/en\/wp-json\/wp\/v2\/media\/1410782716"}],"wp:attachment":[{"href":"https:\/\/dinhosreef.com\/en\/wp-json\/wp\/v2\/media?parent=1410782717"}],"wp:term":[{"taxonomy":"product_brand","embeddable":true,"href":"https:\/\/dinhosreef.com\/en\/wp-json\/wp\/v2\/product_brand?post=1410782717"},{"taxonomy":"product_cat","embeddable":true,"href":"https:\/\/dinhosreef.com\/en\/wp-json\/wp\/v2\/product_cat?post=1410782717"},{"taxonomy":"product_tag","embeddable":true,"href":"https:\/\/dinhosreef.com\/en\/wp-json\/wp\/v2\/product_tag?post=1410782717"}],"curies":[{"name":"wp","href":"https:\/\/api.w.org\/{rel}","templated":true}]}}