{"id":1410782786,"date":"2025-03-22T14:03:06","date_gmt":"2025-03-22T17:03:06","guid":{"rendered":"https:\/\/dinhosreef.com\/produto\/coral-leather-devil-hand\/"},"modified":"2026-03-21T17:08:12","modified_gmt":"2026-03-21T20:08:12","slug":"coral-leather-devil-hand","status":"publish","type":"product","link":"https:\/\/dinhosreef.com\/en\/product\/coral-leather-devil-hand\/","title":{"rendered":"Coral Leather  Devil Hand"},"content":{"rendered":"<p><strong><span style=\"vertical-align: inherit;\"><span style=\"vertical-align: inherit;\">Couro Coral\u00a0<\/span><\/span><\/strong><\/p>\n<p><strong><span style=\"vertical-align: inherit;\"><span style=\"vertical-align: inherit;\">Sinularia \u00e9 um g\u00eanero de coral mole da fam\u00edlia Alcyoniidae. Eles s\u00e3o comumente conhecidos como corais de couro e atualmente t\u00eam 166 esp\u00e9cies descritas no g\u00eanero.<\/span><\/span><\/strong><\/p>\n<p><strong>\u00a0<\/strong><\/p>\n<p><strong><span style=\"vertical-align: inherit;\"><span style=\"vertical-align: inherit;\">Nome cient\u00edfico: Sinularia<\/span><\/span><\/strong><\/p>\n<p><strong><span style=\"vertical-align: inherit;\"><span style=\"vertical-align: inherit;\">Classifica\u00e7\u00e3o: G\u00eanero<\/span><\/span><\/strong><\/p>\n<p><strong><span style=\"vertical-align: inherit;\"><span style=\"vertical-align: inherit;\">Classifica\u00e7\u00e3o superior: Alcyoniidae<\/span><\/span><\/strong><\/p>\n<p><strong>\u00a0<\/strong><\/p>\n<p><strong><span style=\"vertical-align: inherit;\"><span style=\"vertical-align: inherit;\">Caracter\u00edsticas<\/span><\/span><\/strong><\/p>\n<p><strong>\u00a0<\/strong><\/p>\n<p><strong><span style=\"vertical-align: inherit;\"><span style=\"vertical-align: inherit;\">Alimenta\u00e7\u00e3o: F\u00e1cil<\/span><\/span><\/strong><\/p>\n<p><strong><span style=\"vertical-align: inherit;\"><span style=\"vertical-align: inherit;\">Circula\u00e7\u00e3o: M\u00e9dia<\/span><\/span><\/strong><\/p>\n<p><strong><span style=\"vertical-align: inherit;\"><span style=\"vertical-align: inherit;\">Ilumina\u00e7\u00e3o: M\u00e9dia<\/span><\/span><\/strong><\/p>\n<p><strong><span style=\"vertical-align: inherit;\"><span style=\"vertical-align: inherit;\">Dificuldade: F\u00e1cil<\/span><\/span><\/strong><\/p>\n<p><strong><span style=\"vertical-align: inherit;\"><span style=\"vertical-align: inherit;\">Agressivo com outras esp\u00e9cies: M\u00e9dia<\/span><\/span><\/strong><\/p>\n<p><strong><span style=\"vertical-align: inherit;\"><span style=\"vertical-align: inherit;\">Agressivo com o mesmo: N\u00e3o<\/span><\/span><\/strong><\/p>","protected":false},"excerpt":{"rendered":"<p>Couro Coral\u00a0 Sinularia \u00e9 um g\u00eanero de coral mole da fam\u00edlia Alcyoniidae. Eles s\u00e3o comumente conhecidos como corais de couro e atualmente t\u00eam 166 esp\u00e9cies descritas no g\u00eanero. \u00a0 Nome cient\u00edfico: Sinularia Classifica\u00e7\u00e3o: G\u00eanero Classifica\u00e7\u00e3o superior: Alcyoniidae \u00a0 Caracter\u00edsticas \u00a0 Alimenta\u00e7\u00e3o: F\u00e1cil Circula\u00e7\u00e3o: M\u00e9dia Ilumina\u00e7\u00e3o: M\u00e9dia Dificuldade: F\u00e1cil Agressivo com outras esp\u00e9cies: M\u00e9dia Agressivo com [&hellip;]<\/p>\n","protected":false},"featured_media":1410782785,"comment_status":"open","ping_status":"closed","template":"","meta":{"googlesitekit_rrm_CAow0N7NCw:productID":"","content-type":"","pmpro_default_level":"","_themeisle_gutenberg_block_has_review":false},"product_brand":[],"product_cat":[186,176,178,180],"product_tag":[],"class_list":{"0":"post-1410782786","1":"product","2":"type-product","3":"status-publish","4":"has-post-thumbnail","6":"product_cat-animais-vivos","7":"product_cat-corais","8":"product_cat-soft","9":"product_cat-todos","10":"product_shipping_class-animais-vivos","11":"pmpro-has-access","13":"first","14":"outofstock","15":"taxable","16":"shipping-taxable","17":"purchasable","18":"product-type-simple"},"_links":{"self":[{"href":"https:\/\/dinhosreef.com\/en\/wp-json\/wp\/v2\/product\/1410782786","targetHints":{"allow":["GET"]}}],"collection":[{"href":"https:\/\/dinhosreef.com\/en\/wp-json\/wp\/v2\/product"}],"about":[{"href":"https:\/\/dinhosreef.com\/en\/wp-json\/wp\/v2\/types\/product"}],"replies":[{"embeddable":true,"href":"https:\/\/dinhosreef.com\/en\/wp-json\/wp\/v2\/comments?post=1410782786"}],"wp:featuredmedia":[{"embeddable":true,"href":"https:\/\/dinhosreef.com\/en\/wp-json\/wp\/v2\/media\/1410782785"}],"wp:attachment":[{"href":"https:\/\/dinhosreef.com\/en\/wp-json\/wp\/v2\/media?parent=1410782786"}],"wp:term":[{"taxonomy":"product_brand","embeddable":true,"href":"https:\/\/dinhosreef.com\/en\/wp-json\/wp\/v2\/product_brand?post=1410782786"},{"taxonomy":"product_cat","embeddable":true,"href":"https:\/\/dinhosreef.com\/en\/wp-json\/wp\/v2\/product_cat?post=1410782786"},{"taxonomy":"product_tag","embeddable":true,"href":"https:\/\/dinhosreef.com\/en\/wp-json\/wp\/v2\/product_tag?post=1410782786"}],"curies":[{"name":"wp","href":"https:\/\/api.w.org\/{rel}","templated":true}]}}